{"id":3699,"date":"2026-03-26T16:27:45","date_gmt":"2026-03-26T08:27:45","guid":{"rendered":"https:\/\/www.andelutech.com\/?post_type=product&#038;p=3699"},"modified":"2026-03-26T16:28:32","modified_gmt":"2026-03-26T08:28:32","slug":"and209-photonics-integrated-dual-axis-fiber-optic-gyro","status":"publish","type":"product","link":"https:\/\/www.andelutech.com\/tr\/product\/and209-photonics-integrated-dual-axis-fiber-optic-gyro\/","title":{"rendered":"AND209 Photonics integrated dual-axis fiber optic gyro"},"content":{"rendered":"","protected":false},"excerpt":{"rendered":"<p>Ana performans g\u00f6stergeleri<\/p>\n<p>S\u0131f\u0131r \u00f6nyarg\u0131 istikrar\u0131: \u226410 \u00b0 \/ h (10s, 1\u03c3)<\/p>\n<p>S\u0131f\u0131r \u00f6nyarg\u0131 tekrarlanabilirli\u011fi: \u226410 \u00b0 \/ h<\/p>\n<p>De\u011fi\u015fken s\u0131cakl\u0131k istikrar\u0131: \u226450 \u00b0 \/ h<\/p>\n<p>\u00d6l\u00e7ek fakt\u00f6r\u00fc do\u011frusal olmayan: \u22645000ppm<\/p>\n<p>Tam s\u0131cakl\u0131k \u00f6l\u00e7eki tekrarlanabilirli\u011fi: \u2264% 5 (p-p)<\/p>\n<p>Dinamik aral\u0131\u011f\u0131: \u00b1 600 \u00b0 \/ s<\/p>\n<p>Rasgele dola\u015fma: \u22640.002 \u00b0 \/ \u221a h<\/p>\n<p>Fiziksel \u00f6zellikler<\/p>\n<p>Boyutlar: \u03a648mm \u00d7 53mm<\/p>\n<p>A\u011f\u0131rl\u0131k: 165g \u00b1 10g<\/p>\n<p>\u00dcr\u00fcn aray\u00fcz\u00fc<\/p>\n<p>G\u00fc\u00e7 kayna\u011f\u0131 gereksinimleri: + 5V<\/p>\n<p>\u00c7\u0131k\u0131\u015f formu: Analog voltaj<\/p>\n<p>\u00c7evresel uyarlanabilirlik<\/p>\n<p>\u00c7al\u0131\u015fma s\u0131cakl\u0131\u011f\u0131: -50 \u2103 - 75 \u2103<\/p>\n<p>Depolama s\u0131cakl\u0131\u011f\u0131: -55 \u2103 - 85 \u2103<\/p>\n<p>Darbeye dayan\u0131kl\u0131: 500g<\/p>\n<p>Rasgele titre\u015fimlere dayan\u0131kl\u0131: 20g<\/p>\n<p>H\u0131zland\u0131rma direnci: 70g<\/p>\n<p>\u00dcr\u00fcn \u00f6zellikleri<\/p>\n<p>K\u00fc\u00e7\u00fck boyut, d\u00fc\u015f\u00fck g\u00fc\u00e7 t\u00fcketimi, d\u00fc\u015f\u00fck maliyet, y\u00fcksek g\u00fcvenilirlik Uygulamalar: aray\u0131c\u0131, tutum kontrol\u00fc<\/p>","protected":false},"featured_media":3311,"comment_status":"closed","ping_status":"closed","template":"","meta":[],"product_brand":[],"product_cat":[22],"product_tag":[],"class_list":{"0":"post-3699","1":"product","2":"type-product","3":"status-publish","4":"has-post-thumbnail","6":"product_cat-gyro-sensor","8":"first","9":"instock","10":"shipping-taxable","11":"product-type-simple"},"_links":{"self":[{"href":"https:\/\/www.andelutech.com\/tr\/wp-json\/wp\/v2\/product\/3699","targetHints":{"allow":["GET"]}}],"collection":[{"href":"https:\/\/www.andelutech.com\/tr\/wp-json\/wp\/v2\/product"}],"about":[{"href":"https:\/\/www.andelutech.com\/tr\/wp-json\/wp\/v2\/types\/product"}],"replies":[{"embeddable":true,"href":"https:\/\/www.andelutech.com\/tr\/wp-json\/wp\/v2\/comments?post=3699"}],"wp:featuredmedia":[{"embeddable":true,"href":"https:\/\/www.andelutech.com\/tr\/wp-json\/wp\/v2\/media\/3311"}],"wp:attachment":[{"href":"https:\/\/www.andelutech.com\/tr\/wp-json\/wp\/v2\/media?parent=3699"}],"wp:term":[{"taxonomy":"product_brand","embeddable":true,"href":"https:\/\/www.andelutech.com\/tr\/wp-json\/wp\/v2\/product_brand?post=3699"},{"taxonomy":"product_cat","embeddable":true,"href":"https:\/\/www.andelutech.com\/tr\/wp-json\/wp\/v2\/product_cat?post=3699"},{"taxonomy":"product_tag","embeddable":true,"href":"https:\/\/www.andelutech.com\/tr\/wp-json\/wp\/v2\/product_tag?post=3699"}],"curies":[{"name":"wp","href":"https:\/\/api.w.org\/{rel}","templated":true}]}}