{"id":3126,"date":"2025-08-07T14:39:24","date_gmt":"2025-08-07T06:39:24","guid":{"rendered":"https:\/\/www.andelutech.com\/?post_type=product&#038;p=3126"},"modified":"2025-08-27T15:10:48","modified_gmt":"2025-08-27T07:10:48","slug":"py-series-circular-electrical-connector-2","status":"publish","type":"product","link":"https:\/\/www.andelutech.com\/tr\/product\/py-series-circular-electrical-connector-2\/","title":{"rendered":"PY Serisi Dairesel Elektrik Ba\u011flay\u0131c\u0131s\u0131"},"content":{"rendered":"","protected":false},"excerpt":{"rendered":"<p>Seri \u00fcr\u00fcnleri HB6-77-83 teknik uygundur<\/p>\n<p>H\u0131zl\u0131 ba\u011flant\u0131, y\u00fcksek temas taraf\u0131ndan \u00f6zelle\u015ftirilen gereksinimler<\/p>\n<p>g\u00fcvenilirlik ve di\u011ferleri, ve elektrik ba\u011flant\u0131s\u0131 i\u00e7in kullan\u0131l\u0131r<\/p>\n<p>havac\u0131l\u0131k, araba ve di\u011fer elektrikli ekipmanlar.<\/p>","protected":false},"featured_media":3127,"comment_status":"closed","ping_status":"closed","template":"","meta":[],"product_brand":[],"product_cat":[36],"product_tag":[],"class_list":{"0":"post-3126","1":"product","2":"type-product","3":"status-publish","4":"has-post-thumbnail","6":"product_cat-electrical-connector","8":"first","9":"instock","10":"shipping-taxable","11":"product-type-simple"},"_links":{"self":[{"href":"https:\/\/www.andelutech.com\/tr\/wp-json\/wp\/v2\/product\/3126","targetHints":{"allow":["GET"]}}],"collection":[{"href":"https:\/\/www.andelutech.com\/tr\/wp-json\/wp\/v2\/product"}],"about":[{"href":"https:\/\/www.andelutech.com\/tr\/wp-json\/wp\/v2\/types\/product"}],"replies":[{"embeddable":true,"href":"https:\/\/www.andelutech.com\/tr\/wp-json\/wp\/v2\/comments?post=3126"}],"wp:featuredmedia":[{"embeddable":true,"href":"https:\/\/www.andelutech.com\/tr\/wp-json\/wp\/v2\/media\/3127"}],"wp:attachment":[{"href":"https:\/\/www.andelutech.com\/tr\/wp-json\/wp\/v2\/media?parent=3126"}],"wp:term":[{"taxonomy":"product_brand","embeddable":true,"href":"https:\/\/www.andelutech.com\/tr\/wp-json\/wp\/v2\/product_brand?post=3126"},{"taxonomy":"product_cat","embeddable":true,"href":"https:\/\/www.andelutech.com\/tr\/wp-json\/wp\/v2\/product_cat?post=3126"},{"taxonomy":"product_tag","embeddable":true,"href":"https:\/\/www.andelutech.com\/tr\/wp-json\/wp\/v2\/product_tag?post=3126"}],"curies":[{"name":"wp","href":"https:\/\/api.w.org\/{rel}","templated":true}]}}