{"id":3124,"date":"2025-08-07T14:36:22","date_gmt":"2025-08-07T06:36:22","guid":{"rendered":"https:\/\/www.andelutech.com\/?post_type=product&#038;p=3124"},"modified":"2025-08-27T14:55:49","modified_gmt":"2025-08-27T06:55:49","slug":"gp-series-circular-electrical-connector-2","status":"publish","type":"product","link":"https:\/\/www.andelutech.com\/tr\/product\/gp-series-circular-electrical-connector-2\/","title":{"rendered":"GP Serisi Dairesel Elektrik Konnekt\u00f6r\u00fc"},"content":{"rendered":"","protected":false},"excerpt":{"rendered":"<p>P elektrik konnekt\u00f6r\u00fcn\u00fcn de\u011fi\u015ftirilmi\u015f \u00fcr\u00fcn\u00fc<\/p>\n<p>Montaj ve konumland\u0131rma boyutu P ile tamamen tutarl\u0131d\u0131r<\/p>\n<p>10 kabuk boyutu ve 5 temas \u00f6zellikleri<\/p>\n<p>Bayonet h\u0131zl\u0131 ba\u011flant\u0131<\/p>\n<p>K\u00f6r ekleme fonksiyonu ile be\u015f anahtar konumland\u0131rma<\/p>\n<p>Be\u015f anahtarl\u0131 konumland\u0131rma tan\u0131mlamas\u0131 yanl\u0131\u015f eklemeyi \u00f6nleyebilir<\/p>\n<p>Y\u00fcksek g\u00fcvenilir \u00e7ift e\u011fri springtac TM<\/p>\n<p>Tamamen kapal\u0131 b\u00fck\u00fclme kablosu kelep\u00e7esi, geri d\u00f6nme \u00f6nleyici fonksiyona sahiptir<\/p>\n<p>Fi\u015f ve soket i\u00e7in pim konta\u011f\u0131 ve soket konta\u011f\u0131 mevcuttur<\/p>","protected":false},"featured_media":3125,"comment_status":"closed","ping_status":"closed","template":"","meta":[],"product_brand":[],"product_cat":[36],"product_tag":[],"class_list":{"0":"post-3124","1":"product","2":"type-product","3":"status-publish","4":"has-post-thumbnail","6":"product_cat-electrical-connector","8":"first","9":"instock","10":"shipping-taxable","11":"product-type-simple"},"_links":{"self":[{"href":"https:\/\/www.andelutech.com\/tr\/wp-json\/wp\/v2\/product\/3124","targetHints":{"allow":["GET"]}}],"collection":[{"href":"https:\/\/www.andelutech.com\/tr\/wp-json\/wp\/v2\/product"}],"about":[{"href":"https:\/\/www.andelutech.com\/tr\/wp-json\/wp\/v2\/types\/product"}],"replies":[{"embeddable":true,"href":"https:\/\/www.andelutech.com\/tr\/wp-json\/wp\/v2\/comments?post=3124"}],"wp:featuredmedia":[{"embeddable":true,"href":"https:\/\/www.andelutech.com\/tr\/wp-json\/wp\/v2\/media\/3125"}],"wp:attachment":[{"href":"https:\/\/www.andelutech.com\/tr\/wp-json\/wp\/v2\/media?parent=3124"}],"wp:term":[{"taxonomy":"product_brand","embeddable":true,"href":"https:\/\/www.andelutech.com\/tr\/wp-json\/wp\/v2\/product_brand?post=3124"},{"taxonomy":"product_cat","embeddable":true,"href":"https:\/\/www.andelutech.com\/tr\/wp-json\/wp\/v2\/product_cat?post=3124"},{"taxonomy":"product_tag","embeddable":true,"href":"https:\/\/www.andelutech.com\/tr\/wp-json\/wp\/v2\/product_tag?post=3124"}],"curies":[{"name":"wp","href":"https:\/\/api.w.org\/{rel}","templated":true}]}}