{"id":3110,"date":"2025-08-07T14:04:58","date_gmt":"2025-08-07T06:04:58","guid":{"rendered":"https:\/\/www.andelutech.com\/?post_type=product&#038;p=3110"},"modified":"2025-08-27T10:13:36","modified_gmt":"2025-08-27T02:13:36","slug":"ct-m-series-glass-sealed-socket-2","status":"publish","type":"product","link":"https:\/\/www.andelutech.com\/tr\/product\/ct-m-series-glass-sealed-socket-2\/","title":{"rendered":"CT-M Serisi Cam Kapal\u0131 Soket"},"content":{"rendered":"","protected":false},"excerpt":{"rendered":"<p>\u00dcr\u00fcn Q \/ 3E 58-89 standart\u0131n\u0131n gereksinimlerine uygundur ve<\/p>\n<p>k\u0131smen \u00f6\u011feler (tork, s\u0131v\u0131 ekleme ve ay\u0131rma gibi)<\/p>\n<p>dald\u0131rma ve di\u011ferleri MIL-C-26482G ve MIL-C-83723D'yi benimser<\/p>\n<p>\u00c7evreye Dayan\u0131kl\u0131 Dairesel Elektrik Konekt\u00f6rleri &#8211; ABD ordusu<\/p>\n<p>\u00d6zellikler \u00dcr\u00fcn u\u00e7aklar\u0131n elektrikli ba\u011flant\u0131s\u0131 i\u00e7in kullan\u0131l\u0131r<\/p>\n<p>Kabin ve hava ge\u00e7irmezli\u011fi gereksinimlerine sahip di\u011fer elektrik \u00fcniteleri<\/p>","protected":false},"featured_media":3111,"comment_status":"closed","ping_status":"closed","template":"","meta":[],"product_brand":[],"product_cat":[36],"product_tag":[],"class_list":{"0":"post-3110","1":"product","2":"type-product","3":"status-publish","4":"has-post-thumbnail","6":"product_cat-electrical-connector","8":"first","9":"instock","10":"shipping-taxable","11":"product-type-simple"},"_links":{"self":[{"href":"https:\/\/www.andelutech.com\/tr\/wp-json\/wp\/v2\/product\/3110","targetHints":{"allow":["GET"]}}],"collection":[{"href":"https:\/\/www.andelutech.com\/tr\/wp-json\/wp\/v2\/product"}],"about":[{"href":"https:\/\/www.andelutech.com\/tr\/wp-json\/wp\/v2\/types\/product"}],"replies":[{"embeddable":true,"href":"https:\/\/www.andelutech.com\/tr\/wp-json\/wp\/v2\/comments?post=3110"}],"wp:featuredmedia":[{"embeddable":true,"href":"https:\/\/www.andelutech.com\/tr\/wp-json\/wp\/v2\/media\/3111"}],"wp:attachment":[{"href":"https:\/\/www.andelutech.com\/tr\/wp-json\/wp\/v2\/media?parent=3110"}],"wp:term":[{"taxonomy":"product_brand","embeddable":true,"href":"https:\/\/www.andelutech.com\/tr\/wp-json\/wp\/v2\/product_brand?post=3110"},{"taxonomy":"product_cat","embeddable":true,"href":"https:\/\/www.andelutech.com\/tr\/wp-json\/wp\/v2\/product_cat?post=3110"},{"taxonomy":"product_tag","embeddable":true,"href":"https:\/\/www.andelutech.com\/tr\/wp-json\/wp\/v2\/product_tag?post=3110"}],"curies":[{"name":"wp","href":"https:\/\/api.w.org\/{rel}","templated":true}]}}