{"id":3105,"date":"2025-08-07T13:58:13","date_gmt":"2025-08-07T05:58:13","guid":{"rendered":"https:\/\/www.andelutech.com\/?post_type=product&#038;p=3105"},"modified":"2025-08-27T09:38:35","modified_gmt":"2025-08-27T01:38:35","slug":"p-c-series-through-wall-hermetic-electrical-connector-2","status":"publish","type":"product","link":"https:\/\/www.andelutech.com\/tr\/product\/p-c-series-through-wall-hermetic-electrical-connector-2\/","title":{"rendered":"P-C Serisi Duvardaki Hermetik Elektrik Konnekt\u00f6r\u00fc"},"content":{"rendered":"","protected":false},"excerpt":{"rendered":"<p>Seri \u00fcr\u00fcnleri Q \/ 3E20007-2003 gereksinimlerine uygundur<\/p>\n<p>standart ve havac\u0131l\u0131k, silah, araba ve sivil i\u00e7in kullan\u0131l\u0131r<\/p>\n<p>ekipman. S\u0131zd\u0131rmazl\u0131k gereksinimi durumunda, ba\u011flanmal\u0131d\u0131r veya<\/p>\n<p>b\u00f6lme ile elektrik devreleri arac\u0131l\u0131\u011f\u0131yla kopar\u0131lm\u0131\u015ft\u0131r. B\u00f6yle soket<\/p>\n<p>P fi\u015fi ile birlikte kullan\u0131lmal\u0131d\u0131r.<\/p>","protected":false},"featured_media":3106,"comment_status":"closed","ping_status":"closed","template":"","meta":[],"product_brand":[],"product_cat":[36],"product_tag":[],"class_list":{"0":"post-3105","1":"product","2":"type-product","3":"status-publish","4":"has-post-thumbnail","6":"product_cat-electrical-connector","8":"first","9":"instock","10":"shipping-taxable","11":"product-type-simple"},"_links":{"self":[{"href":"https:\/\/www.andelutech.com\/tr\/wp-json\/wp\/v2\/product\/3105","targetHints":{"allow":["GET"]}}],"collection":[{"href":"https:\/\/www.andelutech.com\/tr\/wp-json\/wp\/v2\/product"}],"about":[{"href":"https:\/\/www.andelutech.com\/tr\/wp-json\/wp\/v2\/types\/product"}],"replies":[{"embeddable":true,"href":"https:\/\/www.andelutech.com\/tr\/wp-json\/wp\/v2\/comments?post=3105"}],"wp:featuredmedia":[{"embeddable":true,"href":"https:\/\/www.andelutech.com\/tr\/wp-json\/wp\/v2\/media\/3106"}],"wp:attachment":[{"href":"https:\/\/www.andelutech.com\/tr\/wp-json\/wp\/v2\/media?parent=3105"}],"wp:term":[{"taxonomy":"product_brand","embeddable":true,"href":"https:\/\/www.andelutech.com\/tr\/wp-json\/wp\/v2\/product_brand?post=3105"},{"taxonomy":"product_cat","embeddable":true,"href":"https:\/\/www.andelutech.com\/tr\/wp-json\/wp\/v2\/product_cat?post=3105"},{"taxonomy":"product_tag","embeddable":true,"href":"https:\/\/www.andelutech.com\/tr\/wp-json\/wp\/v2\/product_tag?post=3105"}],"curies":[{"name":"wp","href":"https:\/\/api.w.org\/{rel}","templated":true}]}}