{"id":3103,"date":"2025-08-07T13:37:44","date_gmt":"2025-08-07T05:37:44","guid":{"rendered":"https:\/\/www.andelutech.com\/?post_type=product&#038;p=3103"},"modified":"2025-08-26T17:55:59","modified_gmt":"2025-08-26T09:55:59","slug":"pd-series-common-low-voltage-electrical-connector-2","status":"publish","type":"product","link":"https:\/\/www.andelutech.com\/tr\/product\/pd-series-common-low-voltage-electrical-connector-2\/","title":{"rendered":"PD Serisi Ortak D\u00fc\u015f\u00fck Voltajl\u0131 Elektrik Konnekt\u00f6r\u00fc"},"content":{"rendered":"","protected":false},"excerpt":{"rendered":"<p>Seri \u00fcr\u00fcnleri havac\u0131l\u0131k ve di\u011fer askeri ama\u00e7lar i\u00e7in kullan\u0131l\u0131r,<\/p>\n<p>ve sivil kullan\u0131m i\u00e7in d\u00fc\u015f\u00fck voltajl\u0131 elektrik devrelerinin elektrik ba\u011flant\u0131s\u0131 i\u00e7in.<\/p>\n<p>\u00dcr\u00fcn Q \/ 3E20025-2003 standart\u0131n\u0131n gereksinimlerine uygundur,<\/p>\n<p>ve \u041d\u0429\u0420, \u041d\u0429\u0420\u0413 isimli Rus \u00fcr\u00fcne kar\u015f\u0131l\u0131k gelir<\/p>\n<p>ve B\u043b0.364.003\u0422\u0423 teknik \u00f6zellikleri.<\/p>","protected":false},"featured_media":3104,"comment_status":"closed","ping_status":"closed","template":"","meta":[],"product_brand":[],"product_cat":[36],"product_tag":[],"class_list":{"0":"post-3103","1":"product","2":"type-product","3":"status-publish","4":"has-post-thumbnail","6":"product_cat-electrical-connector","8":"first","9":"instock","10":"shipping-taxable","11":"product-type-simple"},"_links":{"self":[{"href":"https:\/\/www.andelutech.com\/tr\/wp-json\/wp\/v2\/product\/3103","targetHints":{"allow":["GET"]}}],"collection":[{"href":"https:\/\/www.andelutech.com\/tr\/wp-json\/wp\/v2\/product"}],"about":[{"href":"https:\/\/www.andelutech.com\/tr\/wp-json\/wp\/v2\/types\/product"}],"replies":[{"embeddable":true,"href":"https:\/\/www.andelutech.com\/tr\/wp-json\/wp\/v2\/comments?post=3103"}],"wp:featuredmedia":[{"embeddable":true,"href":"https:\/\/www.andelutech.com\/tr\/wp-json\/wp\/v2\/media\/3104"}],"wp:attachment":[{"href":"https:\/\/www.andelutech.com\/tr\/wp-json\/wp\/v2\/media?parent=3103"}],"wp:term":[{"taxonomy":"product_brand","embeddable":true,"href":"https:\/\/www.andelutech.com\/tr\/wp-json\/wp\/v2\/product_brand?post=3103"},{"taxonomy":"product_cat","embeddable":true,"href":"https:\/\/www.andelutech.com\/tr\/wp-json\/wp\/v2\/product_cat?post=3103"},{"taxonomy":"product_tag","embeddable":true,"href":"https:\/\/www.andelutech.com\/tr\/wp-json\/wp\/v2\/product_tag?post=3103"}],"curies":[{"name":"wp","href":"https:\/\/api.w.org\/{rel}","templated":true}]}}