{"id":3100,"date":"2025-08-07T13:33:56","date_gmt":"2025-08-07T05:33:56","guid":{"rendered":"https:\/\/www.andelutech.com\/?post_type=product&#038;p=3100"},"modified":"2025-08-26T17:35:17","modified_gmt":"2025-08-26T09:35:17","slug":"x-series-electrical-connector-2","status":"publish","type":"product","link":"https:\/\/www.andelutech.com\/tr\/product\/x-series-electrical-connector-2\/","title":{"rendered":"X Serisi Elektrik Ba\u011flay\u0131c\u0131s\u0131"},"content":{"rendered":"","protected":false},"excerpt":{"rendered":"<p>\u00dcr\u00fcn, Q \/ 3E 20006-2003 standart\u0131n\u0131n gereksinimlerine uygundur ve<\/p>\n<p>Rus\u00e7a 2PM, 2PM\u0393 isimli elektrik konekt\u00f6rlerine kar\u015f\u0131l\u0131k gelir<\/p>\n<p>vb. ve G\u042fO'nun teknik \u00f6zelliklerini kar\u015f\u0131lar. 364.020TY. Bu&#8217; S geni\u015f<\/p>\n<p>havac\u0131l\u0131k, silah ve di\u011fer askeri ve sivil alanlarda uygulan\u0131r ve g\u00fcvenilir bir \u015fekilde kullan\u0131l\u0131r<\/p>\n<p>Elektrik ekipmanlar\u0131n\u0131 ve radyo devresini ba\u011flay\u0131n ve ay\u0131r\u0131n<\/p>","protected":false},"featured_media":3101,"comment_status":"closed","ping_status":"closed","template":"","meta":[],"product_brand":[],"product_cat":[36],"product_tag":[],"class_list":{"0":"post-3100","1":"product","2":"type-product","3":"status-publish","4":"has-post-thumbnail","6":"product_cat-electrical-connector","8":"first","9":"instock","10":"shipping-taxable","11":"product-type-simple"},"_links":{"self":[{"href":"https:\/\/www.andelutech.com\/tr\/wp-json\/wp\/v2\/product\/3100","targetHints":{"allow":["GET"]}}],"collection":[{"href":"https:\/\/www.andelutech.com\/tr\/wp-json\/wp\/v2\/product"}],"about":[{"href":"https:\/\/www.andelutech.com\/tr\/wp-json\/wp\/v2\/types\/product"}],"replies":[{"embeddable":true,"href":"https:\/\/www.andelutech.com\/tr\/wp-json\/wp\/v2\/comments?post=3100"}],"wp:featuredmedia":[{"embeddable":true,"href":"https:\/\/www.andelutech.com\/tr\/wp-json\/wp\/v2\/media\/3101"}],"wp:attachment":[{"href":"https:\/\/www.andelutech.com\/tr\/wp-json\/wp\/v2\/media?parent=3100"}],"wp:term":[{"taxonomy":"product_brand","embeddable":true,"href":"https:\/\/www.andelutech.com\/tr\/wp-json\/wp\/v2\/product_brand?post=3100"},{"taxonomy":"product_cat","embeddable":true,"href":"https:\/\/www.andelutech.com\/tr\/wp-json\/wp\/v2\/product_cat?post=3100"},{"taxonomy":"product_tag","embeddable":true,"href":"https:\/\/www.andelutech.com\/tr\/wp-json\/wp\/v2\/product_tag?post=3100"}],"curies":[{"name":"wp","href":"https:\/\/api.w.org\/{rel}","templated":true}]}}