{"id":3095,"date":"2025-08-07T13:23:16","date_gmt":"2025-08-07T05:23:16","guid":{"rendered":"https:\/\/www.andelutech.com\/?post_type=product&#038;p=3095"},"modified":"2025-08-26T16:41:17","modified_gmt":"2025-08-26T08:41:17","slug":"pph25m-series-temperature-compensation-electrical-connector-2","status":"publish","type":"product","link":"https:\/\/www.andelutech.com\/tr\/product\/pph25m-series-temperature-compensation-electrical-connector-2\/","title":{"rendered":"PPH25m Serisi S\u0131cakl\u0131k Denetimi Elektrik Konnekt\u00f6r\u00fc"},"content":{"rendered":"","protected":false},"excerpt":{"rendered":"<p>PPH25M ve PPH25AM S\u0131cakl\u0131k Kompensasyonu Elektrik Konekt\u00f6rleri<\/p>\n<p>Termokuplar ve DC devreleri i\u00e7in kullan\u0131l\u0131r.<\/p>\n<p>Soket (cihaza ba\u011flant\u0131) d\u00fcz veya b\u00fck\u00fclme ile donat\u0131lm\u0131\u015ft\u0131r<\/p>\n<p>korunmayan kuyruk aksesuar\u0131 veya kuyruk aksesuar\u0131 olmadan<\/p>\n<p>Fi\u015f (kabloya ba\u011flant\u0131) d\u00fcz veya b\u00fck\u00fclme korunmayan ile donat\u0131lm\u0131\u015ft\u0131r<\/p>\n<p>Kuyruk aksesuar\u0131<\/p>\n<p>Yurti\u00e7i Model: PPH25m<\/p>","protected":false},"featured_media":3096,"comment_status":"closed","ping_status":"closed","template":"","meta":[],"product_brand":[],"product_cat":[36],"product_tag":[],"class_list":{"0":"post-3095","1":"product","2":"type-product","3":"status-publish","4":"has-post-thumbnail","6":"product_cat-electrical-connector","8":"first","9":"instock","10":"shipping-taxable","11":"product-type-simple"},"_links":{"self":[{"href":"https:\/\/www.andelutech.com\/tr\/wp-json\/wp\/v2\/product\/3095","targetHints":{"allow":["GET"]}}],"collection":[{"href":"https:\/\/www.andelutech.com\/tr\/wp-json\/wp\/v2\/product"}],"about":[{"href":"https:\/\/www.andelutech.com\/tr\/wp-json\/wp\/v2\/types\/product"}],"replies":[{"embeddable":true,"href":"https:\/\/www.andelutech.com\/tr\/wp-json\/wp\/v2\/comments?post=3095"}],"wp:featuredmedia":[{"embeddable":true,"href":"https:\/\/www.andelutech.com\/tr\/wp-json\/wp\/v2\/media\/3096"}],"wp:attachment":[{"href":"https:\/\/www.andelutech.com\/tr\/wp-json\/wp\/v2\/media?parent=3095"}],"wp:term":[{"taxonomy":"product_brand","embeddable":true,"href":"https:\/\/www.andelutech.com\/tr\/wp-json\/wp\/v2\/product_brand?post=3095"},{"taxonomy":"product_cat","embeddable":true,"href":"https:\/\/www.andelutech.com\/tr\/wp-json\/wp\/v2\/product_cat?post=3095"},{"taxonomy":"product_tag","embeddable":true,"href":"https:\/\/www.andelutech.com\/tr\/wp-json\/wp\/v2\/product_tag?post=3095"}],"curies":[{"name":"wp","href":"https:\/\/api.w.org\/{rel}","templated":true}]}}