{"id":3093,"date":"2025-08-07T13:13:32","date_gmt":"2025-08-07T05:13:32","guid":{"rendered":"https:\/\/www.andelutech.com\/?post_type=product&#038;p=3093"},"modified":"2025-08-26T15:59:13","modified_gmt":"2025-08-26T07:59:13","slug":"mp1-series-miniature-electrical-connector-2","status":"publish","type":"product","link":"https:\/\/www.andelutech.com\/tr\/product\/mp1-series-miniature-electrical-connector-2\/","title":{"rendered":"MP1 Serisi minyat\u00fcr elektrik konnekt\u00f6r\u00fc"},"content":{"rendered":"","protected":false},"excerpt":{"rendered":"<p>MP1 Miniat\u00fcr Elektrik Konekt\u00f6r\u00fc m\u00fch\u00fcrl\u00fc ve AC devresinde kullan\u0131labilir<\/p>\n<p>3MHz alt\u0131nda ve 5A ak\u0131m g\u00fcc\u00fc ve 140V \u00e7al\u0131\u015fma voltaj\u0131 ile.<\/p>\n<p>Yurti\u00e7i Model: MP1<\/p>","protected":false},"featured_media":3094,"comment_status":"closed","ping_status":"closed","template":"","meta":[],"product_brand":[],"product_cat":[36],"product_tag":[],"class_list":{"0":"post-3093","1":"product","2":"type-product","3":"status-publish","4":"has-post-thumbnail","6":"product_cat-electrical-connector","8":"first","9":"instock","10":"shipping-taxable","11":"product-type-simple"},"_links":{"self":[{"href":"https:\/\/www.andelutech.com\/tr\/wp-json\/wp\/v2\/product\/3093","targetHints":{"allow":["GET"]}}],"collection":[{"href":"https:\/\/www.andelutech.com\/tr\/wp-json\/wp\/v2\/product"}],"about":[{"href":"https:\/\/www.andelutech.com\/tr\/wp-json\/wp\/v2\/types\/product"}],"replies":[{"embeddable":true,"href":"https:\/\/www.andelutech.com\/tr\/wp-json\/wp\/v2\/comments?post=3093"}],"wp:featuredmedia":[{"embeddable":true,"href":"https:\/\/www.andelutech.com\/tr\/wp-json\/wp\/v2\/media\/3094"}],"wp:attachment":[{"href":"https:\/\/www.andelutech.com\/tr\/wp-json\/wp\/v2\/media?parent=3093"}],"wp:term":[{"taxonomy":"product_brand","embeddable":true,"href":"https:\/\/www.andelutech.com\/tr\/wp-json\/wp\/v2\/product_brand?post=3093"},{"taxonomy":"product_cat","embeddable":true,"href":"https:\/\/www.andelutech.com\/tr\/wp-json\/wp\/v2\/product_cat?post=3093"},{"taxonomy":"product_tag","embeddable":true,"href":"https:\/\/www.andelutech.com\/tr\/wp-json\/wp\/v2\/product_tag?post=3093"}],"curies":[{"name":"wp","href":"https:\/\/api.w.org\/{rel}","templated":true}]}}