{"id":3091,"date":"2025-08-07T11:05:21","date_gmt":"2025-08-07T03:05:21","guid":{"rendered":"https:\/\/www.andelutech.com\/?post_type=product&#038;p=3091"},"modified":"2025-08-26T14:54:06","modified_gmt":"2025-08-26T06:54:06","slug":"zh-series-high-density-subminiature-electrical-connector-2","status":"publish","type":"product","link":"https:\/\/www.andelutech.com\/tr\/product\/zh-series-high-density-subminiature-electrical-connector-2\/","title":{"rendered":"ZH Serisi Y\u00fcksek Yo\u011funluklu Subminat\u00fcr Elektrik Konnekt\u00f6r\u00fc"},"content":{"rendered":"","protected":false},"excerpt":{"rendered":"<p>CH\u044613, CH\u044614 ve CH\u044642 Y\u00fcksek Yo\u011funluklu Subminiature Dairesel Elektrik<\/p>\n<p>Konekt\u00f6r, DC veya AC impuls devresinin (3MHZ'den daha d\u00fc\u015f\u00fck) ba\u011flant\u0131s\u0131d\u0131r.<\/p>\n<p>Enstr\u00fcmanta soket montaj y\u00f6ntemleri:<\/p>\n<p>Ch\u044613 - f\u00fczyon kayna\u011f\u0131<\/p>\n<p>CH\u042614 &#8212; somun CH\u042642 &#8212; braze kaynak<\/p>\n<p>Ev i\u00e7i model: ZH13, ZH14, ZH42<\/p>","protected":false},"featured_media":3092,"comment_status":"closed","ping_status":"closed","template":"","meta":[],"product_brand":[],"product_cat":[36],"product_tag":[],"class_list":{"0":"post-3091","1":"product","2":"type-product","3":"status-publish","4":"has-post-thumbnail","6":"product_cat-electrical-connector","8":"first","9":"instock","10":"shipping-taxable","11":"product-type-simple"},"_links":{"self":[{"href":"https:\/\/www.andelutech.com\/tr\/wp-json\/wp\/v2\/product\/3091","targetHints":{"allow":["GET"]}}],"collection":[{"href":"https:\/\/www.andelutech.com\/tr\/wp-json\/wp\/v2\/product"}],"about":[{"href":"https:\/\/www.andelutech.com\/tr\/wp-json\/wp\/v2\/types\/product"}],"replies":[{"embeddable":true,"href":"https:\/\/www.andelutech.com\/tr\/wp-json\/wp\/v2\/comments?post=3091"}],"wp:featuredmedia":[{"embeddable":true,"href":"https:\/\/www.andelutech.com\/tr\/wp-json\/wp\/v2\/media\/3092"}],"wp:attachment":[{"href":"https:\/\/www.andelutech.com\/tr\/wp-json\/wp\/v2\/media?parent=3091"}],"wp:term":[{"taxonomy":"product_brand","embeddable":true,"href":"https:\/\/www.andelutech.com\/tr\/wp-json\/wp\/v2\/product_brand?post=3091"},{"taxonomy":"product_cat","embeddable":true,"href":"https:\/\/www.andelutech.com\/tr\/wp-json\/wp\/v2\/product_cat?post=3091"},{"taxonomy":"product_tag","embeddable":true,"href":"https:\/\/www.andelutech.com\/tr\/wp-json\/wp\/v2\/product_tag?post=3091"}],"curies":[{"name":"wp","href":"https:\/\/api.w.org\/{rel}","templated":true}]}}