{"id":3080,"date":"2025-08-07T10:30:33","date_gmt":"2025-08-07T02:30:33","guid":{"rendered":"https:\/\/www.andelutech.com\/?post_type=product&#038;p=3080"},"modified":"2025-08-26T13:36:49","modified_gmt":"2025-08-26T05:36:49","slug":"pbh1-pbh2-and-pbh3","status":"publish","type":"product","link":"https:\/\/www.andelutech.com\/tr\/product\/pbh1-pbh2-and-pbh3\/","title":{"rendered":"PBH Serisi \u0130tme-\u00e7ekme Elektrik Konekt\u00f6r\u00fc PBH1, PBH2 ve PBH3"},"content":{"rendered":"","protected":false},"excerpt":{"rendered":"<p>PBH1, PBH2 ve PBH3 AC ve DC elektrik ba\u011flant\u0131s\u0131 i\u00e7in kullan\u0131l\u0131r<\/p>\n<p>devreler. PBH1 temas\u0131 g\u00fcm\u00fc\u015f-paladyum ala\u015f\u0131ml\u0131 kaplamal\u0131, PBH2<\/p>\n<p>temas g\u00fcm\u00fc\u015f kaplama ve PBH3 temas alt\u0131n kaplama. Fi\u015f ve soket<\/p>\n<p>itme-\u00e7ekme ba\u011flant\u0131s\u0131 ve ba\u011flant\u0131s\u0131n\u0131 kesme y\u00f6ntemini benimser.<\/p>\n<p>Ev i\u00e7i model: TY (PBH2)<\/p>","protected":false},"featured_media":3081,"comment_status":"closed","ping_status":"closed","template":"","meta":[],"product_brand":[],"product_cat":[36],"product_tag":[],"class_list":{"0":"post-3080","1":"product","2":"type-product","3":"status-publish","4":"has-post-thumbnail","6":"product_cat-electrical-connector","8":"first","9":"instock","10":"shipping-taxable","11":"product-type-simple"},"_links":{"self":[{"href":"https:\/\/www.andelutech.com\/tr\/wp-json\/wp\/v2\/product\/3080","targetHints":{"allow":["GET"]}}],"collection":[{"href":"https:\/\/www.andelutech.com\/tr\/wp-json\/wp\/v2\/product"}],"about":[{"href":"https:\/\/www.andelutech.com\/tr\/wp-json\/wp\/v2\/types\/product"}],"replies":[{"embeddable":true,"href":"https:\/\/www.andelutech.com\/tr\/wp-json\/wp\/v2\/comments?post=3080"}],"wp:featuredmedia":[{"embeddable":true,"href":"https:\/\/www.andelutech.com\/tr\/wp-json\/wp\/v2\/media\/3081"}],"wp:attachment":[{"href":"https:\/\/www.andelutech.com\/tr\/wp-json\/wp\/v2\/media?parent=3080"}],"wp:term":[{"taxonomy":"product_brand","embeddable":true,"href":"https:\/\/www.andelutech.com\/tr\/wp-json\/wp\/v2\/product_brand?post=3080"},{"taxonomy":"product_cat","embeddable":true,"href":"https:\/\/www.andelutech.com\/tr\/wp-json\/wp\/v2\/product_cat?post=3080"},{"taxonomy":"product_tag","embeddable":true,"href":"https:\/\/www.andelutech.com\/tr\/wp-json\/wp\/v2\/product_tag?post=3080"}],"curies":[{"name":"wp","href":"https:\/\/api.w.org\/{rel}","templated":true}]}}