{"id":3074,"date":"2025-08-07T10:19:14","date_gmt":"2025-08-07T02:19:14","guid":{"rendered":"https:\/\/www.andelutech.com\/?post_type=product&#038;p=3074"},"modified":"2025-08-08T14:27:29","modified_gmt":"2025-08-08T06:27:29","slug":"ch%d1%8623-series-electrical-connector","status":"publish","type":"product","link":"https:\/\/www.andelutech.com\/tr\/product\/ch%d1%8623-series-electrical-connector\/","title":{"rendered":"ZH23 Serisi Elektrik Konekt\u00f6r\u00fc"},"content":{"rendered":"","protected":false},"excerpt":{"rendered":"<p>CH\u042623 Serisi Elektrik Konekt\u00f6r\u00fc \u00e7evre direnci, be\u015f anahtarl\u0131<\/p>\n<p>anti-yanl\u0131\u015f giri\u015f konumland\u0131rma, bayonet h\u0131zl\u0131 ba\u011flant\u0131 ve di\u011ferleri. \u0130leti\u015fim ise<\/p>\n<p>arka serbest b\u0131rakma ve son mola tipini s\u0131k\u0131\u015ft\u0131rma ve d\u00fc\u015f\u00fck frekansl\u0131 AC \/ DC devreleri i\u00e7in kullan\u0131l\u0131r.<\/p>\n<p>Ev i\u00e7i model: ZH23<\/p>","protected":false},"featured_media":3075,"comment_status":"closed","ping_status":"closed","template":"","meta":[],"product_brand":[],"product_cat":[36],"product_tag":[],"class_list":{"0":"post-3074","1":"product","2":"type-product","3":"status-publish","4":"has-post-thumbnail","6":"product_cat-electrical-connector","8":"first","9":"instock","10":"shipping-taxable","11":"product-type-simple"},"_links":{"self":[{"href":"https:\/\/www.andelutech.com\/tr\/wp-json\/wp\/v2\/product\/3074","targetHints":{"allow":["GET"]}}],"collection":[{"href":"https:\/\/www.andelutech.com\/tr\/wp-json\/wp\/v2\/product"}],"about":[{"href":"https:\/\/www.andelutech.com\/tr\/wp-json\/wp\/v2\/types\/product"}],"replies":[{"embeddable":true,"href":"https:\/\/www.andelutech.com\/tr\/wp-json\/wp\/v2\/comments?post=3074"}],"wp:featuredmedia":[{"embeddable":true,"href":"https:\/\/www.andelutech.com\/tr\/wp-json\/wp\/v2\/media\/3075"}],"wp:attachment":[{"href":"https:\/\/www.andelutech.com\/tr\/wp-json\/wp\/v2\/media?parent=3074"}],"wp:term":[{"taxonomy":"product_brand","embeddable":true,"href":"https:\/\/www.andelutech.com\/tr\/wp-json\/wp\/v2\/product_brand?post=3074"},{"taxonomy":"product_cat","embeddable":true,"href":"https:\/\/www.andelutech.com\/tr\/wp-json\/wp\/v2\/product_cat?post=3074"},{"taxonomy":"product_tag","embeddable":true,"href":"https:\/\/www.andelutech.com\/tr\/wp-json\/wp\/v2\/product_tag?post=3074"}],"curies":[{"name":"wp","href":"https:\/\/api.w.org\/{rel}","templated":true}]}}