{"id":3065,"date":"2025-08-07T09:50:35","date_gmt":"2025-08-07T01:50:35","guid":{"rendered":"https:\/\/www.andelutech.com\/?post_type=product&#038;p=3065"},"modified":"2025-08-25T15:34:37","modified_gmt":"2025-08-25T07:34:37","slug":"p-zp-pr-series-electrical-connector-2","status":"publish","type":"product","link":"https:\/\/www.andelutech.com\/tr\/product\/p-zp-pr-series-electrical-connector-2\/","title":{"rendered":"P.ZP.PR Serisi Elektrik Ba\u011flay\u0131c\u0131s\u0131"},"content":{"rendered":"","protected":false},"excerpt":{"rendered":"<p>Ortak dairesel elektrik konekt\u00f6r\u00fc standart bir elektrik<\/p>\n<p>konekt\u00f6r ve m\u00fch\u00fcrlenmi\u015f ve m\u00fch\u00fcrlenmemi\u015f tipi kapar. Konekt\u00f6r<\/p>\n<p>genellikle alete sabitlenen par\u00e7a (soket) ve<\/p>\n<p>par\u00e7a (fi\u015f) kabloya sabit ve ba\u011flant\u0131 somunlar\u0131 arac\u0131l\u0131\u011f\u0131yla ba\u011flanm\u0131\u015ft\u0131r.<\/p>\n<p>Yurti\u00e7i model: P (\u015eP, ZP (C\u0428P), PR-B (2PTT)<\/p>","protected":false},"featured_media":3066,"comment_status":"closed","ping_status":"closed","template":"","meta":[],"product_brand":[],"product_cat":[36],"product_tag":[],"class_list":{"0":"post-3065","1":"product","2":"type-product","3":"status-publish","4":"has-post-thumbnail","6":"product_cat-electrical-connector","8":"first","9":"instock","10":"shipping-taxable","11":"product-type-simple"},"_links":{"self":[{"href":"https:\/\/www.andelutech.com\/tr\/wp-json\/wp\/v2\/product\/3065","targetHints":{"allow":["GET"]}}],"collection":[{"href":"https:\/\/www.andelutech.com\/tr\/wp-json\/wp\/v2\/product"}],"about":[{"href":"https:\/\/www.andelutech.com\/tr\/wp-json\/wp\/v2\/types\/product"}],"replies":[{"embeddable":true,"href":"https:\/\/www.andelutech.com\/tr\/wp-json\/wp\/v2\/comments?post=3065"}],"wp:featuredmedia":[{"embeddable":true,"href":"https:\/\/www.andelutech.com\/tr\/wp-json\/wp\/v2\/media\/3066"}],"wp:attachment":[{"href":"https:\/\/www.andelutech.com\/tr\/wp-json\/wp\/v2\/media?parent=3065"}],"wp:term":[{"taxonomy":"product_brand","embeddable":true,"href":"https:\/\/www.andelutech.com\/tr\/wp-json\/wp\/v2\/product_brand?post=3065"},{"taxonomy":"product_cat","embeddable":true,"href":"https:\/\/www.andelutech.com\/tr\/wp-json\/wp\/v2\/product_cat?post=3065"},{"taxonomy":"product_tag","embeddable":true,"href":"https:\/\/www.andelutech.com\/tr\/wp-json\/wp\/v2\/product_tag?post=3065"}],"curies":[{"name":"wp","href":"https:\/\/api.w.org\/{rel}","templated":true}]}}