{"id":3062,"date":"2025-08-07T09:28:58","date_gmt":"2025-08-07T01:28:58","guid":{"rendered":"https:\/\/www.andelutech.com\/?post_type=product&#038;p=3062"},"modified":"2025-08-25T15:43:20","modified_gmt":"2025-08-25T07:43:20","slug":"k-series-hermetic-electrical-connector-2","status":"publish","type":"product","link":"https:\/\/www.andelutech.com\/tr\/product\/k-series-hermetic-electrical-connector-2\/","title":{"rendered":"K serisi Hermetik elektrik konnekt\u00f6r\u00fc"},"content":{"rendered":"<p><img fetchpriority=\"high\" decoding=\"async\" class=\"alignnone  wp-image-3160\" src=\"https:\/\/www.andelutech.com\/wp-content\/uploads\/2025\/08\/K-Series.png\"  width=\"1984\" height=\"744\" srcset=\"https:\/\/www.andelutech.com\/wp-content\/uploads\/2025\/08\/K-Series.png 805w, https:\/\/www.andelutech.com\/wp-content\/uploads\/2025\/08\/K-Series-300x113.png 300w, https:\/\/www.andelutech.com\/wp-content\/uploads\/2025\/08\/K-Series-768x288.png 768w, https:\/\/www.andelutech.com\/wp-content\/uploads\/2025\/08\/K-Series-18x7.png 18w, https:\/\/www.andelutech.com\/wp-content\/uploads\/2025\/08\/K-Series-600x225.png 600w\" sizes=\"(max-width: 1984px) 100vw, 1984px\" title=\"K Series Hermetic Electrical Connector\u63d2\u56fe\" alt=\"K Series Hermetic Electrical Connector\u63d2\u56fe\" \/><\/p>","protected":false},"excerpt":{"rendered":"<p><strong>\u00dcr\u00fcn Giri\u015f <\/strong><\/p>\n<p>Seri \u00fcr\u00fcnleri gereksinimlerine uygundur<\/p>\n<p>GJB598A-1996 (ABD standart\u0131 MIL-C-26482G ve end\u00fcstri<\/p>\n<p>standart HB6-77-83), ve e\u015fle\u015ftirilebilir ve birlikte kullan\u0131labilir<\/p>\n<p>ayn\u0131 kabuk boyutu ile fi\u015f ve ekleme say\u0131s\u0131 ile<\/p>\n<p>ZH8525 serisi. K temas\u0131 sar\u0131l\u0131rken K-F temas\u0131<\/p>\n<p>h\u0131zl\u0131 ve g\u00fcvenilir ba\u011flama i\u00e7in uygun kaynakl\u0131<\/p>\n<p>ve u\u00e7ak elektrik ekipmanlar\u0131 ve radyo ba\u011flant\u0131s\u0131n\u0131n kesilmesi<\/p>\n<p>cihaz devreleri.<\/p>","protected":false},"featured_media":3063,"comment_status":"closed","ping_status":"closed","template":"","meta":[],"product_brand":[],"product_cat":[36],"product_tag":[],"class_list":{"0":"post-3062","1":"product","2":"type-product","3":"status-publish","4":"has-post-thumbnail","6":"product_cat-electrical-connector","8":"first","9":"instock","10":"shipping-taxable","11":"product-type-simple"},"_links":{"self":[{"href":"https:\/\/www.andelutech.com\/tr\/wp-json\/wp\/v2\/product\/3062","targetHints":{"allow":["GET"]}}],"collection":[{"href":"https:\/\/www.andelutech.com\/tr\/wp-json\/wp\/v2\/product"}],"about":[{"href":"https:\/\/www.andelutech.com\/tr\/wp-json\/wp\/v2\/types\/product"}],"replies":[{"embeddable":true,"href":"https:\/\/www.andelutech.com\/tr\/wp-json\/wp\/v2\/comments?post=3062"}],"wp:featuredmedia":[{"embeddable":true,"href":"https:\/\/www.andelutech.com\/tr\/wp-json\/wp\/v2\/media\/3063"}],"wp:attachment":[{"href":"https:\/\/www.andelutech.com\/tr\/wp-json\/wp\/v2\/media?parent=3062"}],"wp:term":[{"taxonomy":"product_brand","embeddable":true,"href":"https:\/\/www.andelutech.com\/tr\/wp-json\/wp\/v2\/product_brand?post=3062"},{"taxonomy":"product_cat","embeddable":true,"href":"https:\/\/www.andelutech.com\/tr\/wp-json\/wp\/v2\/product_cat?post=3062"},{"taxonomy":"product_tag","embeddable":true,"href":"https:\/\/www.andelutech.com\/tr\/wp-json\/wp\/v2\/product_tag?post=3062"}],"curies":[{"name":"wp","href":"https:\/\/api.w.org\/{rel}","templated":true}]}}