{"id":3040,"date":"2025-07-31T13:27:35","date_gmt":"2025-07-31T05:27:35","guid":{"rendered":"https:\/\/www.andelutech.com\/?post_type=product&#038;p=3040"},"modified":"2026-03-26T15:09:52","modified_gmt":"2026-03-26T07:09:52","slug":"three-axis-closed-loop-fiber-optic-gyroscop-and-370a","status":"publish","type":"product","link":"https:\/\/www.andelutech.com\/tr\/product\/three-axis-closed-loop-fiber-optic-gyroscop-and-370a\/","title":{"rendered":"AND-370A Three-axis closed-loop fiber optic gyroscop"},"content":{"rendered":"","protected":false},"excerpt":{"rendered":"<p>Ana performans g\u00f6stergeleri<\/p>\n<p>S\u0131f\u0131r \u00f6nyarg\u0131 istikrar\u0131: \u22640.015 \u00b0 \/ h (100s, 1\u03c3)<\/p>\n<p>S\u0131f\u0131r \u00f6nyarg\u0131 tekrarlanabilirli\u011fi: \u22640.01 \u00b0 \/ h<\/p>\n<p>De\u011fi\u015fken s\u0131cakl\u0131k istikrar\u0131: \u22640.03 \u00b0 \/ h (100s, 1\u03c3)<\/p>\n<p>\u00d6l\u00e7ek fakt\u00f6r\u00fc do\u011frusal olmayan: \u226420ppm<\/p>\n<p>Tam s\u0131cakl\u0131k \u00f6l\u00e7eki tekrarlanabilirli\u011fi: \u226450ppm (1\u03c3)<\/p>\n<p>Dinamik aral\u0131\u011f\u0131: \u00b1 400 \u00b0 \/ s<\/p>\n<p>Rasgele dola\u015fma: \u22640.0015 \u00b0 \/ \u221a h<\/p>\n<p>Fiziksel \u00f6zellikler<\/p>\n<p>Boyutlar : 135*114<\/p>\n<p>A\u011f\u0131rl\u0131k: 1000g \u00b1 15g<\/p>\n<p>\u00dcr\u00fcn aray\u00fcz\u00fc<\/p>\n<p>G\u00fc\u00e7 kayna\u011f\u0131 gereksinimleri: \u00b1 5V<\/p>\n<p>\u00c7\u0131k\u0131\u015f formu: RS422output<\/p>\n<p>\u00c7evresel uyarlanabilirlik<\/p>\n<p>\u00c7al\u0131\u015fma s\u0131cakl\u0131\u011f\u0131: -45 \u2103 - 75 \u2103<\/p>\n<p>Depolama s\u0131cakl\u0131\u011f\u0131: -55 \u2103 - 85 \u2103<\/p>\n<p>Darbeye dayan\u0131kl\u0131: 20g<\/p>\n<p>Rasgele titremelere dayan\u0131kl\u0131: 7.4g<\/p>\n<p>H\u0131zland\u0131rma direnci: 50g<\/p>\n<p>\u00dcr\u00fcn \u00f6zellikleri<\/p>\n<p>\u00d6zellikler: \u00dcr\u00fcn manyetik koruma korumas\u0131 ile t\u00fcm kat\u0131 bir fotoelektrik entegre yap\u0131 benimser ve% 100 yerelle\u015ftirilmi\u015ftir<\/p>\n<p>Uygulama alan\u0131: Rehberlik, navigasyon<\/p>","protected":false},"featured_media":2971,"comment_status":"closed","ping_status":"closed","template":"","meta":[],"product_brand":[],"product_cat":[22],"product_tag":[],"class_list":{"0":"post-3040","1":"product","2":"type-product","3":"status-publish","4":"has-post-thumbnail","6":"product_cat-gyro-sensor","8":"first","9":"instock","10":"shipping-taxable","11":"product-type-simple"},"_links":{"self":[{"href":"https:\/\/www.andelutech.com\/tr\/wp-json\/wp\/v2\/product\/3040","targetHints":{"allow":["GET"]}}],"collection":[{"href":"https:\/\/www.andelutech.com\/tr\/wp-json\/wp\/v2\/product"}],"about":[{"href":"https:\/\/www.andelutech.com\/tr\/wp-json\/wp\/v2\/types\/product"}],"replies":[{"embeddable":true,"href":"https:\/\/www.andelutech.com\/tr\/wp-json\/wp\/v2\/comments?post=3040"}],"wp:featuredmedia":[{"embeddable":true,"href":"https:\/\/www.andelutech.com\/tr\/wp-json\/wp\/v2\/media\/2971"}],"wp:attachment":[{"href":"https:\/\/www.andelutech.com\/tr\/wp-json\/wp\/v2\/media?parent=3040"}],"wp:term":[{"taxonomy":"product_brand","embeddable":true,"href":"https:\/\/www.andelutech.com\/tr\/wp-json\/wp\/v2\/product_brand?post=3040"},{"taxonomy":"product_cat","embeddable":true,"href":"https:\/\/www.andelutech.com\/tr\/wp-json\/wp\/v2\/product_cat?post=3040"},{"taxonomy":"product_tag","embeddable":true,"href":"https:\/\/www.andelutech.com\/tr\/wp-json\/wp\/v2\/product_tag?post=3040"}],"curies":[{"name":"wp","href":"https:\/\/api.w.org\/{rel}","templated":true}]}}