{"id":3032,"date":"2025-07-31T13:16:08","date_gmt":"2025-07-31T05:16:08","guid":{"rendered":"https:\/\/www.andelutech.com\/?post_type=product&#038;p=3032"},"modified":"2026-03-26T15:31:42","modified_gmt":"2026-03-26T07:31:42","slug":"three-axis-closed-loop-fiber-optic-gyro-combination-and-380l","status":"publish","type":"product","link":"https:\/\/www.andelutech.com\/tr\/product\/three-axis-closed-loop-fiber-optic-gyro-combination-and-380l\/","title":{"rendered":"AND-380L Three-axis closed-loop fiber optic gyro combination"},"content":{"rendered":"","protected":false},"excerpt":{"rendered":"<p>Ana performans g\u00f6stergeleri<\/p>\n<p>S\u0131f\u0131r \u00f6nyarg\u0131 istikrar\u0131 \u2264 0,05 \u00b0 \/ saat (10s, 1\u03c3)<\/p>\n<p>S\u0131f\u0131r \u00f6nyarg\u0131 tekrarlanabilirli\u011fi \u22640.05 \u00b0 \/ h<\/p>\n<p>De\u011fi\u015fken s\u0131cakl\u0131k \u22640.1 \u00b0 \/ saat (10s, 1\u03c3, 0.3 \u2103 \/ dakika) \u00d6l\u00e7ek fakt\u00f6r\u00fc do\u011frusal olmayan \u226420ppm<\/p>\n<p>Tam s\u0131cakl\u0131k \u00f6l\u00e7eki tekrarlanabilirli\u011fi \u226450ppm (1\u03c3) Dinamik aral\u0131\u011f\u0131: \u00b1 400 \u00b0 \/ s<\/p>\n<p>Rasgele dola\u015fma: \u22640.002 \u00b0 \/ \u221a h<\/p>\n<p>Fiziksel \u00f6zellikler<\/p>\n<p>Boyutlar:<\/p>\n<p>Ba\u015fl\u0131k: \u03a676mm \u00d7 15.8mm<\/p>\n<p>Elektronik kutu 121mm \u00d7 105mm \u00d7 21mm<\/p>\n<p>A\u011f\u0131rl\u0131k: 1022 \u00b1 20g (1278g \u00b1 20g a\u011f\u0131rl\u0131\u011f\u0131ndaki aletlerle teslim edilir)<\/p>\n<p>\u00dcr\u00fcn aray\u00fcz\u00fc<\/p>\n<p>G\u00fc\u00e7 kayna\u011f\u0131 gereksinimleri: \u00b1 5V<\/p>\n<p>\u00c7\u0131k\u0131\u015f formu: RS422output<\/p>\n<p>\u00c7evresel uyarlanabilirlik<\/p>\n<p>\u00c7al\u0131\u015fma s\u0131cakl\u0131\u011f\u0131: -45 \u2103 - 75 \u2103<\/p>\n<p>Depolama s\u0131cakl\u0131\u011f\u0131: -55 \u2103 - 85 \u2103<\/p>\n<p>Darbeye dayan\u0131kl\u0131: 20g<\/p>\n<p>Rasgele titremelere dayan\u0131kl\u0131: 5.3g<\/p>\n<p>\u00dcr\u00fcn \u00f6zellikleri<\/p>\n<p>\u00d6zellikleri: \u00dcr\u00fcn manyetik koruma korumas\u0131, ulusal \u00fcretim ve kimyasal tasar\u0131m ile \u00fc\u00e7 eksenli tek par\u00e7al\u0131 yap\u0131y\u0131 benimser<\/p>\n<p>Uygulama alan\u0131: y\u00fcksek hassasiyetli navigasyon ve konumland\u0131rma y\u00f6neliminin ulusal \u00fcretimi<\/p>","protected":false},"featured_media":2975,"comment_status":"closed","ping_status":"closed","template":"","meta":[],"product_brand":[],"product_cat":[22],"product_tag":[],"class_list":{"0":"post-3032","1":"product","2":"type-product","3":"status-publish","4":"has-post-thumbnail","6":"product_cat-gyro-sensor","8":"first","9":"instock","10":"shipping-taxable","11":"product-type-simple"},"_links":{"self":[{"href":"https:\/\/www.andelutech.com\/tr\/wp-json\/wp\/v2\/product\/3032","targetHints":{"allow":["GET"]}}],"collection":[{"href":"https:\/\/www.andelutech.com\/tr\/wp-json\/wp\/v2\/product"}],"about":[{"href":"https:\/\/www.andelutech.com\/tr\/wp-json\/wp\/v2\/types\/product"}],"replies":[{"embeddable":true,"href":"https:\/\/www.andelutech.com\/tr\/wp-json\/wp\/v2\/comments?post=3032"}],"wp:featuredmedia":[{"embeddable":true,"href":"https:\/\/www.andelutech.com\/tr\/wp-json\/wp\/v2\/media\/2975"}],"wp:attachment":[{"href":"https:\/\/www.andelutech.com\/tr\/wp-json\/wp\/v2\/media?parent=3032"}],"wp:term":[{"taxonomy":"product_brand","embeddable":true,"href":"https:\/\/www.andelutech.com\/tr\/wp-json\/wp\/v2\/product_brand?post=3032"},{"taxonomy":"product_cat","embeddable":true,"href":"https:\/\/www.andelutech.com\/tr\/wp-json\/wp\/v2\/product_cat?post=3032"},{"taxonomy":"product_tag","embeddable":true,"href":"https:\/\/www.andelutech.com\/tr\/wp-json\/wp\/v2\/product_tag?post=3032"}],"curies":[{"name":"wp","href":"https:\/\/api.w.org\/{rel}","templated":true}]}}