{"id":3028,"date":"2025-07-31T11:33:50","date_gmt":"2025-07-31T03:33:50","guid":{"rendered":"https:\/\/www.andelutech.com\/?post_type=product&#038;p=3028"},"modified":"2026-03-26T15:36:53","modified_gmt":"2026-03-26T07:36:53","slug":"three-axis-closed-loop-fiber-optic-gyro-combination-and-3120","status":"publish","type":"product","link":"https:\/\/www.andelutech.com\/tr\/product\/three-axis-closed-loop-fiber-optic-gyro-combination-and-3120\/","title":{"rendered":"AND-3120 Three-axis closed-loop fiber optic gyro combination"},"content":{"rendered":"","protected":false},"excerpt":{"rendered":"<p>Ana performans g\u00f6stergeleri<\/p>\n<p>S\u0131f\u0131r \u00f6nyarg\u0131 istikrar\u0131: \u22640.004 \u00b0 \/ h (100s, 1\u03c3)<\/p>\n<p>S\u0131f\u0131r \u00f6nyarg\u0131 tekrarlanabilirli\u011fi: \u22640.007 \u00b0 \/ h<\/p>\n<p>De\u011fi\u015fken s\u0131cakl\u0131k istikrar\u0131: \u22640.01 \u00b0 \/ saat (100s, 1\u03c3, 0.3 \u2103 \/ dakika)<\/p>\n<p>\u00d6l\u00e7ek fakt\u00f6r\u00fc do\u011frusal olmayan: \u22645ppm<\/p>\n<p>Tam s\u0131cakl\u0131k \u00f6l\u00e7eki tekrarlanabilirli\u011fi: \u226420ppm (1\u03c3)<\/p>\n<p>Dinamik aral\u0131\u011f\u0131: \u00b1 400 \u00b0 \/ s<\/p>\n<p>Rasgele dola\u015fma: \u22640.0004 \u00b0 \/ \u221ah<\/p>\n<p>Fiziksel \u00f6zellikler<\/p>\n<p>Boyutlar:<\/p>\n<p>Ba\u015fl\u0131k \u03a693mm \u00d7 17mm<\/p>\n<p>Elektronik kutu 120mm \u00d7 105mm \u00d7 26mm<\/p>\n<p>A\u011f\u0131rl\u0131k<\/p>\n<p>Ba\u015fl\u0131k: 200g \u00d7 3<\/p>\n<p>Elektronik kutu: 250g<\/p>\n<p>\u00dcr\u00fcn aray\u00fcz\u00fc<\/p>\n<p>G\u00fc\u00e7 kayna\u011f\u0131 gereksinimleri: \u00b1 5V<\/p>\n<p>\u00c7\u0131k\u0131\u015f formu: RS422 \u00e7\u0131k\u0131\u015f<\/p>\n<p>\u00c7evresel uyarlanabilirlik<\/p>\n<p>\u00c7al\u0131\u015fma s\u0131cakl\u0131\u011f\u0131: -45 \u2103 - 75 \u2103<\/p>\n<p>Depolama s\u0131cakl\u0131\u011f\u0131: -55 \u2103 - 75 \u2103<\/p>\n<p>Darbeye dayan\u0131kl\u0131: 40g<\/p>\n<p>Rasgele titremelere dayan\u0131kl\u0131: 6.85g<\/p>\n<p>\u00dcr\u00fcn \u00f6zellikleri<\/p>\n<p>\u00d6zellikler: \u00dcr\u00fcn manyetik koruma korumas\u0131 ile \u00fc\u00e7 eksenli bir par\u00e7a yap\u0131 benimser<\/p>\n<p>Uygulama alan\u0131: Y\u00fcksek performansl\u0131 navigasyon ve konumland\u0131rma y\u00f6nelimi<\/p>","protected":false},"featured_media":2965,"comment_status":"closed","ping_status":"closed","template":"","meta":[],"product_brand":[],"product_cat":[22],"product_tag":[],"class_list":{"0":"post-3028","1":"product","2":"type-product","3":"status-publish","4":"has-post-thumbnail","6":"product_cat-gyro-sensor","8":"first","9":"instock","10":"shipping-taxable","11":"product-type-simple"},"_links":{"self":[{"href":"https:\/\/www.andelutech.com\/tr\/wp-json\/wp\/v2\/product\/3028","targetHints":{"allow":["GET"]}}],"collection":[{"href":"https:\/\/www.andelutech.com\/tr\/wp-json\/wp\/v2\/product"}],"about":[{"href":"https:\/\/www.andelutech.com\/tr\/wp-json\/wp\/v2\/types\/product"}],"replies":[{"embeddable":true,"href":"https:\/\/www.andelutech.com\/tr\/wp-json\/wp\/v2\/comments?post=3028"}],"wp:featuredmedia":[{"embeddable":true,"href":"https:\/\/www.andelutech.com\/tr\/wp-json\/wp\/v2\/media\/2965"}],"wp:attachment":[{"href":"https:\/\/www.andelutech.com\/tr\/wp-json\/wp\/v2\/media?parent=3028"}],"wp:term":[{"taxonomy":"product_brand","embeddable":true,"href":"https:\/\/www.andelutech.com\/tr\/wp-json\/wp\/v2\/product_brand?post=3028"},{"taxonomy":"product_cat","embeddable":true,"href":"https:\/\/www.andelutech.com\/tr\/wp-json\/wp\/v2\/product_cat?post=3028"},{"taxonomy":"product_tag","embeddable":true,"href":"https:\/\/www.andelutech.com\/tr\/wp-json\/wp\/v2\/product_tag?post=3028"}],"curies":[{"name":"wp","href":"https:\/\/api.w.org\/{rel}","templated":true}]}}