{"id":3023,"date":"2025-07-31T11:27:13","date_gmt":"2025-07-31T03:27:13","guid":{"rendered":"https:\/\/www.andelutech.com\/?post_type=product&#038;p=3023"},"modified":"2026-03-26T16:13:04","modified_gmt":"2026-03-26T08:13:04","slug":"three-axis-closed-loop-fiber-optic-gyroscope-and-3140a","status":"publish","type":"product","link":"https:\/\/www.andelutech.com\/tr\/product\/three-axis-closed-loop-fiber-optic-gyroscope-and-3140a\/","title":{"rendered":"AND-3140A Three-axis closed-loop fiber optic gyroscope"},"content":{"rendered":"","protected":false},"excerpt":{"rendered":"<p>Ana performans g\u00f6stergeleri<\/p>\n<p>S\u0131f\u0131r \u00f6nyarg\u0131 istikrar\u0131: \u22640.0006 \u00b0 \/ h (100s, 1\u03c3)<\/p>\n<p>S\u0131f\u0131r \u00f6nyarg\u0131 tekrarlanabilirli\u011fi: \u22640.0006 \u00b0 \/ h<\/p>\n<p>De\u011fi\u015fken s\u0131cakl\u0131k istikrar\u0131: \u22640.005 \u00b0 \/ saat (100s, 1\u03c3, 0.3 \u2103 \/ dakika)<\/p>\n<p>\u00d6l\u00e7ek fakt\u00f6r\u00fc do\u011frusal olmayan: \u22645ppm<\/p>\n<p>Tam s\u0131cakl\u0131k \u00f6l\u00e7eki tekrarlanabilirli\u011fi: \u226420ppm (1\u03c3)<\/p>\n<p>Dinamik aral\u0131\u011f\u0131: \u00b1 400 \u00b0 \/ s<\/p>\n<p>Rasgele dola\u015fma: \u22640.00007 \u00b0 \/ \u221a h<\/p>\n<p>Fiziksel \u00f6zellikler<\/p>\n<p>Boyutlar:&#8221; Ba\u015fl\u0131k: \u03a6140mm \u00d7 29mm<\/p>\n<p>Elektronik kutu: 132mm \u00d7 100mm \u00d7 40mm &amp; #8221;<\/p>\n<p>A\u011f\u0131rl\u0131k :<\/p>\n<p>&#8220; Ba\u015fl\u0131k: (820g \u00b1 20g) \u00d7 3<\/p>\n<p>Elektronik kutu: 450g \u00b1 20g &#8221;<\/p>\n<p>\u00dcr\u00fcn aray\u00fcz\u00fc<\/p>\n<p>G\u00fc\u00e7 kayna\u011f\u0131 gereksinimleri: \u00b1 5V<\/p>\n<p>\u00c7\u0131k\u0131\u015f formu: RS422 \u00e7\u0131k\u0131\u015f<\/p>\n<p>\u00c7evresel uyarlanabilirlik<\/p>\n<p>\u00c7al\u0131\u015fma s\u0131cakl\u0131\u011f\u0131: -40 \u2103 - 60 \u2103<\/p>\n<p>Depolama s\u0131cakl\u0131\u011f\u0131: -50 \u2103 - 75 \u2103<\/p>\n<p>\u00dcr\u00fcn \u00f6zellikleri<\/p>\n<p>\u00d6zellikler: Fotoelektrik b\u00f6l\u00fcnm\u00fc\u015f tasar\u0131m, manyetik koruma tasar\u0131m\u0131<\/p>\n<p>Uygulama alan\u0131: Ultra y\u00fcksek hassasiyetli navigasyon ve konumland\u0131rma y\u00f6nelimi<\/p>","protected":false},"featured_media":2966,"comment_status":"closed","ping_status":"closed","template":"","meta":[],"product_brand":[],"product_cat":[22],"product_tag":[],"class_list":{"0":"post-3023","1":"product","2":"type-product","3":"status-publish","4":"has-post-thumbnail","6":"product_cat-gyro-sensor","8":"first","9":"instock","10":"shipping-taxable","11":"product-type-simple"},"_links":{"self":[{"href":"https:\/\/www.andelutech.com\/tr\/wp-json\/wp\/v2\/product\/3023","targetHints":{"allow":["GET"]}}],"collection":[{"href":"https:\/\/www.andelutech.com\/tr\/wp-json\/wp\/v2\/product"}],"about":[{"href":"https:\/\/www.andelutech.com\/tr\/wp-json\/wp\/v2\/types\/product"}],"replies":[{"embeddable":true,"href":"https:\/\/www.andelutech.com\/tr\/wp-json\/wp\/v2\/comments?post=3023"}],"wp:featuredmedia":[{"embeddable":true,"href":"https:\/\/www.andelutech.com\/tr\/wp-json\/wp\/v2\/media\/2966"}],"wp:attachment":[{"href":"https:\/\/www.andelutech.com\/tr\/wp-json\/wp\/v2\/media?parent=3023"}],"wp:term":[{"taxonomy":"product_brand","embeddable":true,"href":"https:\/\/www.andelutech.com\/tr\/wp-json\/wp\/v2\/product_brand?post=3023"},{"taxonomy":"product_cat","embeddable":true,"href":"https:\/\/www.andelutech.com\/tr\/wp-json\/wp\/v2\/product_cat?post=3023"},{"taxonomy":"product_tag","embeddable":true,"href":"https:\/\/www.andelutech.com\/tr\/wp-json\/wp\/v2\/product_tag?post=3023"}],"curies":[{"name":"wp","href":"https:\/\/api.w.org\/{rel}","templated":true}]}}