{"id":3009,"date":"2025-07-31T10:43:47","date_gmt":"2025-07-31T02:43:47","guid":{"rendered":"https:\/\/www.andelutech.com\/?post_type=product&#038;p=3009"},"modified":"2026-03-26T16:35:04","modified_gmt":"2026-03-26T08:35:04","slug":"miniaturized-digital-laser-gyroscope-type-50","status":"publish","type":"product","link":"https:\/\/www.andelutech.com\/tr\/product\/miniaturized-digital-laser-gyroscope-type-50\/","title":{"rendered":"AND50 Miniaturized digital laser gyroscope"},"content":{"rendered":"","protected":false},"excerpt":{"rendered":"<p>Performans metrikleri<\/p>\n<p>S\u0131f\u0131r \u00f6nyarg\u0131 istikrar\u0131: \u22640.007 \u00b0 \/ h<\/p>\n<p>S\u0131f\u0131r tarafl\u0131 tekrarlanabilirlik: \u22640.007 \u00b0 \/ h<\/p>\n<p>\u00d6l\u00e7ek fakt\u00f6rlerinin tekrarlanabilirli\u011fi: \u22645ppm<\/p>\n<p>\u00d6l\u00e7ek fakt\u00f6r\u00fc do\u011frusal olmayan: \u22645ppm<\/p>\n<p>Dinamik aral\u0131\u011f\u0131: \u00b1 400 \u00b0 \/ s<\/p>\n<p>Fiziksel \u00f6zellikler<\/p>\n<p>Sens\u00f6r tipi<strong><b>\uff1a<\/b><\/strong><\/p>\n<p>Boyut: 76mm \u00d7 73mm \u00d7 25.5mm<\/p>\n<p>A\u011f\u0131rl\u0131k: 0.25kg<\/p>\n<p>Dijital tip<strong><b>\uff1a<\/b><\/strong><\/p>\n<p>Paket boyutu: \u03a694mm \u00d7 48mm<\/p>\n<p>A\u011f\u0131rl\u0131k: 0.55kg<\/p>\n<p>Aray\u00fcz \u00f6zellikleri<\/p>\n<p>Sens\u00f6r Tipi<strong><b>\uff1a<\/b><\/strong><\/p>\n<p>\u00c7\u0131k\u0131\u015f modu: analog sinyal<\/p>\n<p>Dijital tip<strong><b>\uff1a<\/b><\/strong><\/p>\n<p>\u00c7\u0131k\u0131\u015f y\u00f6ntemi: RS422<\/p>\n<p>Veri aray\u00fcz\u00fc: standart konekt\u00f6r<\/p>\n<p>Ba\u015fvuru<\/p>\n<p>Miniat\u00fcr lazer kay\u0131\u015f a\u015fa\u011f\u0131 inersyel rehberlik sistemi<\/p>\n<p>\u00c7evresel uyarlanabilirlik<\/p>\n<p>\u00c7al\u0131\u015fma s\u0131cakl\u0131\u011f\u0131: -45 \u2103 ~ 70 \u2103<\/p>\n<p>Rasgele titre\u015fim: 7g (20 ~ 2000Hz)<\/p>","protected":false},"featured_media":3315,"comment_status":"closed","ping_status":"closed","template":"","meta":[],"product_brand":[],"product_cat":[22],"product_tag":[],"class_list":{"0":"post-3009","1":"product","2":"type-product","3":"status-publish","4":"has-post-thumbnail","6":"product_cat-gyro-sensor","8":"first","9":"instock","10":"shipping-taxable","11":"product-type-simple"},"_links":{"self":[{"href":"https:\/\/www.andelutech.com\/tr\/wp-json\/wp\/v2\/product\/3009","targetHints":{"allow":["GET"]}}],"collection":[{"href":"https:\/\/www.andelutech.com\/tr\/wp-json\/wp\/v2\/product"}],"about":[{"href":"https:\/\/www.andelutech.com\/tr\/wp-json\/wp\/v2\/types\/product"}],"replies":[{"embeddable":true,"href":"https:\/\/www.andelutech.com\/tr\/wp-json\/wp\/v2\/comments?post=3009"}],"wp:featuredmedia":[{"embeddable":true,"href":"https:\/\/www.andelutech.com\/tr\/wp-json\/wp\/v2\/media\/3315"}],"wp:attachment":[{"href":"https:\/\/www.andelutech.com\/tr\/wp-json\/wp\/v2\/media?parent=3009"}],"wp:term":[{"taxonomy":"product_brand","embeddable":true,"href":"https:\/\/www.andelutech.com\/tr\/wp-json\/wp\/v2\/product_brand?post=3009"},{"taxonomy":"product_cat","embeddable":true,"href":"https:\/\/www.andelutech.com\/tr\/wp-json\/wp\/v2\/product_cat?post=3009"},{"taxonomy":"product_tag","embeddable":true,"href":"https:\/\/www.andelutech.com\/tr\/wp-json\/wp\/v2\/product_tag?post=3009"}],"curies":[{"name":"wp","href":"https:\/\/api.w.org\/{rel}","templated":true}]}}