{"id":2998,"date":"2025-07-30T16:17:33","date_gmt":"2025-07-30T08:17:33","guid":{"rendered":"https:\/\/www.andelutech.com\/?post_type=product&#038;p=2998"},"modified":"2026-01-09T13:40:56","modified_gmt":"2026-01-09T05:40:56","slug":"closed-loop-fiber-optic-gyroscope-and98hb","status":"publish","type":"product","link":"https:\/\/www.andelutech.com\/tr\/product\/closed-loop-fiber-optic-gyroscope-and98hb\/","title":{"rendered":"AND98HB Closed-loop fiber optic gyroscope"},"content":{"rendered":"","protected":false},"excerpt":{"rendered":"<p>Ana performans g\u00f6stergeleri<\/p>\n<p>S\u0131f\u0131r \u00f6nyarg\u0131 istikrar\u0131: \u22640.015 \u00b0 \/ h (10s, 1\u03c3)<\/p>\n<p>S\u0131f\u0131r \u00f6nyarg\u0131 tekrarlanabilirlik: \u22640.01 \u00b0 \/ h<\/p>\n<p>De\u011fi\u015fken s\u0131cakl\u0131k istikrar\u0131: \u22640.02 \u00b0 \/ h (100s, 1\u03c3)<\/p>\n<p>\u00d6l\u00e7ek fakt\u00f6r\u00fc do\u011frusal olmayan: \u22645ppm<\/p>\n<p>Tam s\u0131cakl\u0131k \u00f6l\u00e7eklerinin tekrarlanabilirli\u011fi: \u226450ppm (1\u03c3)<\/p>\n<p>dinamik aral\u0131\u011f\u0131: \u00b1 400 \u00b0 \/ s<\/p>\n<p>Rasgele dola\u015fma: \u22640.0008 \u00b0 \/ \u221a h<\/p>\n<p>Fiziksel \u00f6zellikler<\/p>\n<p>Boyutlar: 98mm \u00d7 98mm \u00d7 35mm<\/p>\n<p>A\u011f\u0131rl\u0131k: 530g \u00b1 20g<\/p>\n<p>\u00c7evresel uyarlanabilirlik<\/p>\n<p>\u00c7al\u0131\u015fma s\u0131cakl\u0131\u011f\u0131: -40 \u2103 - 70 \u2103<\/p>\n<p>Depolama s\u0131cakl\u0131\u011f\u0131: -50 \u2103 - 70 \u2103<\/p>\n<p>Darbeye dayan\u0131kl\u0131: 20g<\/p>\n<p>Rasgele titremelere dayan\u0131kl\u0131: 5.3g<\/p>\n<p>\u00dcr\u00fcn aray\u00fcz\u00fc<\/p>\n<p>G\u00fc\u00e7 kayna\u011f\u0131 gereksinimleri: \u00b1 5V<\/p>\n<p>\u00c7\u0131k\u0131\u015f formu: RS422output<\/p>\n<p>\u00dcr\u00fcn \u00f6zellikleri<\/p>\n<p>\u00dcr\u00fcn, manyetik koruma korumas\u0131 ile tamamen kat\u0131 durumdaki bir fotoelektronik entegre yap\u0131 benimser<\/p>\n<p>Uygulama alanlar\u0131: orta ve uzun menzilli taktik silahlar, strapdown tutum sistemi ve inersyel rehberlik ve di\u011fer alanlar<\/p>","protected":false},"featured_media":3323,"comment_status":"closed","ping_status":"closed","template":"","meta":[],"product_brand":[],"product_cat":[22],"product_tag":[],"class_list":{"0":"post-2998","1":"product","2":"type-product","3":"status-publish","4":"has-post-thumbnail","6":"product_cat-gyro-sensor","8":"first","9":"instock","10":"shipping-taxable","11":"product-type-simple"},"_links":{"self":[{"href":"https:\/\/www.andelutech.com\/tr\/wp-json\/wp\/v2\/product\/2998","targetHints":{"allow":["GET"]}}],"collection":[{"href":"https:\/\/www.andelutech.com\/tr\/wp-json\/wp\/v2\/product"}],"about":[{"href":"https:\/\/www.andelutech.com\/tr\/wp-json\/wp\/v2\/types\/product"}],"replies":[{"embeddable":true,"href":"https:\/\/www.andelutech.com\/tr\/wp-json\/wp\/v2\/comments?post=2998"}],"wp:featuredmedia":[{"embeddable":true,"href":"https:\/\/www.andelutech.com\/tr\/wp-json\/wp\/v2\/media\/3323"}],"wp:attachment":[{"href":"https:\/\/www.andelutech.com\/tr\/wp-json\/wp\/v2\/media?parent=2998"}],"wp:term":[{"taxonomy":"product_brand","embeddable":true,"href":"https:\/\/www.andelutech.com\/tr\/wp-json\/wp\/v2\/product_brand?post=2998"},{"taxonomy":"product_cat","embeddable":true,"href":"https:\/\/www.andelutech.com\/tr\/wp-json\/wp\/v2\/product_cat?post=2998"},{"taxonomy":"product_tag","embeddable":true,"href":"https:\/\/www.andelutech.com\/tr\/wp-json\/wp\/v2\/product_tag?post=2998"}],"curies":[{"name":"wp","href":"https:\/\/api.w.org\/{rel}","templated":true}]}}