{"id":2997,"date":"2025-07-30T16:00:46","date_gmt":"2025-07-30T08:00:46","guid":{"rendered":"https:\/\/www.andelutech.com\/?post_type=product&#038;p=2997"},"modified":"2026-01-09T13:41:26","modified_gmt":"2026-01-09T05:41:26","slug":"closed-loop-fiber-optic-gyroscope-and98mb","status":"publish","type":"product","link":"https:\/\/www.andelutech.com\/tr\/product\/closed-loop-fiber-optic-gyroscope-and98mb\/","title":{"rendered":"AND98MB Closed-loop fiber optic gyroscope"},"content":{"rendered":"","protected":false},"excerpt":{"rendered":"<p>Ana performans g\u00f6stergeleri<\/p>\n<p>S\u0131f\u0131r \u00f6nyarg\u0131 istikrar\u0131: 0,020 \u00b0 \/ h (10s, 1\u03c3)<\/p>\n<p>S\u0131f\u0131r \u00f6nyarg\u0131 tekrarlanabilirlik: \u22640.01 \u00b0 \/ h<\/p>\n<p>De\u011fi\u015fken s\u0131cakl\u0131k istikrar\u0131: \u22640.05 \u00b0 \/ saat (10s, 1\u03c3, 1 \u2103 \/ dakika)<\/p>\n<p>\u00d6l\u00e7ek fakt\u00f6r\u00fc do\u011frusal olmayan: \u226425ppm<\/p>\n<p>Tam s\u0131cakl\u0131k \u00f6l\u00e7eki tekrarlanabilirli\u011fi: \u2264100ppm (1\u03c3)<\/p>\n<p>Dinamik aral\u0131\u011f\u0131: \u00b1 400 \u00b0 \/ s<\/p>\n<p>Rasgele dola\u015fma: \u22640.003 \u00b0 \/ \u221a h<\/p>\n<p>Fiziksel \u00f6zellikler<\/p>\n<p>Boyutlar: 98mm \u00d7 98mm \u00d7 35mm<\/p>\n<p>A\u011f\u0131rl\u0131k: 540g \u00b1 20g<\/p>\n<p>\u00c7evresel uyarlanabilirlik<\/p>\n<p>\u00c7al\u0131\u015fma s\u0131cakl\u0131\u011f\u0131: -40 \u2103 - 70 \u2103<\/p>\n<p>Depolama s\u0131cakl\u0131\u011f\u0131: -45 \u2103 - 70 \u2103<\/p>\n<p>Darbeye dayan\u0131kl\u0131: 20g<\/p>\n<p>Rasgele titremelere dayan\u0131kl\u0131: 5.4g<\/p>\n<p>\u00dcr\u00fcn aray\u00fcz\u00fc<\/p>\n<p>G\u00fc\u00e7 kayna\u011f\u0131 gereksinimleri: \u00b1 5V<\/p>\n<p>\u00c7\u0131k\u0131\u015f formu: RS422output<\/p>\n<p>\u00dcr\u00fcn \u00f6zellikleri<\/p>\n<p>1310nm sistemine dayanan d\u00fc\u015f\u00fck maliyetli, y\u00fcksek hassasiyetli fiber optik jiroskop<\/p>\n<p>Uygulama alan\u0131: sivil y\u00fcksek hassasiyetli navigasyon<\/p>","protected":false},"featured_media":3324,"comment_status":"closed","ping_status":"closed","template":"","meta":[],"product_brand":[],"product_cat":[22],"product_tag":[],"class_list":{"0":"post-2997","1":"product","2":"type-product","3":"status-publish","4":"has-post-thumbnail","6":"product_cat-gyro-sensor","8":"first","9":"instock","10":"shipping-taxable","11":"product-type-simple"},"_links":{"self":[{"href":"https:\/\/www.andelutech.com\/tr\/wp-json\/wp\/v2\/product\/2997","targetHints":{"allow":["GET"]}}],"collection":[{"href":"https:\/\/www.andelutech.com\/tr\/wp-json\/wp\/v2\/product"}],"about":[{"href":"https:\/\/www.andelutech.com\/tr\/wp-json\/wp\/v2\/types\/product"}],"replies":[{"embeddable":true,"href":"https:\/\/www.andelutech.com\/tr\/wp-json\/wp\/v2\/comments?post=2997"}],"wp:featuredmedia":[{"embeddable":true,"href":"https:\/\/www.andelutech.com\/tr\/wp-json\/wp\/v2\/media\/3324"}],"wp:attachment":[{"href":"https:\/\/www.andelutech.com\/tr\/wp-json\/wp\/v2\/media?parent=2997"}],"wp:term":[{"taxonomy":"product_brand","embeddable":true,"href":"https:\/\/www.andelutech.com\/tr\/wp-json\/wp\/v2\/product_brand?post=2997"},{"taxonomy":"product_cat","embeddable":true,"href":"https:\/\/www.andelutech.com\/tr\/wp-json\/wp\/v2\/product_cat?post=2997"},{"taxonomy":"product_tag","embeddable":true,"href":"https:\/\/www.andelutech.com\/tr\/wp-json\/wp\/v2\/product_tag?post=2997"}],"curies":[{"name":"wp","href":"https:\/\/api.w.org\/{rel}","templated":true}]}}