{"id":2946,"date":"2025-07-30T13:37:26","date_gmt":"2025-07-30T05:37:26","guid":{"rendered":"https:\/\/www.andelutech.com\/?post_type=product&#038;p=2946"},"modified":"2026-03-26T16:45:22","modified_gmt":"2026-03-26T08:45:22","slug":"closed-loop-fiber-optic-gyroscope-and-120","status":"publish","type":"product","link":"https:\/\/www.andelutech.com\/tr\/product\/closed-loop-fiber-optic-gyroscope-and-120\/","title":{"rendered":"AND-120 Closed-loop fiber optic gyroscope"},"content":{"rendered":"","protected":false},"excerpt":{"rendered":"<p>Ana performans g\u00f6stergesi:<\/p>\n<p>S\u0131f\u0131r \u00f6nyarg\u0131 istikrar\u0131: \u22640.3 \u00b0 \/ h (10s, 1\u03c3)<\/p>\n<p>S\u0131f\u0131r \u00f6nyarg\u0131 istikrar\u0131: \u22640.3 \u00b0 \/ h<\/p>\n<p>De\u011fi\u015fken s\u0131cakl\u0131k istikrar\u0131: \u22641 \u00b0 \/ h (10s, 1\u03c3)<\/p>\n<p>\u00d6l\u00e7ek fakt\u00f6r\u00fc do\u011frusal olmayan: \u226450ppm<\/p>\n<p>Tam s\u0131cakl\u0131k \u00f6l\u00e7eki tekrarlanabilirli\u011fi \u2264300ppm (1\u03c3) dinamik aral\u0131\u011f\u0131: \u00b1 1000 \u00b0 \/ s<\/p>\n<p>Fiziksel \u00f6zellikler:<\/p>\n<p>Boyutlar: 50mm \u00d7 50mm \u00d7 29.5mm<\/p>\n<p>A\u011f\u0131rl\u0131k: 135g \u00b1 15g<\/p>\n<p>\u00dcr\u00fcn aray\u00fczleri:<\/p>\n<p>G\u00fc\u00e7 kayna\u011f\u0131 gereksinimleri: \u00b1 5V<\/p>\n<p>\u00c7\u0131k\u0131\u015f formu: RS422 \u00e7\u0131k\u0131\u015f<\/p>\n<p>\u00c7evresel uyumluluk:<\/p>\n<p>\u00c7al\u0131\u015fma s\u0131cakl\u0131\u011f\u0131: -45 \u2103 - 75 \u2103<\/p>\n<p>Depolama s\u0131cakl\u0131\u011f\u0131 55 \u2103 - 85 \u2103<\/p>\n<p>Darbeye dayan\u0131kl\u0131: 100g<\/p>\n<p>Rasgele titre\u015fimlere dayan\u0131kl\u0131: 13g<\/p>\n<p>H\u0131zland\u0131rma direnci: 50g<\/p>\n<p>\u00d6zellikleri:<\/p>\n<p>\u00dcr\u00fcn entegre bir fotoelektrik yap\u0131s\u0131n\u0131 benimser,<\/p>\n<p>tam kat\u0131 durum, manyetik koruma korumas\u0131 ile ve% 100 yerle\u015ftirilmi\u015ftir<\/p>\n<p>Uygulamalar: Rehberlik, navigasyon<\/p>","protected":false},"featured_media":3329,"comment_status":"closed","ping_status":"closed","template":"","meta":[],"product_brand":[],"product_cat":[22],"product_tag":[],"class_list":{"0":"post-2946","1":"product","2":"type-product","3":"status-publish","4":"has-post-thumbnail","6":"product_cat-gyro-sensor","8":"first","9":"instock","10":"shipping-taxable","11":"product-type-simple"},"_links":{"self":[{"href":"https:\/\/www.andelutech.com\/tr\/wp-json\/wp\/v2\/product\/2946","targetHints":{"allow":["GET"]}}],"collection":[{"href":"https:\/\/www.andelutech.com\/tr\/wp-json\/wp\/v2\/product"}],"about":[{"href":"https:\/\/www.andelutech.com\/tr\/wp-json\/wp\/v2\/types\/product"}],"replies":[{"embeddable":true,"href":"https:\/\/www.andelutech.com\/tr\/wp-json\/wp\/v2\/comments?post=2946"}],"wp:featuredmedia":[{"embeddable":true,"href":"https:\/\/www.andelutech.com\/tr\/wp-json\/wp\/v2\/media\/3329"}],"wp:attachment":[{"href":"https:\/\/www.andelutech.com\/tr\/wp-json\/wp\/v2\/media?parent=2946"}],"wp:term":[{"taxonomy":"product_brand","embeddable":true,"href":"https:\/\/www.andelutech.com\/tr\/wp-json\/wp\/v2\/product_brand?post=2946"},{"taxonomy":"product_cat","embeddable":true,"href":"https:\/\/www.andelutech.com\/tr\/wp-json\/wp\/v2\/product_cat?post=2946"},{"taxonomy":"product_tag","embeddable":true,"href":"https:\/\/www.andelutech.com\/tr\/wp-json\/wp\/v2\/product_tag?post=2946"}],"curies":[{"name":"wp","href":"https:\/\/api.w.org\/{rel}","templated":true}]}}