{"id":2941,"date":"2025-07-30T13:27:15","date_gmt":"2025-07-30T05:27:15","guid":{"rendered":"https:\/\/www.andelutech.com\/?post_type=product&#038;p=2941"},"modified":"2026-03-26T16:47:39","modified_gmt":"2026-03-26T08:47:39","slug":"motion-reference-unit-series-and-mru-c","status":"publish","type":"product","link":"https:\/\/www.andelutech.com\/tr\/product\/motion-reference-unit-series-and-mru-c\/","title":{"rendered":"AND-MRU-C Motion reference unit series"},"content":{"rendered":"","protected":false},"excerpt":{"rendered":"<p>AND-MRU, \u00e7ekirdek sens\u00f6r\u00fc olarak y\u00fcksek hassasiyetli bir MEMS IMU kullanan ve geli\u015fmi\u015f y\u00fcksek hassasiyetli tutum ve y\u00fckseli\u015f ve d\u00fc\u015fme algoritmalar\u0131n\u0131 birle\u015ftiren bir hareket referans \u00fcnitesi (MRU) \u00fcr\u00fcn\u00fcd\u00fcr. Bu cihaz, nesnelerin y\u00fckseli\u015f, yuvarlama ve y\u00fckseli\u015f ve ayar y\u00f6nlerinde ger\u00e7ek zamanl\u0131 \u00f6l\u00e7\u00fcm bilgileri sa\u011flayabilir ve y\u00fcksek hassasiyetli hareket izleme gerektiren senaryolarda yayg\u0131n olarak kullan\u0131l\u0131r. Deniz uygulamalar\u0131nda, MRU'lar gemilerin ve deniz yap\u0131lar\u0131n\u0131n dinamik tutumunu izlemek i\u00e7in kullan\u0131l\u0131r, dalgalar ve r\u00fczgar gibi karma\u015f\u0131k ortamlarda dengelerini ve istikrarlar\u0131n\u0131 sa\u011flar.<\/p>\n<p>\u00dcr\u00fcn performans g\u00f6stergeleri<br \/>\n\u00c7al\u0131\u015fma s\u0131cakl\u0131\u011f\u0131: -40 \u00b0 C ~ 80 \u00b0 C<br \/>\nDepolama s\u0131cakl\u0131\u011f\u0131: -45 \u00b0 C ~ 85 \u00b0 C<br \/>\nGerilim: 6V ~ 30V<br \/>\nG\u00fc\u00e7 t\u00fcketimi: \u22643.0W<\/p>","protected":false},"featured_media":3332,"comment_status":"closed","ping_status":"closed","template":"","meta":[],"product_brand":[],"product_cat":[26],"product_tag":[],"class_list":{"0":"post-2941","1":"product","2":"type-product","3":"status-publish","4":"has-post-thumbnail","6":"product_cat-imu-mems-ins","8":"first","9":"instock","10":"shipping-taxable","11":"product-type-simple"},"_links":{"self":[{"href":"https:\/\/www.andelutech.com\/tr\/wp-json\/wp\/v2\/product\/2941","targetHints":{"allow":["GET"]}}],"collection":[{"href":"https:\/\/www.andelutech.com\/tr\/wp-json\/wp\/v2\/product"}],"about":[{"href":"https:\/\/www.andelutech.com\/tr\/wp-json\/wp\/v2\/types\/product"}],"replies":[{"embeddable":true,"href":"https:\/\/www.andelutech.com\/tr\/wp-json\/wp\/v2\/comments?post=2941"}],"wp:featuredmedia":[{"embeddable":true,"href":"https:\/\/www.andelutech.com\/tr\/wp-json\/wp\/v2\/media\/3332"}],"wp:attachment":[{"href":"https:\/\/www.andelutech.com\/tr\/wp-json\/wp\/v2\/media?parent=2941"}],"wp:term":[{"taxonomy":"product_brand","embeddable":true,"href":"https:\/\/www.andelutech.com\/tr\/wp-json\/wp\/v2\/product_brand?post=2941"},{"taxonomy":"product_cat","embeddable":true,"href":"https:\/\/www.andelutech.com\/tr\/wp-json\/wp\/v2\/product_cat?post=2941"},{"taxonomy":"product_tag","embeddable":true,"href":"https:\/\/www.andelutech.com\/tr\/wp-json\/wp\/v2\/product_tag?post=2941"}],"curies":[{"name":"wp","href":"https:\/\/api.w.org\/{rel}","templated":true}]}}