{"id":2936,"date":"2025-07-30T10:48:38","date_gmt":"2025-07-30T02:48:38","guid":{"rendered":"https:\/\/www.andelutech.com\/?post_type=product&#038;p=2936"},"modified":"2026-03-26T16:49:11","modified_gmt":"2026-03-26T08:49:11","slug":"anti-interference-antenna-and-receiver-series-and-dr65","status":"publish","type":"product","link":"https:\/\/www.andelutech.com\/tr\/product\/anti-interference-antenna-and-receiver-series-and-dr65\/","title":{"rendered":"AND-DR65 Anti-interference antenna and receiver series"},"content":{"rendered":"<p>\u00dcr\u00fcn performans g\u00f6stergeleri<br \/>\n\u00c7al\u0131\u015fma s\u0131cakl\u0131\u011f\u0131: -40 \u00b0 C ~ 85 \u00b0 C<br \/>\nDepolama s\u0131cakl\u0131\u011f\u0131: -45 \u00b0 C ~ 85 \u00b0 C<br \/>\nGerilim: 9V ~ 36V<br \/>\nG\u00fc\u00e7 t\u00fcketimi: \u22648.0W<br \/>\nHacim: \u226465mm \u00d7 65mm \u00d7 30mm<br \/>\nA\u011f\u0131rl\u0131k: \u2264 160g<br \/>\n\u0130leti\u015fim aray\u00fcz\u00fc: R5422<\/p>","protected":false},"excerpt":{"rendered":"<p>AND-DR65 ultra kompakt m\u00fcdahale \u00f6nleyici al\u0131c\u0131, \u00e7e\u015fitli y\u00fcksek dinamik ta\u015f\u0131y\u0131c\u0131lar\u0131n ve y\u00fcksek dinamik uygulamalar\u0131n teknik gereksinimlerini kar\u015f\u0131layabilen BDS B11 ve GP5 L1 frekans noktas\u0131 sinyallerini alabilen 4 kanall\u0131 dizi anteni m\u00fcdahale \u00f6nleyici ve y\u00fcksek performansl\u0131 al\u0131c\u0131y\u0131 entegre eder ve antenin titreme kayna\u011f\u0131, RF, m\u00fcdahale \u00f6nleyici mod\u00fcl\u00fc, uydu al\u0131c\u0131 baz bant\u0131 ve \u00e7\u00f6z\u00fcm\u00fcn\u00fcn entegre tasar\u0131m\u0131n\u0131 \u00e7ok k\u00fc\u00e7\u00fck bir boyutta ger\u00e7ekle\u015ftirir ve y\u00fcksek g\u00fcvenilirlik ve d\u00fc\u015f\u00fck maliyetli uygulamalar\u0131n ihtiya\u00e7lar\u0131n\u0131 kar\u015f\u0131lar.<\/p>\n<p>Tek ta\u015f\u0131y\u0131c\u0131, s\u00fcp\u00fcr\u00fclen frekans, darbe, geni\u015f bant mod\u00fclasyonu, testere di\u015fi dalgas\u0131, \u00fc\u00e7gen dalgas\u0131 ve di\u011fer t\u00fcrl\u00fc m\u00fcdahale ve herhangi bir m\u00fcdahale kombinasyonu dahil olmak \u00fczere ancak bunlarla s\u0131n\u0131rl\u0131 olmayan her t\u00fcrl\u00fc bast\u0131r\u0131lm\u0131\u015f m\u00fcdahaleye direnme yetene\u011fine sahiptir.<\/p>\n<p>&nbsp;<\/p>","protected":false},"featured_media":2937,"comment_status":"closed","ping_status":"closed","template":"","meta":[],"product_brand":[],"product_cat":[26],"product_tag":[],"class_list":{"0":"post-2936","1":"product","2":"type-product","3":"status-publish","4":"has-post-thumbnail","6":"product_cat-imu-mems-ins","8":"first","9":"instock","10":"shipping-taxable","11":"product-type-simple"},"_links":{"self":[{"href":"https:\/\/www.andelutech.com\/tr\/wp-json\/wp\/v2\/product\/2936","targetHints":{"allow":["GET"]}}],"collection":[{"href":"https:\/\/www.andelutech.com\/tr\/wp-json\/wp\/v2\/product"}],"about":[{"href":"https:\/\/www.andelutech.com\/tr\/wp-json\/wp\/v2\/types\/product"}],"replies":[{"embeddable":true,"href":"https:\/\/www.andelutech.com\/tr\/wp-json\/wp\/v2\/comments?post=2936"}],"wp:featuredmedia":[{"embeddable":true,"href":"https:\/\/www.andelutech.com\/tr\/wp-json\/wp\/v2\/media\/2937"}],"wp:attachment":[{"href":"https:\/\/www.andelutech.com\/tr\/wp-json\/wp\/v2\/media?parent=2936"}],"wp:term":[{"taxonomy":"product_brand","embeddable":true,"href":"https:\/\/www.andelutech.com\/tr\/wp-json\/wp\/v2\/product_brand?post=2936"},{"taxonomy":"product_cat","embeddable":true,"href":"https:\/\/www.andelutech.com\/tr\/wp-json\/wp\/v2\/product_cat?post=2936"},{"taxonomy":"product_tag","embeddable":true,"href":"https:\/\/www.andelutech.com\/tr\/wp-json\/wp\/v2\/product_tag?post=2936"}],"curies":[{"name":"wp","href":"https:\/\/api.w.org\/{rel}","templated":true}]}}