{"id":2934,"date":"2025-07-30T10:21:37","date_gmt":"2025-07-30T02:21:37","guid":{"rendered":"https:\/\/www.andelutech.com\/?post_type=product&#038;p=2934"},"modified":"2026-03-26T16:50:14","modified_gmt":"2026-03-26T08:50:14","slug":"miniaturized-high-precision-fiber-combined-inertial-guidance-and-s70","status":"publish","type":"product","link":"https:\/\/www.andelutech.com\/tr\/product\/miniaturized-high-precision-fiber-combined-inertial-guidance-and-s70\/","title":{"rendered":"AND-S70 Miniaturized high-precision fiber combined inertial guidance"},"content":{"rendered":"","protected":false},"excerpt":{"rendered":"<p>Miniat\u00fcr entegre kombine navigasyon sistemi, fiber optik jiroskop, kuvars esnek h\u0131zlanma \u00f6l\u00e7e\u011fi, y\u00fcksek hassasiyetli IF d\u00f6n\u00fc\u015f\u00fcm devresi ve DSP \/ FPGA tabanl\u0131 veri al\u0131m ve sinyal i\u015fleme devresini benimser, bu da ta\u015f\u0131y\u0131c\u0131n\u0131n h\u0131zlanma ve a\u00e7\u0131l\u0131 h\u0131z bilgilerini \u00fc\u00e7 y\u00f6nde ayn\u0131 anda \u00f6l\u00e7ebilir. Ayn\u0131 zamanda, yerle\u015fik bir y\u00fcksek performansl\u0131 uydu al\u0131c\u0131s\u0131 (\u00e7ift antenleri destekleyen), bir bilgisayar kart\u0131 ve bir kilometre say\u0131c\u0131 al\u0131m kart\u0131 var.<\/p>","protected":false},"featured_media":2935,"comment_status":"closed","ping_status":"closed","template":"","meta":[],"product_brand":[],"product_cat":[26],"product_tag":[],"class_list":{"0":"post-2934","1":"product","2":"type-product","3":"status-publish","4":"has-post-thumbnail","6":"product_cat-imu-mems-ins","8":"first","9":"instock","10":"shipping-taxable","11":"product-type-simple"},"_links":{"self":[{"href":"https:\/\/www.andelutech.com\/tr\/wp-json\/wp\/v2\/product\/2934","targetHints":{"allow":["GET"]}}],"collection":[{"href":"https:\/\/www.andelutech.com\/tr\/wp-json\/wp\/v2\/product"}],"about":[{"href":"https:\/\/www.andelutech.com\/tr\/wp-json\/wp\/v2\/types\/product"}],"replies":[{"embeddable":true,"href":"https:\/\/www.andelutech.com\/tr\/wp-json\/wp\/v2\/comments?post=2934"}],"wp:featuredmedia":[{"embeddable":true,"href":"https:\/\/www.andelutech.com\/tr\/wp-json\/wp\/v2\/media\/2935"}],"wp:attachment":[{"href":"https:\/\/www.andelutech.com\/tr\/wp-json\/wp\/v2\/media?parent=2934"}],"wp:term":[{"taxonomy":"product_brand","embeddable":true,"href":"https:\/\/www.andelutech.com\/tr\/wp-json\/wp\/v2\/product_brand?post=2934"},{"taxonomy":"product_cat","embeddable":true,"href":"https:\/\/www.andelutech.com\/tr\/wp-json\/wp\/v2\/product_cat?post=2934"},{"taxonomy":"product_tag","embeddable":true,"href":"https:\/\/www.andelutech.com\/tr\/wp-json\/wp\/v2\/product_tag?post=2934"}],"curies":[{"name":"wp","href":"https:\/\/api.w.org\/{rel}","templated":true}]}}