{"id":2899,"date":"2025-07-07T16:41:50","date_gmt":"2025-07-07T08:41:50","guid":{"rendered":"https:\/\/www.andelutech.com\/?post_type=product&#038;p=2899"},"modified":"2026-03-26T16:55:29","modified_gmt":"2026-03-26T08:55:29","slug":"miniature-high-precision-fiber-optic-combined-inertial-navigation-and-f70","status":"publish","type":"product","link":"https:\/\/www.andelutech.com\/tr\/product\/miniature-high-precision-fiber-optic-combined-inertial-navigation-and-f70\/","title":{"rendered":"AND-F70 Miniature High Precision Fiber Optic Combined Inertial Navigation"},"content":{"rendered":"","protected":false},"excerpt":{"rendered":"<p>Miniat\u00fcr entegre k\u00f6\u015fe h\u0131z\u0131 alg\u0131lama sistemi bir fiber optik jiroskop, kuvars esnek h\u0131zlanma \u00f6l\u00e7e\u011fi, y\u00fcksek hassasiyetli bir IF d\u00f6n\u00fc\u015f\u00fcm devresi ve DSP \/ FPGA tabanl\u0131 sinyal al\u0131m ve i\u015fleme devresi kullan\u0131r. Ta\u015f\u0131y\u0131c\u0131n\u0131n h\u0131zlanma ve a\u00e7\u0131l\u0131 h\u0131z bilgilerini \u00fc\u00e7 y\u00f6nde ayn\u0131 anda \u00f6l\u00e7ebilir. Ayr\u0131ca yerle\u015fik bir y\u00fcksek performansl\u0131 uydu al\u0131c\u0131s\u0131 (\u00e7ift antenleri destekler), bilgisayar kart\u0131 ve kilometre say\u0131c\u0131 toplama kart\u0131 vard\u0131r.<\/p>","protected":false},"featured_media":2887,"comment_status":"open","ping_status":"closed","template":"","meta":[],"product_brand":[],"product_cat":[26],"product_tag":[],"class_list":{"0":"post-2899","1":"product","2":"type-product","3":"status-publish","4":"has-post-thumbnail","6":"product_cat-imu-mems-ins","8":"first","9":"instock","10":"shipping-taxable","11":"product-type-simple"},"_links":{"self":[{"href":"https:\/\/www.andelutech.com\/tr\/wp-json\/wp\/v2\/product\/2899","targetHints":{"allow":["GET"]}}],"collection":[{"href":"https:\/\/www.andelutech.com\/tr\/wp-json\/wp\/v2\/product"}],"about":[{"href":"https:\/\/www.andelutech.com\/tr\/wp-json\/wp\/v2\/types\/product"}],"replies":[{"embeddable":true,"href":"https:\/\/www.andelutech.com\/tr\/wp-json\/wp\/v2\/comments?post=2899"}],"wp:featuredmedia":[{"embeddable":true,"href":"https:\/\/www.andelutech.com\/tr\/wp-json\/wp\/v2\/media\/2887"}],"wp:attachment":[{"href":"https:\/\/www.andelutech.com\/tr\/wp-json\/wp\/v2\/media?parent=2899"}],"wp:term":[{"taxonomy":"product_brand","embeddable":true,"href":"https:\/\/www.andelutech.com\/tr\/wp-json\/wp\/v2\/product_brand?post=2899"},{"taxonomy":"product_cat","embeddable":true,"href":"https:\/\/www.andelutech.com\/tr\/wp-json\/wp\/v2\/product_cat?post=2899"},{"taxonomy":"product_tag","embeddable":true,"href":"https:\/\/www.andelutech.com\/tr\/wp-json\/wp\/v2\/product_tag?post=2899"}],"curies":[{"name":"wp","href":"https:\/\/api.w.org\/{rel}","templated":true}]}}