{"id":2897,"date":"2025-07-07T16:37:16","date_gmt":"2025-07-07T08:37:16","guid":{"rendered":"https:\/\/www.andelutech.com\/?post_type=product&#038;p=2897"},"modified":"2026-03-26T16:56:31","modified_gmt":"2026-03-26T08:56:31","slug":"7-miniature-high-precision-fiber-optic-combined-inertial-navigation-and-f76","status":"publish","type":"product","link":"https:\/\/www.andelutech.com\/tr\/product\/7-miniature-high-precision-fiber-optic-combined-inertial-navigation-and-f76\/","title":{"rendered":"AND-F76 Miniature High Precision Fiber Optic Combined Inertial Navigation"},"content":{"rendered":"","protected":false},"excerpt":{"rendered":"<p>Miniat\u00fcr entegre k\u00f6\u015fe h\u0131z\u0131 \u00f6l\u00e7\u00fcm sistemi bir fiber optik jiroskop, kuvars esnek h\u0131zlanma \u00f6l\u00e7e\u011fi, y\u00fcksek hassasiyetli bir IF d\u00f6n\u00fc\u015f\u00fcm devresi ve DSP \/ FPGA tabanl\u0131 sinyal al\u0131m ve i\u015fleme devresi kullan\u0131r. Ta\u015f\u0131y\u0131c\u0131n\u0131n h\u0131zlanma ve a\u00e7\u0131l\u0131 h\u0131z bilgilerini \u00fc\u00e7 y\u00f6nde ayn\u0131 anda \u00f6l\u00e7ebilir. Ayr\u0131ca yerle\u015fik y\u00fcksek performansl\u0131 uydu al\u0131c\u0131s\u0131 (Devoyan antenini destekler), bilgisayar kart\u0131 ve kilometre say\u0131c\u0131 toplama kart\u0131 da var.<\/p>\n<p>H\u0131zl\u0131 hizalama, inersyel \/ uydu \/ tekerlek h\u0131z\u0131 \/ ara\u00e7 h\u0131z\u0131 \/ g\u00f6rsel izleme elde etmek i\u00e7in rahats\u0131zl\u0131k taban\u0131 deste\u011fi<\/p>\n<p>Kendini organize eden a\u011f, kombine varl\u0131k konumland\u0131rmas\u0131, g\u00f6reli konumland\u0131rma, Qianxun RTK ve Dongdong diferansiyelini destekler<\/p>","protected":false},"featured_media":3335,"comment_status":"open","ping_status":"closed","template":"","meta":[],"product_brand":[],"product_cat":[26],"product_tag":[],"class_list":{"0":"post-2897","1":"product","2":"type-product","3":"status-publish","4":"has-post-thumbnail","6":"product_cat-imu-mems-ins","8":"first","9":"instock","10":"shipping-taxable","11":"product-type-simple"},"_links":{"self":[{"href":"https:\/\/www.andelutech.com\/tr\/wp-json\/wp\/v2\/product\/2897","targetHints":{"allow":["GET"]}}],"collection":[{"href":"https:\/\/www.andelutech.com\/tr\/wp-json\/wp\/v2\/product"}],"about":[{"href":"https:\/\/www.andelutech.com\/tr\/wp-json\/wp\/v2\/types\/product"}],"replies":[{"embeddable":true,"href":"https:\/\/www.andelutech.com\/tr\/wp-json\/wp\/v2\/comments?post=2897"}],"wp:featuredmedia":[{"embeddable":true,"href":"https:\/\/www.andelutech.com\/tr\/wp-json\/wp\/v2\/media\/3335"}],"wp:attachment":[{"href":"https:\/\/www.andelutech.com\/tr\/wp-json\/wp\/v2\/media?parent=2897"}],"wp:term":[{"taxonomy":"product_brand","embeddable":true,"href":"https:\/\/www.andelutech.com\/tr\/wp-json\/wp\/v2\/product_brand?post=2897"},{"taxonomy":"product_cat","embeddable":true,"href":"https:\/\/www.andelutech.com\/tr\/wp-json\/wp\/v2\/product_cat?post=2897"},{"taxonomy":"product_tag","embeddable":true,"href":"https:\/\/www.andelutech.com\/tr\/wp-json\/wp\/v2\/product_tag?post=2897"}],"curies":[{"name":"wp","href":"https:\/\/api.w.org\/{rel}","templated":true}]}}