{"id":2894,"date":"2025-07-07T16:32:50","date_gmt":"2025-07-07T08:32:50","guid":{"rendered":"https:\/\/www.andelutech.com\/?post_type=product&#038;p=2894"},"modified":"2026-03-26T16:58:19","modified_gmt":"2026-03-26T08:58:19","slug":"high-precision-fiber-optic-combined-inertial-navigation-and-f500","status":"publish","type":"product","link":"https:\/\/www.andelutech.com\/tr\/product\/high-precision-fiber-optic-combined-inertial-navigation-and-f500\/","title":{"rendered":"AND-F500High Precision Fiber Optic Combined Inertial Navigation"},"content":{"rendered":"","protected":false},"excerpt":{"rendered":"<p>Entegre navigasyon sistemi, ta\u015f\u0131y\u0131c\u0131n\u0131n h\u0131zlanma ve a\u00e7\u0131l\u0131 h\u0131z bilgilerini \u00fc\u00e7 y\u00f6nde ayn\u0131 anda \u00f6l\u00e7mek i\u00e7in fiber optik jiroskop, kuvars esnek h\u0131zland\u0131r\u0131c\u0131lar, y\u00fcksek hassasiyetli IF d\u00f6n\u00fc\u015f\u00fcm devreleri ve DSP \/ FPGA tabanl\u0131 veri al\u0131m ve sinyal i\u015fleme devreleri kullan\u0131r; Ayr\u0131ca yerle\u015fik y\u00fcksek performansl\u0131 uydu al\u0131c\u0131lar\u0131na (\u00e7ift anten deste\u011fi ile), bilgisayar panolar\u0131na ve kilometre say\u0131c\u0131 toplama panolar\u0131na da sahiptir.<br \/>\nKendini organize eden a\u011flar\u0131, kombine olu\u015fum konumland\u0131rmas\u0131n\u0131, g\u00f6reli konumland\u0131rmas\u0131n\u0131, Qianxun RTK ve dinamik diferansiyeli destekler.<\/p>","protected":false},"featured_media":3337,"comment_status":"open","ping_status":"closed","template":"","meta":[],"product_brand":[],"product_cat":[26],"product_tag":[],"class_list":{"0":"post-2894","1":"product","2":"type-product","3":"status-publish","4":"has-post-thumbnail","6":"product_cat-imu-mems-ins","8":"first","9":"instock","10":"shipping-taxable","11":"product-type-simple"},"_links":{"self":[{"href":"https:\/\/www.andelutech.com\/tr\/wp-json\/wp\/v2\/product\/2894","targetHints":{"allow":["GET"]}}],"collection":[{"href":"https:\/\/www.andelutech.com\/tr\/wp-json\/wp\/v2\/product"}],"about":[{"href":"https:\/\/www.andelutech.com\/tr\/wp-json\/wp\/v2\/types\/product"}],"replies":[{"embeddable":true,"href":"https:\/\/www.andelutech.com\/tr\/wp-json\/wp\/v2\/comments?post=2894"}],"wp:featuredmedia":[{"embeddable":true,"href":"https:\/\/www.andelutech.com\/tr\/wp-json\/wp\/v2\/media\/3337"}],"wp:attachment":[{"href":"https:\/\/www.andelutech.com\/tr\/wp-json\/wp\/v2\/media?parent=2894"}],"wp:term":[{"taxonomy":"product_brand","embeddable":true,"href":"https:\/\/www.andelutech.com\/tr\/wp-json\/wp\/v2\/product_brand?post=2894"},{"taxonomy":"product_cat","embeddable":true,"href":"https:\/\/www.andelutech.com\/tr\/wp-json\/wp\/v2\/product_cat?post=2894"},{"taxonomy":"product_tag","embeddable":true,"href":"https:\/\/www.andelutech.com\/tr\/wp-json\/wp\/v2\/product_tag?post=2894"}],"curies":[{"name":"wp","href":"https:\/\/api.w.org\/{rel}","templated":true}]}}