{"id":2893,"date":"2025-07-07T16:31:12","date_gmt":"2025-07-07T08:31:12","guid":{"rendered":"https:\/\/www.andelutech.com\/?post_type=product&#038;p=2893"},"modified":"2026-03-26T16:59:14","modified_gmt":"2026-03-26T08:59:14","slug":"mems-combined-inertial-navigation-and-m","status":"publish","type":"product","link":"https:\/\/www.andelutech.com\/tr\/product\/mems-combined-inertial-navigation-and-m\/","title":{"rendered":"AND-M MEMS Combined Inertial Navigation"},"content":{"rendered":"","protected":false},"excerpt":{"rendered":"<p>Y\u00fcksek hassasiyetli MEMS jiroskop ve MEMS h\u0131zland\u0131r\u0131c\u0131lar\u0131na dayanan inersyel navigasyon sistemi, yerle\u015fik y\u00fcksek performansl\u0131 uydu al\u0131c\u0131lar\u0131 (Dvorak deste\u011fi ile), hesaplama tahtalar\u0131 ve odometre toplama tahtalar\u0131 ile. Sonra i\u015fleme, kendi kendine yap\u0131lm\u0131\u015f baz istasyonlar\u0131 destekler ve b\u00fcy\u00fck diferansiyel hizmet sa\u011flay\u0131c\u0131lar\u0131n\u0131n diferansiyel veri bi\u00e7imleriyle uyumludur. Temel hatlarla s\u0131n\u0131rl\u0131 de\u011fildir, montaj kolayd\u0131r ve y\u00fcksek \u00e7al\u0131\u015fma verimlili\u011fine sahiptir.<\/p>\n<p>\u25c6  Ger\u00e7ek zamanl\u0131 kombine navigasyon ve veri sonras\u0131 i\u015fleme, 8G alan\u0131nda veri depolama deste\u011fi;<\/p>","protected":false},"featured_media":3340,"comment_status":"open","ping_status":"closed","template":"","meta":[],"product_brand":[],"product_cat":[26],"product_tag":[],"class_list":{"0":"post-2893","1":"product","2":"type-product","3":"status-publish","4":"has-post-thumbnail","6":"product_cat-imu-mems-ins","8":"first","9":"instock","10":"shipping-taxable","11":"product-type-simple"},"_links":{"self":[{"href":"https:\/\/www.andelutech.com\/tr\/wp-json\/wp\/v2\/product\/2893","targetHints":{"allow":["GET"]}}],"collection":[{"href":"https:\/\/www.andelutech.com\/tr\/wp-json\/wp\/v2\/product"}],"about":[{"href":"https:\/\/www.andelutech.com\/tr\/wp-json\/wp\/v2\/types\/product"}],"replies":[{"embeddable":true,"href":"https:\/\/www.andelutech.com\/tr\/wp-json\/wp\/v2\/comments?post=2893"}],"wp:featuredmedia":[{"embeddable":true,"href":"https:\/\/www.andelutech.com\/tr\/wp-json\/wp\/v2\/media\/3340"}],"wp:attachment":[{"href":"https:\/\/www.andelutech.com\/tr\/wp-json\/wp\/v2\/media?parent=2893"}],"wp:term":[{"taxonomy":"product_brand","embeddable":true,"href":"https:\/\/www.andelutech.com\/tr\/wp-json\/wp\/v2\/product_brand?post=2893"},{"taxonomy":"product_cat","embeddable":true,"href":"https:\/\/www.andelutech.com\/tr\/wp-json\/wp\/v2\/product_cat?post=2893"},{"taxonomy":"product_tag","embeddable":true,"href":"https:\/\/www.andelutech.com\/tr\/wp-json\/wp\/v2\/product_tag?post=2893"}],"curies":[{"name":"wp","href":"https:\/\/api.w.org\/{rel}","templated":true}]}}