{"id":2891,"date":"2025-07-07T16:22:28","date_gmt":"2025-07-07T08:22:28","guid":{"rendered":"https:\/\/www.andelutech.com\/?post_type=product&#038;p=2891"},"modified":"2026-03-26T17:00:02","modified_gmt":"2026-03-26T09:00:02","slug":"imu-and-f10r","status":"publish","type":"product","link":"https:\/\/www.andelutech.com\/tr\/product\/imu-and-f10r\/","title":{"rendered":"AND-F10R IMU"},"content":{"rendered":"","protected":false},"excerpt":{"rendered":"<p>F10R \u00fcr\u00fcn\u00fcn\u00fcn yerle\u015fik 3 eksenli minyat\u00fcr fiber optik jiroskopu, y\u00fcksek hassasiyetli MEMS h\u0131zland\u0131r\u0131c\u0131, ikincil g\u00fc\u00e7 kayna\u011f\u0131 ve do\u011fru konumland\u0131rma ve y\u00f6nlendirme bilgisi sa\u011flayabilen navigasyon bilgisayar\u0131 vard\u0131r. \u0130\u00e7 silikon kau\u00e7uk titre\u015fim azaltma tasar\u0131m\u0131, drone ve di\u011fer u\u00e7aklar\u0131n titre\u015fim ve \u015fok ortam\u0131na uyum sa\u011flayabilir.<\/p>\n<p><strong><b>\u00dcr\u00fcn performans g\u00f6stergeleri<\/b><\/strong><\/p>\n<p>\u00c7al\u0131\u015fma s\u0131cakl\u0131\u011f\u0131: -40 \u2103 ~ + 65 \u2103<\/p>\n<p>Depolama S\u0131cakl\u0131\u011f\u0131: -45 \u2103 ~ 70 \u2103<\/p>\n<p>Gerilim: 5 V \u00b1 0. 25V'nin<\/p>\n<p>G\u00fc\u00e7 t\u00fcketimi: \u2264 5. 0W'l\u0131k<\/p>\n<p>Hacim: \u2264 87 mm \u00d7 81 mm \u00d7 56 mm<\/p>\n<p>A\u011f\u0131rl\u0131k: \u2264 400 g<\/p>\n<p>Titre\u015fim: Grms = 6.06 G, frekans aral\u0131\u011f\u0131 10Hz ~ 2000Hz<\/p>\n<p>\u0130leti\u015fim ekipmanlar\u0131: RS232, RS422<\/p>","protected":false},"featured_media":2883,"comment_status":"open","ping_status":"closed","template":"","meta":[],"product_brand":[],"product_cat":[26],"product_tag":[],"class_list":{"0":"post-2891","1":"product","2":"type-product","3":"status-publish","4":"has-post-thumbnail","6":"product_cat-imu-mems-ins","8":"first","9":"instock","10":"shipping-taxable","11":"product-type-simple"},"_links":{"self":[{"href":"https:\/\/www.andelutech.com\/tr\/wp-json\/wp\/v2\/product\/2891","targetHints":{"allow":["GET"]}}],"collection":[{"href":"https:\/\/www.andelutech.com\/tr\/wp-json\/wp\/v2\/product"}],"about":[{"href":"https:\/\/www.andelutech.com\/tr\/wp-json\/wp\/v2\/types\/product"}],"replies":[{"embeddable":true,"href":"https:\/\/www.andelutech.com\/tr\/wp-json\/wp\/v2\/comments?post=2891"}],"wp:featuredmedia":[{"embeddable":true,"href":"https:\/\/www.andelutech.com\/tr\/wp-json\/wp\/v2\/media\/2883"}],"wp:attachment":[{"href":"https:\/\/www.andelutech.com\/tr\/wp-json\/wp\/v2\/media?parent=2891"}],"wp:term":[{"taxonomy":"product_brand","embeddable":true,"href":"https:\/\/www.andelutech.com\/tr\/wp-json\/wp\/v2\/product_brand?post=2891"},{"taxonomy":"product_cat","embeddable":true,"href":"https:\/\/www.andelutech.com\/tr\/wp-json\/wp\/v2\/product_cat?post=2891"},{"taxonomy":"product_tag","embeddable":true,"href":"https:\/\/www.andelutech.com\/tr\/wp-json\/wp\/v2\/product_tag?post=2891"}],"curies":[{"name":"wp","href":"https:\/\/api.w.org\/{rel}","templated":true}]}}