{"id":2890,"date":"2025-07-07T16:16:46","date_gmt":"2025-07-07T08:16:46","guid":{"rendered":"https:\/\/www.andelutech.com\/?post_type=product&#038;p=2890"},"modified":"2026-03-26T17:01:48","modified_gmt":"2026-03-26T09:01:48","slug":"imu-and-f10a","status":"publish","type":"product","link":"https:\/\/www.andelutech.com\/tr\/product\/imu-and-f10a\/","title":{"rendered":"AND-F10A IMU"},"content":{"rendered":"","protected":false},"excerpt":{"rendered":"<p>F10 \u00fcr\u00fcn\u00fc, do\u011fru konumland\u0131rma ve y\u00f6nlendirme bilgileri sa\u011flamak i\u00e7in yerle\u015fik 3 eksenli minyat\u00fcr fiber optik jiroskop, y\u00fcksek hassasiyetli MEMS h\u0131zlanma \u00f6l\u00e7e\u011fi, ikincil g\u00fc\u00e7 kayna\u011f\u0131 ve navigasyon bilgisayar\u0131 ile donat\u0131lm\u0131\u015ft\u0131r.<\/p>\n<p>\u00c7al\u0131\u015fma s\u0131cakl\u0131\u011f\u0131: -40 \u2103 ~ 65 \u2103, Depolama s\u0131cakl\u0131\u011f\u0131: -45 \u2103 ~ 70 \u2103, Gerilim: 5 V \u00b1 0. 25V'nin<\/p>\n<p>G\u00fc\u00e7 t\u00fcketimi: \u2264 5. 0W, Hacim: \u2264 73 mm \u00d7 67 mm \u00d7 49 mm, A\u011f\u0131rl\u0131k: \u2264 280 g, \u0130leti\u015fim aray\u00fcz\u00fc: RS232, RS422<\/p>","protected":false},"featured_media":3339,"comment_status":"open","ping_status":"closed","template":"","meta":[],"product_brand":[],"product_cat":[26],"product_tag":[],"class_list":{"0":"post-2890","1":"product","2":"type-product","3":"status-publish","4":"has-post-thumbnail","6":"product_cat-imu-mems-ins","8":"first","9":"instock","10":"shipping-taxable","11":"product-type-simple"},"_links":{"self":[{"href":"https:\/\/www.andelutech.com\/tr\/wp-json\/wp\/v2\/product\/2890","targetHints":{"allow":["GET"]}}],"collection":[{"href":"https:\/\/www.andelutech.com\/tr\/wp-json\/wp\/v2\/product"}],"about":[{"href":"https:\/\/www.andelutech.com\/tr\/wp-json\/wp\/v2\/types\/product"}],"replies":[{"embeddable":true,"href":"https:\/\/www.andelutech.com\/tr\/wp-json\/wp\/v2\/comments?post=2890"}],"wp:featuredmedia":[{"embeddable":true,"href":"https:\/\/www.andelutech.com\/tr\/wp-json\/wp\/v2\/media\/3339"}],"wp:attachment":[{"href":"https:\/\/www.andelutech.com\/tr\/wp-json\/wp\/v2\/media?parent=2890"}],"wp:term":[{"taxonomy":"product_brand","embeddable":true,"href":"https:\/\/www.andelutech.com\/tr\/wp-json\/wp\/v2\/product_brand?post=2890"},{"taxonomy":"product_cat","embeddable":true,"href":"https:\/\/www.andelutech.com\/tr\/wp-json\/wp\/v2\/product_cat?post=2890"},{"taxonomy":"product_tag","embeddable":true,"href":"https:\/\/www.andelutech.com\/tr\/wp-json\/wp\/v2\/product_tag?post=2890"}],"curies":[{"name":"wp","href":"https:\/\/api.w.org\/{rel}","templated":true}]}}