{"id":2880,"date":"2025-07-07T16:13:59","date_gmt":"2025-07-07T08:13:59","guid":{"rendered":"https:\/\/www.andelutech.com\/?post_type=product&#038;p=2880"},"modified":"2026-01-09T13:12:14","modified_gmt":"2026-01-09T05:12:14","slug":"imu-and-f10","status":"publish","type":"product","link":"https:\/\/www.andelutech.com\/tr\/product\/imu-and-f10\/","title":{"rendered":"AND-F10 IMU"},"content":{"rendered":"","protected":false},"excerpt":{"rendered":"<p>Maliyet etkili entegre navigasyon sistemi, y\u00fcksek performansl\u0131 IMU, GNSS, manyetometre, barometre, navigasyon panosu vb. entegre eden fiber optik jiroskop ve MEMS h\u0131zland\u0131rma \u00f6l\u00e7e\u011fine dayanan entegre bir navigasyon sistemidir. \u00dcr\u00fcn a\u015fa\u011f\u0131daki \u00f6zelliklere sahiptir:<\/p>\n<p>\u00c7ok kaynakl\u0131 f\u00fczyon sens\u00f6r\u00fc, inersyel \/ GNSS \/ manyetometre \/ barometre \/ hava h\u0131z\u0131 \u00f6l\u00e7e\u011fi;<\/p>\n<p>K\u00fc\u00e7\u00fck boyut ve a\u011f\u0131rl\u0131k, 460 g;<\/p>\n<p>\u00dcr\u00fcn performans g\u00f6stergeleri<\/p>\n<p>S\u0131k\u0131 saat senkronizasyonu;<\/p>","protected":false},"featured_media":3341,"comment_status":"open","ping_status":"closed","template":"","meta":[],"product_brand":[],"product_cat":[26],"product_tag":[],"class_list":{"0":"post-2880","1":"product","2":"type-product","3":"status-publish","4":"has-post-thumbnail","6":"product_cat-imu-mems-ins","8":"first","9":"instock","10":"shipping-taxable","11":"product-type-simple"},"_links":{"self":[{"href":"https:\/\/www.andelutech.com\/tr\/wp-json\/wp\/v2\/product\/2880","targetHints":{"allow":["GET"]}}],"collection":[{"href":"https:\/\/www.andelutech.com\/tr\/wp-json\/wp\/v2\/product"}],"about":[{"href":"https:\/\/www.andelutech.com\/tr\/wp-json\/wp\/v2\/types\/product"}],"replies":[{"embeddable":true,"href":"https:\/\/www.andelutech.com\/tr\/wp-json\/wp\/v2\/comments?post=2880"}],"wp:featuredmedia":[{"embeddable":true,"href":"https:\/\/www.andelutech.com\/tr\/wp-json\/wp\/v2\/media\/3341"}],"wp:attachment":[{"href":"https:\/\/www.andelutech.com\/tr\/wp-json\/wp\/v2\/media?parent=2880"}],"wp:term":[{"taxonomy":"product_brand","embeddable":true,"href":"https:\/\/www.andelutech.com\/tr\/wp-json\/wp\/v2\/product_brand?post=2880"},{"taxonomy":"product_cat","embeddable":true,"href":"https:\/\/www.andelutech.com\/tr\/wp-json\/wp\/v2\/product_cat?post=2880"},{"taxonomy":"product_tag","embeddable":true,"href":"https:\/\/www.andelutech.com\/tr\/wp-json\/wp\/v2\/product_tag?post=2880"}],"curies":[{"name":"wp","href":"https:\/\/api.w.org\/{rel}","templated":true}]}}