{"id":2793,"date":"2025-07-01T14:54:37","date_gmt":"2025-07-01T06:54:37","guid":{"rendered":"https:\/\/www.andelutech.com\/?post_type=product&#038;p=2793"},"modified":"2026-03-26T17:15:36","modified_gmt":"2026-03-26T09:15:36","slug":"closed-loop-fiber-optic-gyroscope-and-1280","status":"publish","type":"product","link":"https:\/\/www.andelutech.com\/tr\/product\/closed-loop-fiber-optic-gyroscope-and-1280\/","title":{"rendered":"AND-1280 Closed loop fiber optic gyroscope"},"content":{"rendered":"","protected":false},"excerpt":{"rendered":"<p><strong><b>Anahtar Performans G\u00f6stergeleri<\/b><\/strong><\/p>\n<p>S\u0131f\u0131r \u00f6nyarg\u0131 istikrar\u0131: \u2264 0,005 \u00b0 \/ saat (100s, 1\u03c3)<\/p>\n<p>S\u0131f\u0131r sapma tekrarlanabilirli\u011fi: \u2264 0. 004 \u00b0 \/ saat<\/p>\n<p>S\u0131cakl\u0131k istikrar\u0131: \u2264 0,008 \u00b0 \/ saat (100 s, 1\u03c3, 0,3 \u2103 \/ dakika)<\/p>\n<p>\u00d6l\u00e7ekleme fakt\u00f6r\u00fc do\u011frusal olmayan: \u2264 5 ppm<\/p>\n<p>Tam s\u0131cakl\u0131k \u00f6l\u00e7eki tekrarlanabilirli\u011fi: \u2264 20 ppm (1\u03c3)<\/p>\n<p>Dinamik aral\u0131\u011f\u0131: \u00b1 300 \u00b0 \/ s<\/p>\n<p>Rasgele y\u00fcr\u00fcy\u00fc\u015f: \u2264 0. 0005 \u00b0 \/ \u221a saat<\/p>\n<p><strong><b>Fiziksel \u00f6zellikler<\/b><\/strong><\/p>\n<p>Boyutlar: 120 mm \u00d7 120 mm \u00d7 38 mm<\/p>\n<p>A\u011f\u0131rl\u0131k: 820 g \u00b1 20 g<\/p>\n<p><strong><b>\u00c7evresel uyarlanabilirlik<\/b><\/strong><\/p>\n<p>\u00c7al\u0131\u015fma s\u0131cakl\u0131\u011f\u0131: -40 \u2103 - + 65 \u2103<\/p>\n<p>St<span style=\"font-size: 12pt;\">orage s\u0131cakl\u0131\u011f\u0131: -50 \u00b0 C - + 75 \u00b0 C<\/span><\/p>\n<p><span style=\"font-size: 12pt;\">Darbe direnci: 20g<\/span><\/p>\n<p><span style=\"font-size: 12pt;\">Rasgele titre\u015fim direnci: 3.2 g<\/span><\/p>\n<p><strong><b>\u00dcr\u00fcn Aray\u00fcz\u00fc<\/b><\/strong><\/p>\n<p>G\u00fc\u00e7 kayna\u011f\u0131 gereksinimi: \u00b1 5 V<\/p>\n<p>\u00c7\u0131k\u0131\u015f formu: RS422 \u00e7\u0131k\u0131\u015f<\/p>\n<p><strong><b>\u00dcr\u00fcn \u00d6zellikleri<\/b><\/strong><\/p>\n<p>\u00dcr\u00fcn \u00f6zellikleri: Optoelektronik entegre, manyetik koruma, ulusal olarak \u00fcretilen tasar\u0131m<\/p>\n<p>Uygulama alanlar\u0131: ulusal olarak \u00fcretilen y\u00fcksek hassasiyetli navigasyon ve konumland\u0131rma<\/p>\n<p>&nbsp;<\/p>","protected":false},"featured_media":2775,"comment_status":"open","ping_status":"closed","template":"","meta":[],"product_brand":[],"product_cat":[22],"product_tag":[],"class_list":{"0":"post-2793","1":"product","2":"type-product","3":"status-publish","4":"has-post-thumbnail","6":"product_cat-gyro-sensor","8":"first","9":"instock","10":"shipping-taxable","11":"product-type-simple"},"_links":{"self":[{"href":"https:\/\/www.andelutech.com\/tr\/wp-json\/wp\/v2\/product\/2793","targetHints":{"allow":["GET"]}}],"collection":[{"href":"https:\/\/www.andelutech.com\/tr\/wp-json\/wp\/v2\/product"}],"about":[{"href":"https:\/\/www.andelutech.com\/tr\/wp-json\/wp\/v2\/types\/product"}],"replies":[{"embeddable":true,"href":"https:\/\/www.andelutech.com\/tr\/wp-json\/wp\/v2\/comments?post=2793"}],"wp:featuredmedia":[{"embeddable":true,"href":"https:\/\/www.andelutech.com\/tr\/wp-json\/wp\/v2\/media\/2775"}],"wp:attachment":[{"href":"https:\/\/www.andelutech.com\/tr\/wp-json\/wp\/v2\/media?parent=2793"}],"wp:term":[{"taxonomy":"product_brand","embeddable":true,"href":"https:\/\/www.andelutech.com\/tr\/wp-json\/wp\/v2\/product_brand?post=2793"},{"taxonomy":"product_cat","embeddable":true,"href":"https:\/\/www.andelutech.com\/tr\/wp-json\/wp\/v2\/product_cat?post=2793"},{"taxonomy":"product_tag","embeddable":true,"href":"https:\/\/www.andelutech.com\/tr\/wp-json\/wp\/v2\/product_tag?post=2793"}],"curies":[{"name":"wp","href":"https:\/\/api.w.org\/{rel}","templated":true}]}}