{"id":2791,"date":"2025-07-01T14:43:12","date_gmt":"2025-07-01T06:43:12","guid":{"rendered":"https:\/\/www.andelutech.com\/?post_type=product&#038;p=2791"},"modified":"2026-03-26T17:22:48","modified_gmt":"2026-03-26T09:22:48","slug":"two-axis-closed-loop-fiber-optic-gyroscope-and-320c","status":"publish","type":"product","link":"https:\/\/www.andelutech.com\/tr\/product\/two-axis-closed-loop-fiber-optic-gyroscope-and-320c\/","title":{"rendered":"AND-320C Two-axis closed-loop fiber optic gyroscope"},"content":{"rendered":"","protected":false},"excerpt":{"rendered":"<p><strong><b>Anahtar Performans G\u00f6stergeleri<\/b><\/strong><\/p>\n<p>S\u0131f\u0131r \u00f6nyarg\u0131 istikrar\u0131: \u2264 0,5 \u00b0 \/ saat (10s, 1\u03c3)<\/p>\n<p>S\u0131f\u0131r sapma tekrarlanabilirli\u011fi: \u2264 0,5 \u00b0 \/ saat<\/p>\n<p>S\u0131cakl\u0131k de\u011fi\u015fikli\u011fi istikrar\u0131: \u2264 1,5 \u00b0 \/ h (10s, 1\u03c3)<\/p>\n<p>\u00d6l\u00e7ek fakt\u00f6r\u00fc do\u011frusal olmamas\u0131: \u2264 50 ppm<\/p>\n<p>Tam s\u0131cakl\u0131k \u00f6l\u00e7eki tekrarlanabilirli\u011fi: \u2264 300 ppm (1 \u03c3)<\/p>\n<p>Dinamik aral\u0131\u011f\u0131: \u00b1 1000 \u00b0 \/ s<\/p>\n<p><strong><b>Fiziksel \u00f6zellikler<\/b><\/strong><\/p>\n<p>Boyutlar: 79.5 mmX79.5mmX 49.8 mm<\/p>\n<p>A\u011f\u0131rl\u0131k: 450 g \u00b1 20 g<\/p>\n<p><strong><b>\u00c7evresel uyarlanabilirlik<\/b><\/strong><\/p>\n<p>\u00c7al\u0131\u015fma s\u0131cakl\u0131\u011f\u0131: -45 \u2103 - 75 \u2103<\/p>\n<p>Depolama s\u0131cakl\u0131\u011f\u0131: -55 \u00b0 C- 85 \u00b0 C<\/p>\n<p>Darbe direnci: 100g<\/p>\n<p>Rasgele titre\u015fim direnci: 13g<\/p>\n<p>H\u0131zland\u0131rma direnci: 50g<\/p>\n<p><strong><b>\u00dcr\u00fcn Aray\u00fcz\u00fc<\/b><\/strong><\/p>\n<p>G\u00fc\u00e7 kayna\u011f\u0131 gereksinimi: \u00b1 5 V<\/p>\n<p>\u00c7\u0131k\u0131\u015f formu: RS422 \u00e7\u0131k\u0131\u015f<\/p>\n<p><strong><b>\u00dcr\u00fcn \u00d6zellikleri<\/b><\/strong><\/p>\n<p>\u00dcr\u00fcn \u00f6zellikleri: Bu \u00fcr\u00fcn, manyetik koruma korumas\u0131 ile t\u00fcm kat\u0131 durumdaki optoelektronik entegre yap\u0131y\u0131 benimser, % 100 yerli \u00fcretim<\/p>\n<p>Uygulama alanlar\u0131: rehberlik, tutum<\/p>","protected":false},"featured_media":2779,"comment_status":"open","ping_status":"closed","template":"","meta":[],"product_brand":[],"product_cat":[22],"product_tag":[],"class_list":{"0":"post-2791","1":"product","2":"type-product","3":"status-publish","4":"has-post-thumbnail","6":"product_cat-gyro-sensor","8":"first","9":"instock","10":"shipping-taxable","11":"product-type-simple"},"_links":{"self":[{"href":"https:\/\/www.andelutech.com\/tr\/wp-json\/wp\/v2\/product\/2791","targetHints":{"allow":["GET"]}}],"collection":[{"href":"https:\/\/www.andelutech.com\/tr\/wp-json\/wp\/v2\/product"}],"about":[{"href":"https:\/\/www.andelutech.com\/tr\/wp-json\/wp\/v2\/types\/product"}],"replies":[{"embeddable":true,"href":"https:\/\/www.andelutech.com\/tr\/wp-json\/wp\/v2\/comments?post=2791"}],"wp:featuredmedia":[{"embeddable":true,"href":"https:\/\/www.andelutech.com\/tr\/wp-json\/wp\/v2\/media\/2779"}],"wp:attachment":[{"href":"https:\/\/www.andelutech.com\/tr\/wp-json\/wp\/v2\/media?parent=2791"}],"wp:term":[{"taxonomy":"product_brand","embeddable":true,"href":"https:\/\/www.andelutech.com\/tr\/wp-json\/wp\/v2\/product_brand?post=2791"},{"taxonomy":"product_cat","embeddable":true,"href":"https:\/\/www.andelutech.com\/tr\/wp-json\/wp\/v2\/product_cat?post=2791"},{"taxonomy":"product_tag","embeddable":true,"href":"https:\/\/www.andelutech.com\/tr\/wp-json\/wp\/v2\/product_tag?post=2791"}],"curies":[{"name":"wp","href":"https:\/\/api.w.org\/{rel}","templated":true}]}}