{"id":2790,"date":"2025-07-01T14:41:14","date_gmt":"2025-07-01T06:41:14","guid":{"rendered":"https:\/\/www.andelutech.com\/?post_type=product&#038;p=2790"},"modified":"2026-03-26T17:23:39","modified_gmt":"2026-03-26T09:23:39","slug":"inertial-navigation-system-and-320a","status":"publish","type":"product","link":"https:\/\/www.andelutech.com\/tr\/product\/inertial-navigation-system-and-320a\/","title":{"rendered":"AND-320A Inertial navigation system"},"content":{"rendered":"","protected":false},"excerpt":{"rendered":"<p><strong><b>Anahtar Performans G\u00f6stergeleri<\/b><\/strong><\/p>\n<p>Tek noktal\u0131 konumland\u0131rma do\u011frulu\u011fu: \u2264 1. 5m (1\u03c3, u\u00e7ak), \u2264 1m (1\u03c3, y\u00fckseklik)<\/p>\n<p>H\u0131z \u00f6l\u00e7\u00fcm do\u011frulu\u011fu: \u2264 0. 05 m\/s<\/p>\n<p>Ba\u015fl\u0131k a\u00e7\u0131s\u0131 \u00f6l\u00e7\u00fcm do\u011frulu\u011fu: \u2264 0.  07 \u00b0 (1\u03c3)<\/p>\n<p>Yatay tutum a\u00e7\u0131s\u0131: \u2264 0.  03 \u00b0\u00a0(1 \u03c3)<\/p>\n<p><strong>Transfer hizalama performans g\u00f6stergeleri<\/strong><\/p>\n<p>Konumlama do\u011frulu\u011fu: \u2264 1. 5m (1\u03c3, u\u00e7ak), \u2264 1m (1\u03c3, y\u00fckseklik)<\/p>\n<p>H\u0131z \u00f6l\u00e7\u00fcm do\u011frulu\u011fu: \u2264 0. 05 m\/s<\/p>\n<p>Ba\u015fl\u0131k a\u00e7\u0131s\u0131 \u00f6l\u00e7\u00fcm do\u011frulu\u011fu: \u2264 0.  07 \u00b0 (1\u03c3)<\/p>\n<p>Yatay tutum a\u00e7\u0131s\u0131 \u00f6l\u00e7\u00fcm do\u011frulu\u011fu: \u2264 0.  03\u00a0\u00b0 (1\u03c3)<\/p>\n<p><strong>Hizalama s\u00fcresi<\/strong><\/p>\n<p>Entegre navigasyon statik hizalama s\u00fcresi: \u2264 6 dakika<\/p>\n<p>Entegre navigasyon dinamik hizalama s\u00fcresi: \u2264 3 dakika<\/p>\n<p>Transfer hizalamas\u0131 Dinamik hizalama s\u00fcresi: \u2264 3 dakika<\/p>\n<p><strong>Saf inersyel navigasyonun performans indeksi<\/strong><\/p>\n<p>Konumlama do\u011frulu\u011fu: \u2264 2 nmil (15 dakika i\u00e7inde)<\/p>\n<p>H\u0131z \u00f6l\u00e7\u00fcm do\u011frulu\u011fu: \u2264 0. 2 m\/s (60 saniye i\u00e7inde)<\/p>\n<p>Ba\u015fl\u0131k a\u00e7\u0131s\u0131 \u00f6l\u00e7\u00fcm do\u011frulu\u011fu: \u2264 0,1 \u00b0 (1\u03c3) (60 saniye i\u00e7inde)<\/p>\n<p>Yatay tutum a\u00e7\u0131s\u0131 \u00f6l\u00e7\u00fcm do\u011frulu\u011fu: \u2264 0. 03 \u00b0 (1\u03c3) (60 saniye i\u00e7inde)<\/p>\n<p><strong>Fiziksel \u00f6zellikler<\/strong><\/p>\n<p>Boyutlar: p88mmx77mm<\/p>\n<p>A\u011f\u0131rl\u0131k: \u2264 950 g<\/p>\n<p><strong>\u00dcr\u00fcn Aray\u00fcz\u00fc<\/strong><\/p>\n<p>G\u00fc\u00e7 kayna\u011f\u0131 formu: + 28V<\/p>\n<p>\u00c7\u0131k\u0131\u015f formu: RS422 \u00e7\u0131k\u0131\u015f<\/p>\n<p><strong>\u00dcr\u00fcn \u00d6zellikleri<\/strong><\/p>\n<p>Navigasyon bilgisayar panosu IMU'dan ayr\u0131l\u0131r ve IMU bilgisayar panosu \u00f6l\u00e7\u00fcm noktas\u0131na kurulabilir ve birle\u015fik g\u00fc\u00e7 kayna\u011f\u0131 ve veri iletimi i\u00e7in elektronik kabine eklenebilir: IMU, y\u00fcksek entegrasyon ve y\u00fcksek hassasiyet \u00f6zelliklerine sahiptir<\/p>\n<p><strong>\u00c7evresel uyarlanabilirlik<\/strong><\/p>\n<p>\u00c7al\u0131\u015fma s\u0131cakl\u0131\u011f\u0131: -55 \u2103 \u2103 ~ 70C<\/p>\n<p>Depolama s\u0131cakl\u0131\u011f\u0131: -55 \u2103 \u2103 ~ 70PC<\/p>\n<p>Darbe direnci: 20g<\/p>\n<p>Rasgele titre\u015fim direnci: 6.06 g<\/p>\n<p>Uygulama alanlar\u0131: askeri ve sivil y\u00fcksek performansl\u0131 konumland\u0131rma ve y\u00f6nlendirme ihtiya\u00e7lar\u0131 ile y\u00fczle\u015fmek<\/p>","protected":false},"featured_media":2778,"comment_status":"open","ping_status":"closed","template":"","meta":[],"product_brand":[],"product_cat":[22],"product_tag":[],"class_list":{"0":"post-2790","1":"product","2":"type-product","3":"status-publish","4":"has-post-thumbnail","6":"product_cat-gyro-sensor","8":"first","9":"instock","10":"shipping-taxable","11":"product-type-simple"},"_links":{"self":[{"href":"https:\/\/www.andelutech.com\/tr\/wp-json\/wp\/v2\/product\/2790","targetHints":{"allow":["GET"]}}],"collection":[{"href":"https:\/\/www.andelutech.com\/tr\/wp-json\/wp\/v2\/product"}],"about":[{"href":"https:\/\/www.andelutech.com\/tr\/wp-json\/wp\/v2\/types\/product"}],"replies":[{"embeddable":true,"href":"https:\/\/www.andelutech.com\/tr\/wp-json\/wp\/v2\/comments?post=2790"}],"wp:featuredmedia":[{"embeddable":true,"href":"https:\/\/www.andelutech.com\/tr\/wp-json\/wp\/v2\/media\/2778"}],"wp:attachment":[{"href":"https:\/\/www.andelutech.com\/tr\/wp-json\/wp\/v2\/media?parent=2790"}],"wp:term":[{"taxonomy":"product_brand","embeddable":true,"href":"https:\/\/www.andelutech.com\/tr\/wp-json\/wp\/v2\/product_brand?post=2790"},{"taxonomy":"product_cat","embeddable":true,"href":"https:\/\/www.andelutech.com\/tr\/wp-json\/wp\/v2\/product_cat?post=2790"},{"taxonomy":"product_tag","embeddable":true,"href":"https:\/\/www.andelutech.com\/tr\/wp-json\/wp\/v2\/product_tag?post=2790"}],"curies":[{"name":"wp","href":"https:\/\/api.w.org\/{rel}","templated":true}]}}