{"id":2787,"date":"2025-07-01T14:28:56","date_gmt":"2025-07-01T06:28:56","guid":{"rendered":"https:\/\/www.andelutech.com\/?post_type=product&#038;p=2787"},"modified":"2026-03-26T17:30:46","modified_gmt":"2026-03-26T09:30:46","slug":"micro-miniature-photonic-integrated-fiber-optic-gyro-and-110","status":"publish","type":"product","link":"https:\/\/www.andelutech.com\/tr\/product\/micro-miniature-photonic-integrated-fiber-optic-gyro-and-110\/","title":{"rendered":"AND-110 Micro-miniature photonic integrated fiber optic gyro"},"content":{"rendered":"","protected":false},"excerpt":{"rendered":"<p><strong><b>Anahtar Performans G\u00f6stergeleri<\/b><\/strong><\/p>\n<p>S\u0131f\u0131r \u00f6nyarg\u0131 istikrar\u0131: \u2264 2 \u00b0 \/ h (10s, 1\u03c3)<\/p>\n<p>S\u0131f\u0131r sapma tekrarlanabilirli\u011fi: \u2264 2 \u00b0 \/ h<\/p>\n<p>S\u0131cakl\u0131k istikrar\u0131: \u2264 30 \u00b0 \/ h<\/p>\n<p>\u00d6l\u00e7ek fakt\u00f6r\u00fc do\u011frusal olmamas\u0131: \u2264 2000 ppm<\/p>\n<p>Tam s\u0131cakl\u0131k \u00f6l\u00e7eki tekrarlanabilirli\u011fi: \u2264 5% (p-p)<\/p>\n<p>Dinamik aral\u0131\u011f\u0131: \u00b1 500 \u00b0 \/ s<\/p>\n<p>Rasgele y\u00fcr\u00fcy\u00fc\u015f: \u2264 0. 0015 \u00b0 \/ \u221a saat<\/p>\n<p><strong><b>Fiziksel \u00f6zellikler<\/b><\/strong><\/p>\n<p>Boyutlar: 61 mm \u00d7 36 mm \u00d7 32 mm<\/p>\n<p>A\u011f\u0131rl\u0131k: 110 g \u00b1 10 g<\/p>\n<p><strong><b>\u00c7evresel uyarlanabilirlik<\/b><\/strong><\/p>\n<p>\u00c7al\u0131\u015fma s\u0131cakl\u0131\u011f\u0131: -50 \u2103 - 75 \u2103<\/p>\n<p>Depolama s\u0131cakl\u0131\u011f\u0131: -55 \u00b0 C- 85 \u00b0 C<\/p>\n<p>Darbe direnci: 50g<\/p>\n<p>Rasgele titre\u015fim direnci: 20g<\/p>\n<p>H\u0131zland\u0131rma direnci: 70g<\/p>\n<p><strong><b>\u00dcr\u00fcn Aray\u00fcz\u00fc<\/b><\/strong><\/p>\n<p>G\u00fc\u00e7 kayna\u011f\u0131 gereksinimleri: + 5V<\/p>\n<p>\u00c7\u0131k\u0131\u015f formu: Analog voltaj<\/p>\n<p><strong><b>\u00dcr\u00fcn \u00d6zellikleri<\/b><\/strong><\/p>\n<p>\u00dcr\u00fcn \u00f6zellikleri: k\u00fc\u00e7\u00fck boyut, d\u00fc\u015f\u00fck g\u00fc\u00e7 t\u00fcketimi, d\u00fc\u015f\u00fck maliyet, y\u00fcksek g\u00fcvenilirlik<\/p>\n<p>Uygulama alanlar\u0131: aray\u0131c\u0131, tutum kontrol\u00fc<\/p>","protected":false},"featured_media":2773,"comment_status":"open","ping_status":"closed","template":"","meta":[],"product_brand":[],"product_cat":[22],"product_tag":[],"class_list":{"0":"post-2787","1":"product","2":"type-product","3":"status-publish","4":"has-post-thumbnail","6":"product_cat-gyro-sensor","8":"first","9":"instock","10":"shipping-taxable","11":"product-type-simple"},"_links":{"self":[{"href":"https:\/\/www.andelutech.com\/tr\/wp-json\/wp\/v2\/product\/2787","targetHints":{"allow":["GET"]}}],"collection":[{"href":"https:\/\/www.andelutech.com\/tr\/wp-json\/wp\/v2\/product"}],"about":[{"href":"https:\/\/www.andelutech.com\/tr\/wp-json\/wp\/v2\/types\/product"}],"replies":[{"embeddable":true,"href":"https:\/\/www.andelutech.com\/tr\/wp-json\/wp\/v2\/comments?post=2787"}],"wp:featuredmedia":[{"embeddable":true,"href":"https:\/\/www.andelutech.com\/tr\/wp-json\/wp\/v2\/media\/2773"}],"wp:attachment":[{"href":"https:\/\/www.andelutech.com\/tr\/wp-json\/wp\/v2\/media?parent=2787"}],"wp:term":[{"taxonomy":"product_brand","embeddable":true,"href":"https:\/\/www.andelutech.com\/tr\/wp-json\/wp\/v2\/product_brand?post=2787"},{"taxonomy":"product_cat","embeddable":true,"href":"https:\/\/www.andelutech.com\/tr\/wp-json\/wp\/v2\/product_cat?post=2787"},{"taxonomy":"product_tag","embeddable":true,"href":"https:\/\/www.andelutech.com\/tr\/wp-json\/wp\/v2\/product_tag?post=2787"}],"curies":[{"name":"wp","href":"https:\/\/api.w.org\/{rel}","templated":true}]}}