{"id":2786,"date":"2025-07-01T14:24:31","date_gmt":"2025-07-01T06:24:31","guid":{"rendered":"https:\/\/www.andelutech.com\/?post_type=product&#038;p=2786"},"modified":"2026-03-26T17:31:44","modified_gmt":"2026-03-26T09:31:44","slug":"micro-miniature-photonic-integrated-fiber-optic-gyro-and-109","status":"publish","type":"product","link":"https:\/\/www.andelutech.com\/tr\/product\/micro-miniature-photonic-integrated-fiber-optic-gyro-and-109\/","title":{"rendered":"AND-109 Micro-miniature photonic integrated fiber optic gyro"},"content":{"rendered":"","protected":false},"excerpt":{"rendered":"<p>Anahtar performans g\u00f6stergeleri<\/p>\n<p>S\u0131f\u0131r \u00f6nyarg\u0131 istikrar\u0131: &lt; 10 \u00b0 \/ saat (10s, 1\u03c3)<\/p>\n<p>S\u0131f\u0131r sapma tekrarlanabilirli\u011fi: \u2264 10 \u00b0 \/ saat<\/p>\n<p>S\u0131cakl\u0131k istikrar\u0131: \u2264 50 \u00b0 \/ h<\/p>\n<p>\u00d6l\u00e7ek fakt\u00f6r\u00fc do\u011frusal olmayan: \u2264 5000 ppm<\/p>\n<p>Tam s\u0131cakl\u0131k \u00f6l\u00e7eki tekrarlanabilirli\u011fi: \u2264 5% (p-p)<\/p>\n<p>Dinamik aral\u0131\u011f\u0131: \u00b1 600 \u00b0 \/ s<\/p>\n<p>Rasgele y\u00fcr\u00fcy\u00fc\u015f: \u00b1 600 \u00b0 \/ s<\/p>\n<p>Fiziksel \u00f6zellikler<\/p>\n<p>Boyut: \u03a6 24 mm \u00d7 50 mm<\/p>\n<p>A\u011f\u0131rl\u0131k: 35 g \u00b1 5 g<\/p>\n<p>\u00c7evresel uyarlanabilirlik<\/p>\n<p>\u00c7al\u0131\u015fma s\u0131cakl\u0131\u011f\u0131: -50 \u00b0C- 75 \u00b0C<\/p>\n<p>Depolama s\u0131cakl\u0131\u011f\u0131: 55 \u00b0 C- 85 \u00b0 C<\/p>\n<p>Darbe direnci: 500g<\/p>\n<p>Rasgele titre\u015fime diren\u00e7: 20g<\/p>\n<p>H\u0131zland\u0131rma direnci: 70g<\/p>\n<p>\u00dcr\u00fcn aray\u00fcz\u00fc<\/p>\n<p>G\u00fc\u00e7 Gereksinimleri: 5V<\/p>\n<p>\u00c7\u0131k\u0131\u015f formu: analog voltaj<\/p>\n<p>\u00dcr\u00fcn \u00f6zellikleri:<\/p>\n<p>\u00dcr\u00fcn \u00f6zellikleri: k\u00fc\u00e7\u00fck boyut, d\u00fc\u015f\u00fck g\u00fc\u00e7 t\u00fcketimi, d\u00fc\u015f\u00fck maliyet, y\u00fcksek g\u00fcvenilirlik<\/p>\n<p>Uygulamalar: aray\u0131c\u0131, tutum kontrol\u00fc<\/p>","protected":false},"featured_media":2772,"comment_status":"closed","ping_status":"closed","template":"","meta":[],"product_brand":[],"product_cat":[22],"product_tag":[],"class_list":{"0":"post-2786","1":"product","2":"type-product","3":"status-publish","4":"has-post-thumbnail","6":"product_cat-gyro-sensor","8":"first","9":"instock","10":"shipping-taxable","11":"product-type-simple"},"_links":{"self":[{"href":"https:\/\/www.andelutech.com\/tr\/wp-json\/wp\/v2\/product\/2786","targetHints":{"allow":["GET"]}}],"collection":[{"href":"https:\/\/www.andelutech.com\/tr\/wp-json\/wp\/v2\/product"}],"about":[{"href":"https:\/\/www.andelutech.com\/tr\/wp-json\/wp\/v2\/types\/product"}],"replies":[{"embeddable":true,"href":"https:\/\/www.andelutech.com\/tr\/wp-json\/wp\/v2\/comments?post=2786"}],"wp:featuredmedia":[{"embeddable":true,"href":"https:\/\/www.andelutech.com\/tr\/wp-json\/wp\/v2\/media\/2772"}],"wp:attachment":[{"href":"https:\/\/www.andelutech.com\/tr\/wp-json\/wp\/v2\/media?parent=2786"}],"wp:term":[{"taxonomy":"product_brand","embeddable":true,"href":"https:\/\/www.andelutech.com\/tr\/wp-json\/wp\/v2\/product_brand?post=2786"},{"taxonomy":"product_cat","embeddable":true,"href":"https:\/\/www.andelutech.com\/tr\/wp-json\/wp\/v2\/product_cat?post=2786"},{"taxonomy":"product_tag","embeddable":true,"href":"https:\/\/www.andelutech.com\/tr\/wp-json\/wp\/v2\/product_tag?post=2786"}],"curies":[{"name":"wp","href":"https:\/\/api.w.org\/{rel}","templated":true}]}}