{"id":2784,"date":"2025-07-01T14:18:11","date_gmt":"2025-07-01T06:18:11","guid":{"rendered":"https:\/\/www.andelutech.com\/?post_type=product&#038;p=2784"},"modified":"2026-03-26T17:33:01","modified_gmt":"2026-03-26T09:33:01","slug":"closed-loop-fiber-optic-gyroscope-and-98m","status":"publish","type":"product","link":"https:\/\/www.andelutech.com\/tr\/product\/closed-loop-fiber-optic-gyroscope-and-98m\/","title":{"rendered":"AND-98M Closed loop fiber optic gyroscope"},"content":{"rendered":"","protected":false},"excerpt":{"rendered":"<p><strong>Ana performans g\u00f6stergeleri<\/strong><\/p>\n<p>S\u0131f\u0131r \u00f6nyarg\u0131 istikrar\u0131: 0,020 \u00b0 \/ saat (10s, 1\u03c3)<\/p>\n<p>S\u0131f\u0131r \u00f6nyarg\u0131 tekrarlanabilirli\u011fi: \u22640.01 \u00b0 \/ h<\/p>\n<p>De\u011fi\u015fken s\u0131cakl\u0131k istikrar\u0131: \u22640.05 \u00b0 \/ saat (10s, 1\u03c3, 1 \u2103 \/ dakika)<\/p>\n<p>\u00d6l\u00e7ek fakt\u00f6r\u00fc do\u011frusal olmayan: \u226425ppm<\/p>\n<p>Tam s\u0131cakl\u0131k \u00f6l\u00e7eki tekrarlanabilirli\u011fi: \u2264100ppm (1\u03c3)<\/p>\n<p>Dinamik aral\u0131\u011f\u0131: \u00b1 400 \u00b0 \/ s<\/p>\n<p>Rasgele y\u00fcr\u00fcy\u00fc\u015f: \u22640.003 \u00b0 \/ \u221a h<\/p>\n<p><strong>Fiziksel \u00f6zellikler<\/strong><\/p>\n<p>Boyutlar: 98mm \u00d7 98mm \u00d7 35mm<\/p>\n<p>A\u011f\u0131rl\u0131k: 540g \u00b1 20g<\/p>\n<p><strong>\u00c7evresel uyarlanabilirlik<\/strong><\/p>\n<p>\u00c7al\u0131\u015fma s\u0131cakl\u0131\u011f\u0131: -40 \u2103 - + 70 \u2103<\/p>\n<p>Depolama s\u0131cakl\u0131\u011f\u0131: -45 \u2103 - + 70 \u2103<\/p>\n<p>Darbe direnci: 20g<\/p>\n<p>Rasgele titre\u015fim direnci: 5.4g<\/p>\n<p><strong>\u00dcr\u00fcn aray\u00fcz\u00fc<\/strong><\/p>\n<p>G\u00fc\u00e7 kayna\u011f\u0131 gereksinimleri: \u00b1 5V<\/p>\n<p>\u00c7\u0131k\u0131\u015f formu: RS422 \u00e7\u0131k\u0131\u015f<\/p>\n<p><strong>\u00dcr\u00fcn \u00f6zellikleri<\/strong><\/p>\n<p>\u00dcr\u00fcn \u00f6zellikleri: 1310nm sistemine dayanan d\u00fc\u015f\u00fck maliyetli, y\u00fcksek hassasiyetli fiber optik jiroskop<\/p>\n<p>Uygulama alanlar\u0131: Sivil y\u00fcksek hassasiyetli navigasyon<\/p>","protected":false},"featured_media":2780,"comment_status":"open","ping_status":"closed","template":"","meta":[],"product_brand":[],"product_cat":[22],"product_tag":[],"class_list":{"0":"post-2784","1":"product","2":"type-product","3":"status-publish","4":"has-post-thumbnail","6":"product_cat-gyro-sensor","8":"first","9":"instock","10":"shipping-taxable","11":"product-type-simple"},"_links":{"self":[{"href":"https:\/\/www.andelutech.com\/tr\/wp-json\/wp\/v2\/product\/2784","targetHints":{"allow":["GET"]}}],"collection":[{"href":"https:\/\/www.andelutech.com\/tr\/wp-json\/wp\/v2\/product"}],"about":[{"href":"https:\/\/www.andelutech.com\/tr\/wp-json\/wp\/v2\/types\/product"}],"replies":[{"embeddable":true,"href":"https:\/\/www.andelutech.com\/tr\/wp-json\/wp\/v2\/comments?post=2784"}],"wp:featuredmedia":[{"embeddable":true,"href":"https:\/\/www.andelutech.com\/tr\/wp-json\/wp\/v2\/media\/2780"}],"wp:attachment":[{"href":"https:\/\/www.andelutech.com\/tr\/wp-json\/wp\/v2\/media?parent=2784"}],"wp:term":[{"taxonomy":"product_brand","embeddable":true,"href":"https:\/\/www.andelutech.com\/tr\/wp-json\/wp\/v2\/product_brand?post=2784"},{"taxonomy":"product_cat","embeddable":true,"href":"https:\/\/www.andelutech.com\/tr\/wp-json\/wp\/v2\/product_cat?post=2784"},{"taxonomy":"product_tag","embeddable":true,"href":"https:\/\/www.andelutech.com\/tr\/wp-json\/wp\/v2\/product_tag?post=2784"}],"curies":[{"name":"wp","href":"https:\/\/api.w.org\/{rel}","templated":true}]}}