{"id":2442,"date":"2025-05-23T15:40:57","date_gmt":"2025-05-23T07:40:57","guid":{"rendered":"https:\/\/www.andelutech.com\/?post_type=product&#038;p=2442"},"modified":"2026-03-26T17:35:19","modified_gmt":"2026-03-26T09:35:19","slug":"and-ts-5148cu","status":"publish","type":"product","link":"https:\/\/www.andelutech.com\/tr\/product\/and-ts-5148cu\/","title":{"rendered":"AND-TS-5148CU"},"content":{"rendered":"","protected":false},"excerpt":{"rendered":"<p><strong><b>Girii\u015f <\/b><\/strong><\/p>\n<p><strong><b>\u00dcr\u00fcn A\u00e7\u0131klamas\u0131<\/b><\/strong><\/p>\n<p>Ve TS-5148CU Ak\u0131m tek eksen\u00a0<a href=\"https:\/\/www.ericcointernational.com\/inclinomter\/\">E\u011fik metre<\/a>\u00a0k\u00fc\u00e7\u00fck hacimli bir MEMS TEK eksenli ak\u0131m \u00e7\u0131k\u0131\u015f e\u011fim \u00f6l\u00e7er, 4 ~ 20mA, 0 ~ 20ma, 0 ~ 24ma \u00e7\u0131k\u0131\u015f ak\u0131m\u0131 iste\u011fe ba\u011fl\u0131d\u0131r. Yerle\u015fik mikro-elektromanik \u00fcretim s\u00fcreci e\u011fim cihaz\u0131 nedeniyle, \u00fcr\u00fcn k\u00fc\u00e7\u00fck boyutta, g\u00fc\u00e7 t\u00fcketimi d\u00fc\u015f\u00fck, end\u00fcstriyel s\u0131n\u0131f \u00e7al\u0131\u015fma s\u0131cakl\u0131\u011f\u0131 -40 ~+85 \u2103'dir ve uzun mesafeli \u015fanz\u0131man 2500 metreden fazla ula\u015fabilir. D\u0131\u015f elektromanyetik parazitlere direnme g\u00fc\u00e7l\u00fc yetene\u011fi, sert end\u00fcstriyel ortamlarda uzun s\u00fcreli \u00e7al\u0131\u015fmalar i\u00e7in uygun hale getirir.<\/p>\n<p>\u00dcr\u00fcn, mevcut tutum ve e\u011fim a\u00e7\u0131s\u0131n\u0131 ger\u00e7ek zamanl\u0131 olarak 0,3 \u00b0 'ye kadar bir do\u011frulukla verebilen temass\u0131z \u00f6l\u00e7\u00fcm ilkesini benimser. Kullan\u0131m\u0131 kolayd\u0131r ve iki y\u00fczeyi g\u00f6receli de\u011fi\u015fikliklerle bulmaya gerek yoktur, bu nedenle end\u00fcstriyel ekipman ve platform tutum \u00f6l\u00e7\u00fcm\u00fcn\u00fcn ideal se\u00e7imidir.<\/p>\n<p><strong><b>\u00d6zellikler<\/b><\/strong><\/p>\n<p>Tek eksenli e\u011fim izleme<\/p>\n<p>Tam aral\u0131k do\u011frulu\u011fu 0.3 \u00b0, \u00e7\u00f6z\u00fcn\u00fcrl\u00fck 0.05 \u00b0<\/p>\n<p>\u00c7\u0131k\u0131\u015f 4 ~ 20mA, 0 ~ 20mA, 0 ~ 24mA \u0130ste\u011fe ba\u011fl\u0131<\/p>\n<p>Geni\u015f Gerilim Giri\u015fi DC 9 ~ 36V<\/p>\n<p>Geni\u015f S\u0131cakl\u0131k \u00c7al\u0131\u015f\u0131yor -40 ~+85 \u2103<\/p>\n<p>\u00d6l\u00e7\u00fcm aral\u0131\u011f\u0131: 0 ~ \u00b1 180 \u00b0 (iste\u011fe ba\u011fl\u0131)<\/p>\n<p>Y\u00fcksek titre\u015fim direnci&gt; 2500 g<\/p>\n<p>IP67 korumas\u0131<\/p>\n<p>End\u00fcstriyel tasar\u0131m<\/p>\n<p>K\u00fc\u00e7\u00fck hacim (55*37*24mm) (\u00f6zelle\u015ftirilebilir)<\/p>","protected":false},"featured_media":3342,"comment_status":"open","ping_status":"closed","template":"","meta":[],"product_brand":[],"product_cat":[24],"product_tag":[],"class_list":{"0":"post-2442","1":"product","2":"type-product","3":"status-publish","4":"has-post-thumbnail","6":"product_cat-tilt-sensor","8":"first","9":"instock","10":"shipping-taxable","11":"product-type-simple"},"_links":{"self":[{"href":"https:\/\/www.andelutech.com\/tr\/wp-json\/wp\/v2\/product\/2442","targetHints":{"allow":["GET"]}}],"collection":[{"href":"https:\/\/www.andelutech.com\/tr\/wp-json\/wp\/v2\/product"}],"about":[{"href":"https:\/\/www.andelutech.com\/tr\/wp-json\/wp\/v2\/types\/product"}],"replies":[{"embeddable":true,"href":"https:\/\/www.andelutech.com\/tr\/wp-json\/wp\/v2\/comments?post=2442"}],"wp:featuredmedia":[{"embeddable":true,"href":"https:\/\/www.andelutech.com\/tr\/wp-json\/wp\/v2\/media\/3342"}],"wp:attachment":[{"href":"https:\/\/www.andelutech.com\/tr\/wp-json\/wp\/v2\/media?parent=2442"}],"wp:term":[{"taxonomy":"product_brand","embeddable":true,"href":"https:\/\/www.andelutech.com\/tr\/wp-json\/wp\/v2\/product_brand?post=2442"},{"taxonomy":"product_cat","embeddable":true,"href":"https:\/\/www.andelutech.com\/tr\/wp-json\/wp\/v2\/product_cat?post=2442"},{"taxonomy":"product_tag","embeddable":true,"href":"https:\/\/www.andelutech.com\/tr\/wp-json\/wp\/v2\/product_tag?post=2442"}],"curies":[{"name":"wp","href":"https:\/\/api.w.org\/{rel}","templated":true}]}}