{"id":2439,"date":"2025-05-23T15:39:12","date_gmt":"2025-05-23T07:39:12","guid":{"rendered":"https:\/\/www.andelutech.com\/?post_type=product&#038;p=2439"},"modified":"2026-01-14T09:48:35","modified_gmt":"2026-01-14T01:48:35","slug":"low-cost-single-axis-tilt-sensor-digital-output-5146di","status":"publish","type":"product","link":"https:\/\/www.andelutech.com\/tr\/product\/low-cost-single-axis-tilt-sensor-digital-output-5146di\/","title":{"rendered":"AND-TS-5146DI Low Cost Single Axis Tilt Sensor Digital Output"},"content":{"rendered":"","protected":false},"excerpt":{"rendered":"<p><strong><b>Girii\u015f<\/b><\/strong><\/p>\n<p>Ve TS-5146DI Dijital Tek Eksen Tilt Metre, yerle\u015fik \u00e7ift kanall\u0131 yer\u00e7ekimi e\u011fim \u00fcnitesine sahip yeni nesil dijital k\u00fc\u00e7\u00fck hacimli MEMS e\u011fim sens\u00f6r\u00fcd\u00fcr, statik yer\u00e7ekimi h\u0131zlanmas\u0131n\u0131 \u00f6l\u00e7erek e\u011fim de\u011fi\u015fikli\u011fini d\u00f6n\u00fc\u015ft\u00fcr\u00fcr. B\u00f6ylece sens\u00f6r \u00e7\u0131k\u0131\u015f\u0131 yatay d\u00fczlem e\u011fimine ve zift a\u00e7\u0131s\u0131na g\u00f6re \u00f6l\u00e7\u00fclebilir. \u00c7\u0131k\u0131\u015f modunda se\u00e7im yapabilece\u011finiz RS232, RS485 veya TTL, Modbus seviyesi aray\u00fcz\u00fc bulunur. Yerle\u015fik MCU kontrol sistemi nedeniyle, analog d\u00fczeltme eksikli\u011finin neden oldu\u011fu do\u011frulu\u011fu kaybetmek i\u00e7in sens\u00f6r\u00fcn \u00e7\u0131k\u0131\u015f do\u011frusall\u0131\u011f\u0131 iki kez d\u00fczeltildi.<\/p>\n<p>\u00dcr\u00fcn, mevcut tutumu ve e\u011fimi ger\u00e7ek zamanl\u0131 olarak \u00e7\u0131karabilen orijinal miktar\u0131n temass\u0131z \u00f6l\u00e7\u00fcm\u00fcn\u00fc benimser. Operasyon basittir ve de\u011fi\u015fikli\u011fin iki taraf\u0131n\u0131 almaya gerek yoktur. D\u0131\u015f elektromanyetik parazitlere direnebilir ve uzun s\u00fcreli \u00e7al\u0131\u015fma i\u00e7in sert end\u00fcstriyel ortama uyum sa\u011flayabilir, bu nedenle end\u00fcstriyel otomasyon kontrol\u00fc ve platform tutum \u00f6l\u00e7\u00fcm\u00fc i\u00e7in ideal bir se\u00e7imdir.<\/p>\n<p><strong><b>\u00d6zellikler<\/b><\/strong><\/p>\n<p>Tek eksenli e\u011fim izleme<\/p>\n<p>Tam aral\u0131k do\u011frulu\u011fu 0.3 \u00b0, \u00e7\u00f6z\u00fcn\u00fcrl\u00fck 0.05 \u00b0<\/p>\n<p>\u00c7\u0131k\u0131\u015f frekans\u0131 5 ~ 100Hz (iste\u011fe ba\u011fl\u0131)<\/p>\n<p>Giri\u015f Voltaj\u0131 DC 5V<\/p>\n<p>Geni\u015f S\u0131cakl\u0131k \u00c7al\u0131\u015f\u0131yor -40 ~+85 \u2103<\/p>\n<p>\u00d6l\u00e7\u00fcm aral\u0131\u011f\u0131: 0 ~ \u00b1 180 \u00b0 (iste\u011fe ba\u011fl\u0131)<\/p>\n<p>Y\u00fcksek titre\u015fim direnci&gt; 2500 g<\/p>\n<p>Baud H\u0131z\u01312400 ~ 115200 (ayarlanabilir)<\/p>\n<p>IP67 korumas\u0131<\/p>\n<p>\u00c7\u0131kt\u0131: rs232 \/RS485\/TTL\/MODBUS (iste\u011fe ba\u011fl\u0131)<\/p>\n<p>K\u00fc\u00e7\u00fck hacim (55*37*24mm) (\u00f6zelle\u015ftirilebilir)<\/p>\n<p><strong><b>Ba\u015fvuru<\/b><\/strong><\/p>\n<p>Y\u00fcksek voltajl\u0131 g\u00fc\u00e7 hatt\u0131 kule kutup izleme<\/p>\n<p>Uydu g\u00fcne\u015f anten konumland\u0131rma<\/p>\n<p>Havadan i\u015f arac\u0131<\/p>\n<p>Madencilik Makineleri, Petrol G\u00fcnl\u00fc\u011f\u00fc Ekipmanlar\u0131<\/p>\n<p>T\u0131bbi ekipman<\/p>\n<p>Gimp seviyesi<\/p>\n<p>Hidrolik kald\u0131rma platformu<\/p>\n<p>E\u011fim tabanl\u0131 izleme<\/p>\n<p>\u00c7e\u015fitli in\u015faat makineleri a\u00e7\u0131s\u0131 kontrol\u00fc<\/p>\n<p>K\u00f6pr\u00fc ve barajlar\u0131n denetimi<\/p>","protected":false},"featured_media":3343,"comment_status":"open","ping_status":"closed","template":"","meta":[],"product_brand":[],"product_cat":[24],"product_tag":[],"class_list":{"0":"post-2439","1":"product","2":"type-product","3":"status-publish","4":"has-post-thumbnail","6":"product_cat-tilt-sensor","8":"first","9":"instock","10":"shipping-taxable","11":"product-type-simple"},"_links":{"self":[{"href":"https:\/\/www.andelutech.com\/tr\/wp-json\/wp\/v2\/product\/2439","targetHints":{"allow":["GET"]}}],"collection":[{"href":"https:\/\/www.andelutech.com\/tr\/wp-json\/wp\/v2\/product"}],"about":[{"href":"https:\/\/www.andelutech.com\/tr\/wp-json\/wp\/v2\/types\/product"}],"replies":[{"embeddable":true,"href":"https:\/\/www.andelutech.com\/tr\/wp-json\/wp\/v2\/comments?post=2439"}],"wp:featuredmedia":[{"embeddable":true,"href":"https:\/\/www.andelutech.com\/tr\/wp-json\/wp\/v2\/media\/3343"}],"wp:attachment":[{"href":"https:\/\/www.andelutech.com\/tr\/wp-json\/wp\/v2\/media?parent=2439"}],"wp:term":[{"taxonomy":"product_brand","embeddable":true,"href":"https:\/\/www.andelutech.com\/tr\/wp-json\/wp\/v2\/product_brand?post=2439"},{"taxonomy":"product_cat","embeddable":true,"href":"https:\/\/www.andelutech.com\/tr\/wp-json\/wp\/v2\/product_cat?post=2439"},{"taxonomy":"product_tag","embeddable":true,"href":"https:\/\/www.andelutech.com\/tr\/wp-json\/wp\/v2\/product_tag?post=2439"}],"curies":[{"name":"wp","href":"https:\/\/api.w.org\/{rel}","templated":true}]}}