{"id":2436,"date":"2025-05-23T15:37:47","date_gmt":"2025-05-23T07:37:47","guid":{"rendered":"https:\/\/www.andelutech.com\/?post_type=product&#038;p=2436"},"modified":"2026-01-09T13:54:29","modified_gmt":"2026-01-09T05:54:29","slug":"low-cost-single-axis-tilt-sensor-canopen-output-5145ca","status":"publish","type":"product","link":"https:\/\/www.andelutech.com\/tr\/product\/low-cost-single-axis-tilt-sensor-canopen-output-5145ca\/","title":{"rendered":"AND-TM-5145CA Low Cost Single Axis Tilt Sensor CANopen Output"},"content":{"rendered":"","protected":false},"excerpt":{"rendered":"<p><strong><b>Girii\u015f<\/b><\/strong><\/p>\n<p>Canopen \u00e7\u0131k\u0131\u015f \u00e7ift eksenli e\u011fim, end\u00fcstriyel saha kontrol\u00fc i\u00e7in \u00f6zel olarak geli\u015ftirilen bir \u00fcr\u00fcnd\u00fcr. \u00dcr\u00fcn, k\u00fc\u00e7\u00fck boyut, d\u00fc\u015f\u00fck g\u00fc\u00e7 t\u00fcketimi ve mikro-elektro-mekanik i\u015flemin y\u00fcksek tutarl\u0131l\u0131\u011f\u0131 ve stabilitesi \u00f6zelliklerine sahip yerle\u015fik bir mikro-elektro-mekanik \u00fcretim i\u015flemi e\u011fim \u00fcnitesine sahiptir. -40 ~+85 \u00b0 C \u00e7al\u0131\u015fma s\u0131cakl\u0131\u011f\u0131na sahip end\u00fcstriyel s\u0131n\u0131f bir e\u011fim mod\u00fcl\u00fcd\u00fcr.<\/p>\n<p>\u00dcr\u00fcn, orijinal miktar\u0131n temass\u0131z \u00f6l\u00e7\u00fcm\u00fcn\u00fc kullan\u0131r ve mevcut tutumu ve e\u011fimi ger\u00e7ek zamanl\u0131 olarak \u00e7\u0131karabilir. Operasyon basittir ve g\u00f6receli de\u011fi\u015fikliklerin iki y\u00fcz\u00fcn\u00fc almaya gerek yoktur. D\u0131\u015f elektromanyetik parazitlere kar\u015f\u0131 g\u00fc\u00e7l\u00fc bir dirence sahiptir ve sert end\u00fcstriyel ortamlarda uzun s\u00fcreli \u00e7al\u0131\u015fmaya uyum sa\u011flayabilir, bu da end\u00fcstriyel otomasyon kontrol\u00fc ve platform tutum \u00f6l\u00e7\u00fcm\u00fc i\u00e7in ideal bir se\u00e7imdir.<\/p>\n<p><strong><b>Featuers<\/b><\/strong><\/p>\n<p>Tek eksenli e\u011fim izleme<\/p>\n<p>Tam aral\u0131k do\u011frulu\u011fu 0.3 \u00b0, \u00e7\u00f6z\u00fcn\u00fcrl\u00fck 0.05 \u00b0<\/p>\n<p>\u00c7\u0131k\u0131\u015f frekans\u0131 5 ~ 100Hz (iste\u011fe ba\u011fl\u0131)<\/p>\n<p>Giri\u015f Voltaj\u0131 DC 5V<\/p>\n<p>Geni\u015f S\u0131cakl\u0131k \u00c7al\u0131\u015f\u0131yor -40 ~+85 \u2103<\/p>\n<p>\u00d6l\u00e7\u00fcm aral\u0131\u011f\u0131: 0 ~ \u00b1 180 \u00b0 (iste\u011fe ba\u011fl\u0131)<\/p>\n<p>Y\u00fcksek titre\u015fim direnci&gt; 2500 g<\/p>\n<p>Baud H\u0131z\u0131 100K-500K BPS<\/p>\n<p>IP67 korumas\u0131<\/p>\n<p>\u00c7\u0131kt\u0131: Canopen<\/p>\n<p>K\u00fc\u00e7\u00fck hacim (55*37*24mm) (\u00f6zelle\u015ftirilebilir)<\/p>\n<p><strong><b>Ba\u015fvuru<\/b><\/strong><\/p>\n<p>Y\u00fcksek voltajl\u0131 tel kulesi izleme<\/p>\n<p>Uydu g\u00fcne\u015f anten konumland\u0131rma<\/p>\n<p>Y\u00fcksek trakt\u00f6r, derin tar\u0131m makineleri ve madencilik makineleri<\/p>\n<p>Petrol G\u00fcnl\u00fck Ekipmanlar\u0131 T\u0131bbi Ekipman<\/p>\n<p>E\u011fim seviyesi<\/p>\n<p>Hidrolik kald\u0131rma platformu<\/p>\n<p>E\u011fim izleme<\/p>\n<p>\u00c7e\u015fitli in\u015faat makinelerinin a\u00e7\u0131 kontrol\u00fc<\/p>\n<p>K\u00f6pr\u00fc ve barajlar\u0131n denetimi<\/p>","protected":false},"featured_media":3367,"comment_status":"open","ping_status":"closed","template":"","meta":[],"product_brand":[],"product_cat":[24],"product_tag":[],"class_list":{"0":"post-2436","1":"product","2":"type-product","3":"status-publish","4":"has-post-thumbnail","6":"product_cat-tilt-sensor","8":"first","9":"instock","10":"shipping-taxable","11":"product-type-simple"},"_links":{"self":[{"href":"https:\/\/www.andelutech.com\/tr\/wp-json\/wp\/v2\/product\/2436","targetHints":{"allow":["GET"]}}],"collection":[{"href":"https:\/\/www.andelutech.com\/tr\/wp-json\/wp\/v2\/product"}],"about":[{"href":"https:\/\/www.andelutech.com\/tr\/wp-json\/wp\/v2\/types\/product"}],"replies":[{"embeddable":true,"href":"https:\/\/www.andelutech.com\/tr\/wp-json\/wp\/v2\/comments?post=2436"}],"wp:featuredmedia":[{"embeddable":true,"href":"https:\/\/www.andelutech.com\/tr\/wp-json\/wp\/v2\/media\/3367"}],"wp:attachment":[{"href":"https:\/\/www.andelutech.com\/tr\/wp-json\/wp\/v2\/media?parent=2436"}],"wp:term":[{"taxonomy":"product_brand","embeddable":true,"href":"https:\/\/www.andelutech.com\/tr\/wp-json\/wp\/v2\/product_brand?post=2436"},{"taxonomy":"product_cat","embeddable":true,"href":"https:\/\/www.andelutech.com\/tr\/wp-json\/wp\/v2\/product_cat?post=2436"},{"taxonomy":"product_tag","embeddable":true,"href":"https:\/\/www.andelutech.com\/tr\/wp-json\/wp\/v2\/product_tag?post=2436"}],"curies":[{"name":"wp","href":"https:\/\/api.w.org\/{rel}","templated":true}]}}