{"id":2433,"date":"2025-05-23T15:36:02","date_gmt":"2025-05-23T07:36:02","guid":{"rendered":"https:\/\/www.andelutech.com\/?post_type=product&#038;p=2433"},"modified":"2026-01-14T09:59:30","modified_gmt":"2026-01-14T01:59:30","slug":"low-cost-voltage-output-single-axis-tilt-sensor-5140vo","status":"publish","type":"product","link":"https:\/\/www.andelutech.com\/tr\/product\/low-cost-voltage-output-single-axis-tilt-sensor-5140vo\/","title":{"rendered":"AND-TS-5140VO Low Cost Voltage Output Single Axis Tilt Sensor"},"content":{"rendered":"","protected":false},"excerpt":{"rendered":"<p><strong><b>Girii\u015f<\/b><\/strong><\/p>\n<p>Ve TS-5140VO Serisi\u00a0<a href=\"https:\/\/www.ericcointernational.com\/inclinomter\/\">e\u011fik sens\u00f6r<\/a>\u00a0d\u00fc\u015f\u00fck maliyetli tek eksenli voltaj \u00e7\u0131k\u0131\u015f\u0131 e\u011fimidir\u00a0<a href=\"https:\/\/www.ericcointernational.com\/inclinomter\/\">sens\u00f6r<\/a>. \u00c7\u0131k\u0131\u015f voltaj\u0131 0 ~ 5V'dir ve 0 ~ 10V iste\u011fe ba\u011fl\u0131d\u0131r. Esas olarak hacim ve maliyetin olduk\u00e7a s\u0131n\u0131rl\u0131 oldu\u011fu uygulama pazar\u0131na y\u00f6neliktir. Yeni nesil MEMS \u00fcretim s\u00fcrecinin yerle\u015fik e\u011fim birimi nedeniyle, bitmi\u015f \u00fcr\u00fcn k\u00fc\u00e7\u00fck ve g\u00fc\u00e7 t\u00fcketimi d\u00fc\u015f\u00fckt\u00fcr. MEMS i\u015fleminin tutarl\u0131l\u0131\u011f\u0131 ve stabilitesi \u00e7ok y\u00fcksektir ve \u00e7al\u0131\u015fma s\u0131cakl\u0131\u011f\u0131, maliyet etkin bir e\u011fim mod\u00fcl\u00fc olan end\u00fcstriyel s\u0131n\u0131f -40 ~+85 \u2103 'a ula\u015f\u0131r.<\/p>\n<p>\u00dcr\u00fcn, mevcut tutumu ve e\u011fimi ger\u00e7ek zamanl\u0131 olarak verebilen temass\u0131z \u00f6l\u00e7\u00fcm ilkesini benimser. Operasyon basit, g\u00f6receli de\u011fi\u015fikliklere sahip iki y\u00fcz aramaya gerek yok. \u00d6zellikle sert end\u00fcstriyel ortamlar i\u00e7in uygun olan k\u00fc\u00e7\u00fck boyut ve g\u00fc\u00e7l\u00fc \u015fok ve titre\u015fim direncinin \u00f6zelliklerine sahiptir.<\/p>\n<p><strong><b>Featuers<\/b><\/strong><\/p>\n<p>Tek eksenli e\u011fim izleme<\/p>\n<p>Tam aral\u0131k do\u011frulu\u011fu 0.3 \u00b0, \u00e7\u00f6z\u00fcn\u00fcrl\u00fck 0.05 \u00b0<\/p>\n<p>\u00c7\u0131kt\u0131: 0-5V, 0-10V (iste\u011fe ba\u011fl\u0131)<\/p>\n<p>Geni\u015f Gerilim Giri\u015fi DC 9 ~ 36V<\/p>\n<p>Geni\u015f S\u0131cakl\u0131k \u00c7al\u0131\u015f\u0131yor -40 ~+85 \u2103<\/p>\n<p>\u00d6l\u00e7\u00fcm aral\u0131\u011f\u0131: 0 ~ \u00b1 180 \u00b0 (iste\u011fe ba\u011fl\u0131)<\/p>\n<p>Y\u00fcksek titre\u015fim direnci&gt; 2500 g<\/p>\n<p>IP67 korumas\u0131<\/p>\n<p>End\u00fcstriyel tasar\u0131m<\/p>\n<p>K\u00fc\u00e7\u00fck hacim (55*37*24mm) (\u00f6zelle\u015ftirilebilir)<\/p>\n<p><strong><b>Ba\u015fvuru<\/b><\/strong><\/p>\n<p>Ak\u0131ll\u0131 G\u00fc\u00e7 \u0130letim Hatt\u0131<\/p>\n<p>Havadan i\u015f kamyonu<\/p>\n<p>Traksiyon, derin tar\u0131m makineleri<\/p>\n<p>Madencilik Makineleri, Petrol G\u00fcnl\u00fc\u011f\u00fc Ekipmanlar\u0131<\/p>\n<p>T\u0131bbi ekipman<\/p>\n<p>E\u011fim seviyesi<\/p>\n<p>Hidrolik kald\u0131rma platformu<\/p>\n<p>E\u011fim izleme<\/p>\n<p>\u00c7e\u015fitli in\u015faat makinelerinin a\u00e7\u0131 kontrol\u00fc<\/p>\n<p>K\u00f6pr\u00fc ve barajlar\u0131n denetimi<\/p>","protected":false},"featured_media":3344,"comment_status":"open","ping_status":"closed","template":"","meta":[],"product_brand":[],"product_cat":[24],"product_tag":[],"class_list":{"0":"post-2433","1":"product","2":"type-product","3":"status-publish","4":"has-post-thumbnail","6":"product_cat-tilt-sensor","8":"first","9":"instock","10":"shipping-taxable","11":"product-type-simple"},"_links":{"self":[{"href":"https:\/\/www.andelutech.com\/tr\/wp-json\/wp\/v2\/product\/2433","targetHints":{"allow":["GET"]}}],"collection":[{"href":"https:\/\/www.andelutech.com\/tr\/wp-json\/wp\/v2\/product"}],"about":[{"href":"https:\/\/www.andelutech.com\/tr\/wp-json\/wp\/v2\/types\/product"}],"replies":[{"embeddable":true,"href":"https:\/\/www.andelutech.com\/tr\/wp-json\/wp\/v2\/comments?post=2433"}],"wp:featuredmedia":[{"embeddable":true,"href":"https:\/\/www.andelutech.com\/tr\/wp-json\/wp\/v2\/media\/3344"}],"wp:attachment":[{"href":"https:\/\/www.andelutech.com\/tr\/wp-json\/wp\/v2\/media?parent=2433"}],"wp:term":[{"taxonomy":"product_brand","embeddable":true,"href":"https:\/\/www.andelutech.com\/tr\/wp-json\/wp\/v2\/product_brand?post=2433"},{"taxonomy":"product_cat","embeddable":true,"href":"https:\/\/www.andelutech.com\/tr\/wp-json\/wp\/v2\/product_cat?post=2433"},{"taxonomy":"product_tag","embeddable":true,"href":"https:\/\/www.andelutech.com\/tr\/wp-json\/wp\/v2\/product_tag?post=2433"}],"curies":[{"name":"wp","href":"https:\/\/api.w.org\/{rel}","templated":true}]}}