{"id":2429,"date":"2025-05-23T15:33:46","date_gmt":"2025-05-23T07:33:46","guid":{"rendered":"https:\/\/www.andelutech.com\/?post_type=product&#038;p=2429"},"modified":"2026-01-09T13:59:38","modified_gmt":"2026-01-09T05:59:38","slug":"low-cost-digital-output-type-two-axis-tilt-sensor-3269di","status":"publish","type":"product","link":"https:\/\/www.andelutech.com\/tr\/product\/low-cost-digital-output-type-two-axis-tilt-sensor-3269di\/","title":{"rendered":"AND-TS-3269DI Low Cost Digital Output Type Two Axis Tilt Sensor"},"content":{"rendered":"","protected":false},"excerpt":{"rendered":"<p><strong><b>Girii\u015f<\/b><\/strong><\/p>\n<p>Ve TS-3269DI, end\u00fcstriyel kontrol alan\u0131nda kullan\u0131lan bir dijital \u00e7\u0131k\u0131\u015f \u00e7ift eksenli e\u011fim sens\u00f6r\u00fcd\u00fcr. Dahili y\u00fcksek hassasiyetli 16bit A \/D d\u00f6n\u00fc\u015ft\u00fcr\u00fcc\u00fc ve n-sipari\u015f filtreleme algoritmas\u0131, sens\u00f6r \u00e7\u0131k\u0131\u015f\u0131n\u0131n yatay d\u00fczleme g\u00f6re e\u011fimini ve e\u011fim a\u00e7\u0131s\u0131n\u0131 \u00f6l\u00e7mek i\u00e7in kullan\u0131l\u0131r. \u00c7\u0131k\u0131\u015f aray\u00fcz\u00fcnde RS232, RS485, RS422, TTL, PWM, CAN, MODBUS aralar\u0131ndan se\u00e7im yapabilece\u011finiz.<\/p>\n<p>\u00dcr\u00fcn, ADI Company'den y\u00fcksek hassasiyetli bir dijital sens\u00f6r ile donat\u0131lm\u0131\u015ft\u0131r, bu da\u00a0<a href=\"https:\/\/www.ericcointernational.com\/inclinomter\/\">sens\u00f6r<\/a>\u00a0\u00fcr\u00fcn\u00fcn d\u00fc\u015f\u00fck ve y\u00fcksek s\u0131cakl\u0131k ortamlar\u0131nda tekrarlanabilirli\u011fini sa\u011flamak i\u00e7in yerle\u015fik s\u0131cakl\u0131k sens\u00f6r\u00fcn\u00fcn izleme s\u0131cakl\u0131\u011f\u0131 de\u011fi\u015fimine g\u00f6re. \u00c7\u0131kt\u0131 kar\u015f\u0131l\u0131k gelen frekans, g\u00fcvenilir ve istikrarl\u0131 performans, iyi \u00f6l\u00e7eklenebilirlik ve \u00e7e\u015fitli \u00e7\u0131k\u0131\u015f se\u00e7eneklerine sahip ger\u00e7ek bir end\u00fcstriyel \u00fcr\u00fcn olan 100Hz'dir, bu da onu \u00e7e\u015fitli end\u00fcstriyel kontrol ortamlar\u0131 i\u00e7in uygun hale getirir.<\/p>\n<p><strong><b>\u00d6zellikler<\/b><\/strong><\/p>\n<p>\u00c7ift eksen e\u011fim izleme<\/p>\n<p>Tam aral\u0131k do\u011frulu\u011fu 0.01 \u00b0, \u00e7\u00f6z\u00fcn\u00fcrl\u00fck 0.001 \u00b0<\/p>\n<p>\u00c7\u0131k\u0131\u015f frekans\u0131 5 ~ 100Hz (iste\u011fe ba\u011fl\u0131)<\/p>\n<p>Geni\u015f Gerilim Giri\u015fi DC 9 ~ 36V<\/p>\n<p>Geni\u015f S\u0131cakl\u0131k \u00c7al\u0131\u015f\u0131yor -40 ~+85 \u2103<\/p>\n<p>\u00d6l\u00e7\u00fcm aral\u0131\u011f\u0131: 0 ~ \u00b1 90 \u00b0 (iste\u011fe ba\u011fl\u0131)<\/p>\n<p>Y\u00fcksek Titre\u015fim Direnci&gt; 20000g<\/p>\n<p>Baud H\u0131z\u0131 2400 ~ 115200 (ayarlanabilir)<\/p>\n<p>IP67 korumas\u0131<\/p>\n<p>RS232 \/RS485\/TTL\/MODBUS (iste\u011fe ba\u011fl\u0131) \u00e7\u0131kt\u0131 yapabilir<\/p>\n<p>K\u00fc\u00e7\u00fck hacim (46*35*8mm) (\u00f6zelle\u015ftirilebilir)<\/p>\n<p><strong><b>Ba\u015fvuru<\/b><\/strong><\/p>\n<p>Y\u00fcksek voltajl\u0131 g\u00fc\u00e7 hatt\u0131 kule kutup izleme<\/p>\n<p>Uydu g\u00fcne\u015f anten konumland\u0131rma<\/p>\n<p>AGV arabas\u0131<\/p>\n<p>Madencilik Makineleri, Petrol G\u00fcnl\u00fc\u011f\u00fc Ekipmanlar\u0131<\/p>\n<p>T\u0131bbi ekipman<\/p>\n<p>E\u011fim seviyesi<\/p>\n<p>Hidrolik kald\u0131rma platformu<\/p>\n<p>E\u011fim izleme<\/p>\n<p>\u00c7e\u015fitli in\u015faat makinelerinin a\u00e7\u0131 kontrol\u00fc<\/p>\n<p>K\u00f6pr\u00fc ve barajlar\u0131n denetimi<\/p>","protected":false},"featured_media":2431,"comment_status":"open","ping_status":"closed","template":"","meta":[],"product_brand":[],"product_cat":[24],"product_tag":[],"class_list":{"0":"post-2429","1":"product","2":"type-product","3":"status-publish","4":"has-post-thumbnail","6":"product_cat-tilt-sensor","8":"first","9":"instock","10":"shipping-taxable","11":"product-type-simple"},"_links":{"self":[{"href":"https:\/\/www.andelutech.com\/tr\/wp-json\/wp\/v2\/product\/2429","targetHints":{"allow":["GET"]}}],"collection":[{"href":"https:\/\/www.andelutech.com\/tr\/wp-json\/wp\/v2\/product"}],"about":[{"href":"https:\/\/www.andelutech.com\/tr\/wp-json\/wp\/v2\/types\/product"}],"replies":[{"embeddable":true,"href":"https:\/\/www.andelutech.com\/tr\/wp-json\/wp\/v2\/comments?post=2429"}],"wp:featuredmedia":[{"embeddable":true,"href":"https:\/\/www.andelutech.com\/tr\/wp-json\/wp\/v2\/media\/2431"}],"wp:attachment":[{"href":"https:\/\/www.andelutech.com\/tr\/wp-json\/wp\/v2\/media?parent=2429"}],"wp:term":[{"taxonomy":"product_brand","embeddable":true,"href":"https:\/\/www.andelutech.com\/tr\/wp-json\/wp\/v2\/product_brand?post=2429"},{"taxonomy":"product_cat","embeddable":true,"href":"https:\/\/www.andelutech.com\/tr\/wp-json\/wp\/v2\/product_cat?post=2429"},{"taxonomy":"product_tag","embeddable":true,"href":"https:\/\/www.andelutech.com\/tr\/wp-json\/wp\/v2\/product_tag?post=2429"}],"curies":[{"name":"wp","href":"https:\/\/api.w.org\/{rel}","templated":true}]}}