{"id":2426,"date":"2025-05-23T15:29:46","date_gmt":"2025-05-23T07:29:46","guid":{"rendered":"https:\/\/www.andelutech.com\/?post_type=product&#038;p=2426"},"modified":"2026-01-09T14:01:40","modified_gmt":"2026-01-09T06:01:40","slug":"current-output-type-2-axis-tilt-sensor-3268cu","status":"publish","type":"product","link":"https:\/\/www.andelutech.com\/tr\/product\/current-output-type-2-axis-tilt-sensor-3268cu\/","title":{"rendered":"AND-TS-3268CU Current Output Type 2 Axis Tilt Sensor"},"content":{"rendered":"","protected":false},"excerpt":{"rendered":"<p><strong><b>Girii\u015f<\/b><\/strong><\/p>\n<p>Ve TS-3268CU, standart bir end\u00fcstriyel \u00e7ift eksenli ak\u0131m \u00e7\u0131k\u0131\u015f e\u011fim sens\u00f6r\u00fcd\u00fcr. Aralar\u0131ndan se\u00e7im yapabilece\u011finiz 4-20mA, 0-20mA, 0-24mA standart ak\u0131mlar\u0131 vard\u0131r ve 2000 metre uzunlu\u011funda mesafe aktarabilir.<\/p>\n<p>\u00dcr\u00fcn, s\u0131cakl\u0131k hatalar\u0131n\u0131 ve do\u011frusal hatalar\u0131 do\u011fru bir \u015fekilde telafi edebilen ve d\u00fczeltebilen MEMS sens\u00f6r \u00fcretim teknolojisini benimser. Y\u00fcksek do\u011fruluk, k\u00fc\u00e7\u00fck boyut, y\u00fcksek ambalaj teknolojisi, g\u00fc\u00e7l\u00fc titre\u015fim direnci, yerle\u015fik radyo kar\u015f\u0131t\u0131 frekans ve anti-elektromanyetik giri\u015fim devreleri \u00f6zelliklerine sahiptir, bu da \u00f6zellikle kaz\u0131 makineleri gibi sert end\u00fcstriyel ortamlarda yeralt\u0131 uygulamalar\u0131 i\u00e7in uygundur.<\/p>\n<p><strong><b>\u00d6zellikler<\/b><\/strong><\/p>\n<p>\u00c7ift eksen e\u011fim izleme<\/p>\n<p>Tam aral\u0131k do\u011frulu\u011fu 0.01 \u00b0, \u00e7\u00f6z\u00fcn\u00fcrl\u00fck 0.001 \u00b0<\/p>\n<p>\u00c7\u0131k\u0131\u015f 4 ~ 20mA, 0 ~ 20mA, 0 ~ 24mma (iste\u011fe ba\u011fl\u0131)<\/p>\n<p>Geni\u015f Gerilim Giri\u015fi DC 9 ~ 36V<\/p>\n<p>Geni\u015f S\u0131cakl\u0131k \u00c7al\u0131\u015f\u0131yor -40 ~+85 \u2103<\/p>\n<p>\u00d6l\u00e7\u00fcm aral\u0131\u011f\u0131: 0 ~ \u00b1 90 \u00b0 (iste\u011fe ba\u011fl\u0131)<\/p>\n<p>Y\u00fcksek Titre\u015fim Direnci&gt; 20000g<\/p>\n<p>IP67 korumas\u0131<\/p>\n<p>Ayn\u0131 anda Rs232 \u00e7\u0131kt\u0131 yapabilir<\/p>\n<p>K\u00fc\u00e7\u00fck hacim (90*40*27mm) (\u00f6zelle\u015ftirilebilir)<\/p>\n<p><strong><b>Ba\u015fvuru<\/b><\/strong><\/p>\n<p>Y\u00fcksek voltajl\u0131 g\u00fc\u00e7 hatt\u0131 kule kutup izleme<\/p>\n<p>Uydu g\u00fcne\u015f anten konumland\u0131rma<\/p>\n<p>Havadan i\u015f kamyonu<\/p>\n<p>Madencilik Makineleri, Petrol G\u00fcnl\u00fc\u011f\u00fc Ekipmanlar\u0131<\/p>\n<p>T\u0131bbi ekipman<\/p>\n<p>E\u011fim seviyesi<\/p>\n<p>Hidrolik kald\u0131rma platformu<\/p>\n<p>E\u011fim izleme<\/p>\n<p>\u00c7e\u015fitli in\u015faat makinelerinin a\u00e7\u0131 kontrol\u00fc<\/p>\n<p>K\u00f6pr\u00fc ve barajlar\u0131n denetimi<\/p>","protected":false},"featured_media":3345,"comment_status":"open","ping_status":"closed","template":"","meta":[],"product_brand":[],"product_cat":[24],"product_tag":[],"class_list":{"0":"post-2426","1":"product","2":"type-product","3":"status-publish","4":"has-post-thumbnail","6":"product_cat-tilt-sensor","8":"first","9":"instock","10":"shipping-taxable","11":"product-type-simple"},"_links":{"self":[{"href":"https:\/\/www.andelutech.com\/tr\/wp-json\/wp\/v2\/product\/2426","targetHints":{"allow":["GET"]}}],"collection":[{"href":"https:\/\/www.andelutech.com\/tr\/wp-json\/wp\/v2\/product"}],"about":[{"href":"https:\/\/www.andelutech.com\/tr\/wp-json\/wp\/v2\/types\/product"}],"replies":[{"embeddable":true,"href":"https:\/\/www.andelutech.com\/tr\/wp-json\/wp\/v2\/comments?post=2426"}],"wp:featuredmedia":[{"embeddable":true,"href":"https:\/\/www.andelutech.com\/tr\/wp-json\/wp\/v2\/media\/3345"}],"wp:attachment":[{"href":"https:\/\/www.andelutech.com\/tr\/wp-json\/wp\/v2\/media?parent=2426"}],"wp:term":[{"taxonomy":"product_brand","embeddable":true,"href":"https:\/\/www.andelutech.com\/tr\/wp-json\/wp\/v2\/product_brand?post=2426"},{"taxonomy":"product_cat","embeddable":true,"href":"https:\/\/www.andelutech.com\/tr\/wp-json\/wp\/v2\/product_cat?post=2426"},{"taxonomy":"product_tag","embeddable":true,"href":"https:\/\/www.andelutech.com\/tr\/wp-json\/wp\/v2\/product_tag?post=2426"}],"curies":[{"name":"wp","href":"https:\/\/api.w.org\/{rel}","templated":true}]}}