{"id":2420,"date":"2025-05-23T15:13:35","date_gmt":"2025-05-23T07:13:35","guid":{"rendered":"https:\/\/www.andelutech.com\/?post_type=product&#038;p=2420"},"modified":"2026-01-09T14:05:48","modified_gmt":"2026-01-09T06:05:48","slug":"digital-type-two-axis-tilt-sensor-3266di","status":"publish","type":"product","link":"https:\/\/www.andelutech.com\/tr\/product\/digital-type-two-axis-tilt-sensor-3266di\/","title":{"rendered":"AND-TS-3266DI Digital Type Two Axis Tilt Sensor"},"content":{"rendered":"","protected":false},"excerpt":{"rendered":"<p><strong><b>Girii\u015f<\/b><\/strong><\/p>\n<p>Ve TS-3266DI, MEMS teknolojisi ve dijital \u00e7\u0131kt\u0131 kullan\u0131larak \u00f6zel olarak end\u00fcstriyel kontrol i\u00e7in tasarlanm\u0131\u015f bir seri \u00e7ift eksenli e\u011fim g\u00f6stergesidir. Yerle\u015fik y\u00fcksek hassasiyetli16bit A \/Ddifferential D\u00f6n\u00fc\u015ft\u00fcr\u00fcc\u00fc, n filtreleme algoritmas\u0131 yoluyla, ufuk taltilt ve e\u011fim e\u011fimine g\u00f6re sens\u00f6r \u00e7\u0131k\u0131\u015f\u0131n\u0131n a\u00e7\u0131s\u0131n\u0131 \u00f6l\u00e7ebilen. \u00c7\u0131k\u0131\u015f aray\u00fczleri RS485, RS232, RS422, TTL, CAN, MODBUS iste\u011fe ba\u011fl\u0131d\u0131r.<\/p>\n<p>\u00dcr\u00fcn, \u00fcr\u00fcn\u00fcn d\u00fc\u015f\u00fck ve y\u00fcksek s\u0131cakl\u0131k ortamlar\u0131nda tekrarlanabilirli\u011fini sa\u011flamak i\u00e7in yerle\u015fik s\u0131cakl\u0131k sens\u00f6r\u00fcn\u00fcn izleme s\u0131cakl\u0131k de\u011fi\u015fimine g\u00f6re sens\u00f6r\u00fcn s\u0131cakl\u0131k kaymas\u0131n\u0131 d\u00fczeltebilen y\u00fcksek hassas bir dijital sens\u00f6r ile donat\u0131lm\u0131\u015ft\u0131r. Kar\u015f\u0131l\u0131k gelen \u00e7\u0131k\u0131\u015f frekans\u0131 100Hz'dir. Bitmi\u015f \u00fcr\u00fcn g\u00fcvenilir ve istikrarl\u0131 bir performansa, iyi \u00f6l\u00e7eklenebilirli\u011fe ve \u00e7e\u015fitli end\u00fcstriyel kontrol ortamlar\u0131 i\u00e7in uygun \u00e7e\u015fitli \u00e7\u0131k\u0131\u015f se\u00e7eneklerine sahiptir.<\/p>\n<p><strong><b>\u00d6zellikler<\/b><\/strong><\/p>\n<p>\u00c7ift eksen e\u011fim izleme<\/p>\n<p>Tam aral\u0131k do\u011frulu\u011fu 0.01 \u00b0, \u00e7\u00f6z\u00fcn\u00fcrl\u00fck 0.001 \u00b0<\/p>\n<p>\u00c7\u0131k\u0131\u015f frekans\u0131 5 ~ 100Hz (iste\u011fe ba\u011fl\u0131)<\/p>\n<p>Geni\u015f Gerilim Giri\u015fi DC 9 ~ 36V<\/p>\n<p>Geni\u015f S\u0131cakl\u0131k \u00c7al\u0131\u015f\u0131yor -40 ~+85 \u2103<\/p>\n<p>\u00d6l\u00e7\u00fcm aral\u0131\u011f\u0131: 0 ~ \u00b1 90 \u00b0 (iste\u011fe ba\u011fl\u0131)<\/p>\n<p>Y\u00fcksek Titre\u015fim Direnci&gt; 20000g<\/p>\n<p>Baud H\u0131z\u0131 2400 ~ 115200 (ayarlanabilir)<\/p>\n<p>IP67 korumas\u0131<\/p>\n<p>RS232 \/RS485\/TTL\/MODBUS (iste\u011fe ba\u011fl\u0131) \u00e7\u0131kt\u0131 yapabilir<\/p>\n<p>K\u00fc\u00e7\u00fck hacim (90*40*27mm) (\u00f6zelle\u015ftirilebilir)<\/p>","protected":false},"featured_media":3346,"comment_status":"open","ping_status":"closed","template":"","meta":[],"product_brand":[],"product_cat":[24],"product_tag":[],"class_list":{"0":"post-2420","1":"product","2":"type-product","3":"status-publish","4":"has-post-thumbnail","6":"product_cat-tilt-sensor","8":"first","9":"instock","10":"shipping-taxable","11":"product-type-simple"},"_links":{"self":[{"href":"https:\/\/www.andelutech.com\/tr\/wp-json\/wp\/v2\/product\/2420","targetHints":{"allow":["GET"]}}],"collection":[{"href":"https:\/\/www.andelutech.com\/tr\/wp-json\/wp\/v2\/product"}],"about":[{"href":"https:\/\/www.andelutech.com\/tr\/wp-json\/wp\/v2\/types\/product"}],"replies":[{"embeddable":true,"href":"https:\/\/www.andelutech.com\/tr\/wp-json\/wp\/v2\/comments?post=2420"}],"wp:featuredmedia":[{"embeddable":true,"href":"https:\/\/www.andelutech.com\/tr\/wp-json\/wp\/v2\/media\/3346"}],"wp:attachment":[{"href":"https:\/\/www.andelutech.com\/tr\/wp-json\/wp\/v2\/media?parent=2420"}],"wp:term":[{"taxonomy":"product_brand","embeddable":true,"href":"https:\/\/www.andelutech.com\/tr\/wp-json\/wp\/v2\/product_brand?post=2420"},{"taxonomy":"product_cat","embeddable":true,"href":"https:\/\/www.andelutech.com\/tr\/wp-json\/wp\/v2\/product_cat?post=2420"},{"taxonomy":"product_tag","embeddable":true,"href":"https:\/\/www.andelutech.com\/tr\/wp-json\/wp\/v2\/product_tag?post=2420"}],"curies":[{"name":"wp","href":"https:\/\/api.w.org\/{rel}","templated":true}]}}