{"id":2417,"date":"2025-05-23T15:12:00","date_gmt":"2025-05-23T07:12:00","guid":{"rendered":"https:\/\/www.andelutech.com\/?post_type=product&#038;p=2417"},"modified":"2026-01-09T14:07:44","modified_gmt":"2026-01-09T06:07:44","slug":"canopen-type-dual-axis-tilt-sensor-3265ca","status":"publish","type":"product","link":"https:\/\/www.andelutech.com\/tr\/product\/canopen-type-dual-axis-tilt-sensor-3265ca\/","title":{"rendered":"AND-TS-3265CA CANopen Type Dual Axis Tilt Sensor"},"content":{"rendered":"","protected":false},"excerpt":{"rendered":"<p><strong><b>Girii\u015f<\/b><\/strong><\/p>\n<p>Ve TS-3265CA Canopen \u00c7\u0131k\u0131\u015f \u00c7ift Eksen Yat\u0131rma Sens\u00f6r\u00fc, end\u00fcstriyel kontrol alan\u0131 i\u00e7in \u00f6zel olarak tasarlanm\u0131\u015ft\u0131r, end\u00fcstriyel standart izolat\u00f6r kullan\u0131larak, yerle\u015fik y\u00fcksek hassasiyetli 16bit A \/D diferansiyel d\u00f6n\u00fc\u015ft\u00fcr\u00fcc\u00fc, n-sipari\u015f filtreleme algoritmas\u0131 yoluyla, bu nedenle\u00a0<a href=\"https:\/\/www.ericcointernational.com\/inclinomter\/\">sens\u00f6r<\/a>\u00a0yatay d\u00fczlem e\u011fimine ve e\u011fim a\u00e7\u0131s\u0131na g\u00f6re \u00e7\u0131k\u0131\u015f.<\/p>\n<p>\u00dcr\u00fcn, \u00fcr\u00fcn\u00fcn d\u00fc\u015f\u00fck s\u0131cakl\u0131kta veya y\u00fcksek s\u0131cakl\u0131k ortam\u0131nda y\u00fcksek tekrarlanabilirli\u011fini sa\u011flamak i\u00e7in yerle\u015fik s\u0131cakl\u0131k sens\u00f6r\u00fcn\u00fcn de\u011fi\u015fmesine g\u00f6re sens\u00f6r\u00fcn s\u0131cakl\u0131k kaymas\u0131n\u0131 d\u00fczeltebilen yerle\u015fik y\u00fcksek hassas bir s\u0131cakl\u0131k sens\u00f6r\u00fcne sahiptir. \u00c7\u0131kt\u0131 yan\u0131t\u0131 frekans standard\u0131, \u00e7e\u015fitli sert end\u00fcstriyel kontrol ortamlar\u0131 i\u00e7in uygun olan 100Hz'e kadard\u0131r.<\/p>\n<p><strong><b>\u00d6zellikler<\/b><\/strong><\/p>\n<p>\u00c7ift eksen e\u011fim izleme<\/p>\n<p>Tam aral\u0131k do\u011frulu\u011fu 0.01 \u00b0, \u00e7\u00f6z\u00fcn\u00fcrl\u00fck 0.001 \u00b0<\/p>\n<p>\u00c7\u0131k\u0131\u015f frekans\u0131 5 ~ 100Hz (iste\u011fe ba\u011fl\u0131)<\/p>\n<p>Geni\u015f Gerilim Giri\u015fi DC 9 ~ 36V<\/p>\n<p>Geni\u015f S\u0131cakl\u0131k \u00c7al\u0131\u015f\u0131yor -40 ~+85 \u2103<\/p>\n<p>\u00d6l\u00e7\u00fcm aral\u0131\u011f\u0131: 0 ~ \u00b1 90 \u00b0 (iste\u011fe ba\u011fl\u0131)<\/p>\n<p>Y\u00fcksek Titre\u015fim Direnci&gt; 20000g<\/p>\n<p>Baud H\u0131z\u0131 100K ~ 500K BPS<\/p>\n<p>IP67 korumas\u0131<\/p>\n<p>\u00c7\u0131kt\u0131 Canopen<\/p>\n<p>K\u00fc\u00e7\u00fck hacim (90*40*27mm) (\u00f6zelle\u015ftirilebilir)<\/p>","protected":false},"featured_media":3365,"comment_status":"open","ping_status":"closed","template":"","meta":[],"product_brand":[],"product_cat":[24],"product_tag":[],"class_list":{"0":"post-2417","1":"product","2":"type-product","3":"status-publish","4":"has-post-thumbnail","6":"product_cat-tilt-sensor","8":"first","9":"instock","10":"shipping-taxable","11":"product-type-simple"},"_links":{"self":[{"href":"https:\/\/www.andelutech.com\/tr\/wp-json\/wp\/v2\/product\/2417","targetHints":{"allow":["GET"]}}],"collection":[{"href":"https:\/\/www.andelutech.com\/tr\/wp-json\/wp\/v2\/product"}],"about":[{"href":"https:\/\/www.andelutech.com\/tr\/wp-json\/wp\/v2\/types\/product"}],"replies":[{"embeddable":true,"href":"https:\/\/www.andelutech.com\/tr\/wp-json\/wp\/v2\/comments?post=2417"}],"wp:featuredmedia":[{"embeddable":true,"href":"https:\/\/www.andelutech.com\/tr\/wp-json\/wp\/v2\/media\/3365"}],"wp:attachment":[{"href":"https:\/\/www.andelutech.com\/tr\/wp-json\/wp\/v2\/media?parent=2417"}],"wp:term":[{"taxonomy":"product_brand","embeddable":true,"href":"https:\/\/www.andelutech.com\/tr\/wp-json\/wp\/v2\/product_brand?post=2417"},{"taxonomy":"product_cat","embeddable":true,"href":"https:\/\/www.andelutech.com\/tr\/wp-json\/wp\/v2\/product_cat?post=2417"},{"taxonomy":"product_tag","embeddable":true,"href":"https:\/\/www.andelutech.com\/tr\/wp-json\/wp\/v2\/product_tag?post=2417"}],"curies":[{"name":"wp","href":"https:\/\/api.w.org\/{rel}","templated":true}]}}