{"id":2414,"date":"2025-05-23T15:10:38","date_gmt":"2025-05-23T07:10:38","guid":{"rendered":"https:\/\/www.andelutech.com\/?post_type=product&#038;p=2414"},"modified":"2026-03-26T17:51:15","modified_gmt":"2026-03-26T09:51:15","slug":"digital-output-type-2-axis-tilt-sensor3262di","status":"publish","type":"product","link":"https:\/\/www.andelutech.com\/tr\/product\/digital-output-type-2-axis-tilt-sensor3262di\/","title":{"rendered":"AND-TS-3262DI Digital Output Type 2 Axis Tilt Sensor"},"content":{"rendered":"<table width=\"730\">\n<tbody>\n<tr>\n<td width=\"204\">Parametreler<\/td>\n<td width=\"86\">Durum<\/td>\n<td width=\"99\">AND-TM-3262DL10<\/td>\n<td width=\"100\">AND-TM-3262DL30<\/td>\n<td width=\"97\">AND-TM-3262D-60<\/td>\n<td width=\"98\">AND-TM-3262DI90<\/td>\n<td width=\"43\">Birim<\/td>\n<\/tr>\n<tr>\n<td width=\"204\">\u00d6l\u00e7\u00fcm aral\u0131\u011f\u0131<\/td>\n<td width=\"86\">\/<\/td>\n<td width=\"99\">\u00b1 10<\/td>\n<td width=\"100\">\u00b1 30<\/td>\n<td width=\"97\">\u00b160<\/td>\n<td width=\"98\">\u00b190<\/td>\n<td width=\"43\">\u3002<\/td>\n<\/tr>\n<tr>\n<td width=\"204\">Measurement axis<\/td>\n<td width=\"86\">1<\/td>\n<td width=\"99\">X,Yaxis<\/td>\n<td width=\"100\">X,Yaxis<\/td>\n<td width=\"97\">X,Yaxis<\/td>\n<td width=\"98\">X,Yaxs<\/td>\n<td width=\"43\">\/<\/td>\n<\/tr>\n<tr>\n<td width=\"204\">S\u0131f\u0131r s\u0131cakl\u0131k s\u00fcr\u00fcklenmesi<\/td>\n<td width=\"86\">-40 \uff5e 85 \u00b0<\/td>\n<td width=\"99\">\u00b10.008<\/td>\n<td width=\"100\">\u00b10.008<\/td>\n<td width=\"97\">\u00b10.008<\/td>\n<td width=\"98\">\u00b10.008<\/td>\n<td width=\"43\">rC<\/td>\n<\/tr>\n<tr>\n<td width=\"204\">Duyarl\u0131l\u0131k s\u0131cakl\u0131\u011f\u0131 katsay\u0131s\u0131<\/td>\n<td width=\"86\">40\uff5e85\u00b0<\/td>\n<td width=\"99\">\u2264100<\/td>\n<td width=\"100\">\u2264100<\/td>\n<td width=\"97\">\u2264100<\/td>\n<td width=\"98\">\u2264100<\/td>\n<td width=\"43\">ppm \/ C<\/td>\n<\/tr>\n<tr>\n<td width=\"204\">Frekans yan\u0131t\u0131<\/td>\n<td width=\"86\">DC yan\u0131t\u0131<\/td>\n<td width=\"99\">100<\/td>\n<td width=\"100\">100<\/td>\n<td width=\"97\">100<\/td>\n<td width=\"98\">100<\/td>\n<td width=\"43\">Hz<\/td>\n<\/tr>\n<tr>\n<td width=\"204\">\u00c7\u00f6z\u00fcn\u00fcrl\u00fck<\/td>\n<td width=\"86\">\/<\/td>\n<td width=\"99\">0.005<\/td>\n<td width=\"100\">0.005<\/td>\n<td width=\"97\">0.005<\/td>\n<td width=\"98\">0.005<\/td>\n<td width=\"43\">\u3002<\/td>\n<\/tr>\n<tr>\n<td width=\"204\">Kesinlik<\/td>\n<td width=\"86\">40\uff5e85\u2103<\/td>\n<td width=\"99\">0.02<\/td>\n<td width=\"100\">0.03<\/td>\n<td width=\"97\">0.04<\/td>\n<td width=\"98\">0.05<\/td>\n<td width=\"43\">\u3002<\/td>\n<\/tr>\n<tr>\n<td width=\"204\">Uzun vadeli istikrar<\/td>\n<td width=\"86\">40\uff5e85\u2103<\/td>\n<td width=\"99\">&lt;0.023<\/td>\n<td width=\"100\">&lt;0.035<\/td>\n<td width=\"97\">&lt;0.045<\/td>\n<td width=\"98\">&lt;0.054<\/td>\n<td width=\"43\">\u3002<\/td>\n<\/tr>\n<tr>\n<td width=\"204\">Power onstart time<\/td>\n<td width=\"86\">\/<\/td>\n<td width=\"99\">0.2<\/td>\n<td width=\"100\">0.2<\/td>\n<td width=\"97\">0.2<\/td>\n<td width=\"98\">0.2<\/td>\n<td width=\"43\">s<\/td>\n<\/tr>\n<tr>\n<td width=\"204\">Yan\u0131t S\u00fcresi<\/td>\n<td width=\"86\">\/<\/td>\n<td width=\"99\">0.01<\/td>\n<td width=\"100\">0.01<\/td>\n<td width=\"97\">0.01<\/td>\n<td width=\"98\">0.01<\/td>\n<td width=\"43\">S<\/td>\n<\/tr>\n<tr>\n<td width=\"204\">Rate<\/td>\n<td colspan=\"6\" width=\"525\">5Hzoutput\u300115Hz\u300135Hz\u300150Hz canbe set(RS485 without this function)<\/td>\n<\/tr>\n<tr>\n<td width=\"204\">\u00c7\u0131k\u0131\u015f sinyali<\/td>\n<td colspan=\"6\" width=\"525\">RS232\/RS485\/RS422\/TTL\/PWM\/CAN\/MODBUS<\/td>\n<\/tr>\n<tr>\n<td width=\"204\">Ortalama \u00e7al\u0131\u015fma s\u00fcresi<\/td>\n<td colspan=\"6\" width=\"525\">\u226545000 hours\/time<\/td>\n<\/tr>\n<tr>\n<td width=\"204\">mpact resistant<\/td>\n<td colspan=\"6\" width=\"525\">20000g,0.5ms,3 times\/axis<\/td>\n<\/tr>\n<tr>\n<td width=\"204\">\u015eok diren\u00e7li<\/td>\n<td colspan=\"6\" width=\"525\">10grms,10~1000Hz<\/td>\n<\/tr>\n<tr>\n<td width=\"204\">nsulation resistance<\/td>\n<td colspan=\"6\" width=\"525\">\u2265100MQ<\/td>\n<\/tr>\n<tr>\n<td width=\"204\">Su ge\u00e7irmez seviye<\/td>\n<td colspan=\"6\" width=\"525\">IP67<\/td>\n<\/tr>\n<tr>\n<td width=\"204\">Kablo<\/td>\n<td colspan=\"6\" width=\"525\">Standard 1.5m length,wear resistance,oil proof,wide temperature,shielding cable 4*0.3mm2<\/td>\n<\/tr>\n<tr>\n<td width=\"204\">A\u011f\u0131rl\u0131k<\/td>\n<td colspan=\"6\" width=\"525\">10g(excluding boxes)<\/td>\n<\/tr>\n<\/tbody>\n<\/table>","protected":false},"excerpt":{"rendered":"<p><strong><b>Girii\u015f<\/b><\/strong><\/p>\n<p>Ve-TS-3262DI, MEMS teknolojisi ve end\u00fcstriyel kontrol alan\u0131 i\u00e7in tasarlanm\u0131\u015f MEMS teknolojisi ve dijital \u00e7\u0131k\u0131\u015fl\u0131 bir seri \u00e7ift eksenli e\u011fimdir, {\/D diferansiyel konvert\u00f6r, n filtre algoritmas\u0131 yoluyla, horizon yorumu ile ili\u015fkili olan n filtreleme algoritmas\u0131 ile, horizon \u00e7\u0131k\u0131\u015f\u0131n\u0131n a\u00e7\u0131s\u0131n\u0131 ve horoz \u00e7\u0131k\u0131\u015f\u0131n\u0131n ba\u011fl\u0131l\u0131\u011f\u0131yla ili\u015fkili a\u00e7\u0131y\u0131 \u00f6l\u00e7ebilmi\u015ftir. \u00c7\u0131k\u0131\u015f aray\u00fcz\u00fc, aralar\u0131ndan se\u00e7im yapabilece\u011finiz RS485, RS232, RS422, TTL, CAN, MODBUS'a sahiptir.<\/p>\n<p>\u00dcr\u00fcn, \u00fcr\u00fcn\u00fcn d\u00fc\u015f\u00fck ve y\u00fcksek s\u0131cakl\u0131k ortamlar\u0131nda tekrarlanabilirli\u011fini sa\u011flamak i\u00e7in yerle\u015fik s\u0131cakl\u0131k sens\u00f6r\u00fcn\u00fcn izleme s\u0131cakl\u0131k de\u011fi\u015fimine g\u00f6re sens\u00f6r\u00fcn s\u0131cakl\u0131k kaymas\u0131n\u0131 d\u00fczeltebilen y\u00fcksek hassas bir dijital sens\u00f6r ile donat\u0131lm\u0131\u015ft\u0131r. \u00c7\u0131kt\u0131 kar\u015f\u0131l\u0131k gelen frekans, g\u00fcvenilir ve istikrarl\u0131 performans, iyi \u00f6l\u00e7eklenebilirlik ve \u00e7e\u015fitli \u00e7\u0131k\u0131\u015f se\u00e7eneklerine sahip ger\u00e7ek bir end\u00fcstriyel \u00fcr\u00fcn olan 100Hz'dir, bu da onu \u00e7e\u015fitli end\u00fcstriyel kontrol ortamlar\u0131 i\u00e7in uygun hale getirir.<\/p>\n<p><strong><b>\u00d6zellikler<\/b><\/strong><\/p>\n<p>\u00c7ift eksen e\u011fim izleme<\/p>\n<p>Tam aral\u0131k do\u011frulu\u011fu 0.02 \u00b0, \u00e7\u00f6z\u00fcn\u00fcrl\u00fck 0.005 \u00b0<\/p>\n<p>\u00c7\u0131k\u0131\u015f frekans\u0131 5 ~ 100Hz (iste\u011fe ba\u011fl\u0131)<\/p>\n<p>Geni\u015f Gerilim Giri\u015fi DC 9 \uff5e 36V<\/p>\n<p>Geni\u015f S\u0131cakl\u0131k \u00c7al\u0131\u015f\u0131yor -40 ~+85 \u2103<\/p>\n<p>\u00d6l\u00e7\u00fcm aral\u0131\u011f\u0131: 0 ~ \u00b1 90 \u00b0 (iste\u011fe ba\u011fl\u0131)<\/p>\n<p>Y\u00fcksek Titre\u015fim Direnci&gt; 20000g<\/p>\n<p>Baud H\u0131z\u0131 2400 ~ 115200 (ayarlanabilir)<\/p>\n<p>IP67 korumas\u0131<\/p>\n<p>RS232 \/RS485\/TTL\/MODBUS (iste\u011fe ba\u011fl\u0131) \u00e7\u0131kt\u0131 yapabilir<\/p>\n<p>K\u00fc\u00e7\u00fck hacim (46*35*8mm) \u00f6zelle\u015ftirilebilir<\/p>\n<p><strong><b>Ba\u015fvuru<\/b><\/strong><\/p>\n<p>Y\u00fcksek voltajl\u0131 tel kulesi kutup izleme<\/p>\n<p>uydu g\u00fcne\u015f anten konumland\u0131rma<\/p>\n<p>AGV arabas\u0131<\/p>\n<p>Madencilik Makineleri, Petrol G\u00fcnl\u00fc\u011f\u00fc Ekipmanlar\u0131<\/p>\n<p>T\u0131bbi ekipman<\/p>\n<p>E\u011fim seviyesi<\/p>\n<p>Hidrolik kald\u0131rma platformu<\/p>\n<p>E\u011fim izleme<\/p>\n<p>\u00c7e\u015fitli in\u015faat makinelerinin a\u00e7\u0131 kontrol\u00fc<\/p>\n<p>K\u00f6pr\u00fc ve barajlar\u0131n denetimi<\/p>","protected":false},"featured_media":2415,"comment_status":"open","ping_status":"closed","template":"","meta":[],"product_brand":[],"product_cat":[24],"product_tag":[],"class_list":{"0":"post-2414","1":"product","2":"type-product","3":"status-publish","4":"has-post-thumbnail","6":"product_cat-tilt-sensor","8":"first","9":"instock","10":"shipping-taxable","11":"product-type-simple"},"_links":{"self":[{"href":"https:\/\/www.andelutech.com\/tr\/wp-json\/wp\/v2\/product\/2414","targetHints":{"allow":["GET"]}}],"collection":[{"href":"https:\/\/www.andelutech.com\/tr\/wp-json\/wp\/v2\/product"}],"about":[{"href":"https:\/\/www.andelutech.com\/tr\/wp-json\/wp\/v2\/types\/product"}],"replies":[{"embeddable":true,"href":"https:\/\/www.andelutech.com\/tr\/wp-json\/wp\/v2\/comments?post=2414"}],"wp:featuredmedia":[{"embeddable":true,"href":"https:\/\/www.andelutech.com\/tr\/wp-json\/wp\/v2\/media\/2415"}],"wp:attachment":[{"href":"https:\/\/www.andelutech.com\/tr\/wp-json\/wp\/v2\/media?parent=2414"}],"wp:term":[{"taxonomy":"product_brand","embeddable":true,"href":"https:\/\/www.andelutech.com\/tr\/wp-json\/wp\/v2\/product_brand?post=2414"},{"taxonomy":"product_cat","embeddable":true,"href":"https:\/\/www.andelutech.com\/tr\/wp-json\/wp\/v2\/product_cat?post=2414"},{"taxonomy":"product_tag","embeddable":true,"href":"https:\/\/www.andelutech.com\/tr\/wp-json\/wp\/v2\/product_tag?post=2414"}],"curies":[{"name":"wp","href":"https:\/\/api.w.org\/{rel}","templated":true}]}}