{"id":2411,"date":"2025-05-23T15:08:59","date_gmt":"2025-05-23T07:08:59","guid":{"rendered":"https:\/\/www.andelutech.com\/?post_type=product&#038;p=2411"},"modified":"2026-03-26T17:49:11","modified_gmt":"2026-03-26T09:49:11","slug":"digital-type-single-axis-tilt-sensor-3166di","status":"publish","type":"product","link":"https:\/\/www.andelutech.com\/tr\/product\/digital-type-single-axis-tilt-sensor-3166di\/","title":{"rendered":"AND-TS-3166DI Digital Type Single Axis Tilt Sensor"},"content":{"rendered":"","protected":false},"excerpt":{"rendered":"<p><strong><b>Girii\u015f<\/b><\/strong><\/p>\n<p>Ve TS-3166DI dijital tek eksenli e\u011fim \u00f6l\u00e7er end\u00fcstriyel alan kontrol alan\u0131 i\u00e7in tasarlanm\u0131\u015ft\u0131r. Sens\u00f6r \u00e7\u0131k\u0131\u015f\u0131n\u0131n yatay d\u00fczleme g\u00f6re e\u011fim ve e\u011fim a\u00e7\u0131s\u0131n\u0131 \u00f6l\u00e7mek i\u00e7in yerle\u015fik y\u00fcksek hassasiyetli 16bit A \/D d\u00f6n\u00fc\u015ft\u00fcr\u00fcc\u00fcye ve bir N dereceli filtreleme algoritmas\u0131na sahiptir. \u00c7\u0131k\u0131\u015f aray\u00fczleri RS232, RS485, RS422, TTL, PWM, CAN, MODBUS veri yolu se\u00e7im i\u00e7in kullan\u0131labilir.<\/p>\n<p>\u00dcr\u00fcn, ADI \u015firketinden, \u00fcr\u00fcn\u00fcn d\u00fc\u015f\u00fck ve y\u00fcksek s\u0131cakl\u0131k ortamlar\u0131nda tekrarlanabilirli\u011fini sa\u011flamak i\u00e7in yerle\u015fik s\u0131cakl\u0131k sens\u00f6r\u00fcn\u00fcn izleme s\u0131cakl\u0131k de\u011fi\u015fimine g\u00f6re sens\u00f6r\u00fcn s\u0131cakl\u0131k kaymas\u0131n\u0131 d\u00fczeltebilen y\u00fcksek hassas bir dijital sens\u00f6r ile donat\u0131lm\u0131\u015ft\u0131r. Kar\u015f\u0131l\u0131k gelen \u00e7\u0131k\u0131\u015f frekans\u0131 100Hz'dir. Bitmi\u015f \u00fcr\u00fcn g\u00fcvenilir ve istikrarl\u0131 bir performansa, iyi \u00f6l\u00e7eklenebilirli\u011fe ve \u00e7e\u015fitli end\u00fcstriyel kontrol ortamlar\u0131 i\u00e7in uygun \u00e7e\u015fitli \u00e7\u0131k\u0131\u015f se\u00e7eneklerine sahiptir.<\/p>\n<p><strong><b>\u00d6zellikler<\/b><\/strong><\/p>\n<p>Tek eksenli e\u011fim izleme<\/p>\n<p>Tam aral\u0131k do\u011frulu\u011fu 0.01 \u00b0, \u00e7\u00f6z\u00fcn\u00fcrl\u00fck 0.001 \u00b0<\/p>\n<p>\u00c7\u0131k\u0131\u015f frekans\u0131 5 ~ 100Hz (iste\u011fe ba\u011fl\u0131)<\/p>\n<p>Geni\u015f Gerilim Giri\u015fi DC 9 ~ 36V<\/p>\n<p>Geni\u015f S\u0131cakl\u0131k \u00c7al\u0131\u015f\u0131yor -40 ~+85 \u2103<\/p>\n<p>\u00d6l\u00e7\u00fcm aral\u0131\u011f\u0131: 0 ~ \u00b1 90 \u00b0 (iste\u011fe ba\u011fl\u0131)<\/p>\n<p>Y\u00fcksek Titre\u015fim Direnci&gt; 20000g<\/p>\n<p>Baud H\u0131z\u0131 2400 ~ 115200 (ayarlanabilir)<\/p>\n<p>IP67 korumas\u0131<\/p>\n<p>\u00c7\u0131k\u0131\u015f RS232 \/RS485\/TTL\/MODBUS (iste\u011fe ba\u011fl\u0131)<\/p>\n<p>K\u00fc\u00e7\u00fck hacim (90*40*27mm) (\u00f6zelle\u015ftirilebilir)<\/p>\n<p><strong><b>Ba\u015fvuru<\/b><\/strong><\/p>\n<p>Y\u00fcksek voltajl\u0131 tel kulesi kutup izleme<\/p>\n<p>Uydu g\u00fcne\u015f anten konumland\u0131rma<\/p>\n<p>AGV arabas\u0131<\/p>\n<p>Madencilik Makineleri, Petrol G\u00fcnl\u00fc\u011f\u00fc Ekipmanlar\u0131<\/p>\n<p>T\u0131bbi ekipman<\/p>\n<p>E\u011fim seviyesi<\/p>\n<p>Hidrolik kald\u0131rma platformu<\/p>\n<p>E\u011fim izleme<\/p>\n<p>\u00c7e\u015fitli in\u015faat makinelerinin a\u00e7\u0131 kontrol\u00fc<\/p>\n<p>K\u00f6pr\u00fc ve barajlar\u0131n denetimi<\/p>","protected":false},"featured_media":3366,"comment_status":"open","ping_status":"closed","template":"","meta":[],"product_brand":[],"product_cat":[24],"product_tag":[],"class_list":{"0":"post-2411","1":"product","2":"type-product","3":"status-publish","4":"has-post-thumbnail","6":"product_cat-tilt-sensor","8":"first","9":"instock","10":"shipping-taxable","11":"product-type-simple"},"_links":{"self":[{"href":"https:\/\/www.andelutech.com\/tr\/wp-json\/wp\/v2\/product\/2411","targetHints":{"allow":["GET"]}}],"collection":[{"href":"https:\/\/www.andelutech.com\/tr\/wp-json\/wp\/v2\/product"}],"about":[{"href":"https:\/\/www.andelutech.com\/tr\/wp-json\/wp\/v2\/types\/product"}],"replies":[{"embeddable":true,"href":"https:\/\/www.andelutech.com\/tr\/wp-json\/wp\/v2\/comments?post=2411"}],"wp:featuredmedia":[{"embeddable":true,"href":"https:\/\/www.andelutech.com\/tr\/wp-json\/wp\/v2\/media\/3366"}],"wp:attachment":[{"href":"https:\/\/www.andelutech.com\/tr\/wp-json\/wp\/v2\/media?parent=2411"}],"wp:term":[{"taxonomy":"product_brand","embeddable":true,"href":"https:\/\/www.andelutech.com\/tr\/wp-json\/wp\/v2\/product_brand?post=2411"},{"taxonomy":"product_cat","embeddable":true,"href":"https:\/\/www.andelutech.com\/tr\/wp-json\/wp\/v2\/product_cat?post=2411"},{"taxonomy":"product_tag","embeddable":true,"href":"https:\/\/www.andelutech.com\/tr\/wp-json\/wp\/v2\/product_tag?post=2411"}],"curies":[{"name":"wp","href":"https:\/\/api.w.org\/{rel}","templated":true}]}}