{"id":2405,"date":"2025-05-23T15:06:02","date_gmt":"2025-05-23T07:06:02","guid":{"rendered":"https:\/\/www.andelutech.com\/?post_type=product&#038;p=2405"},"modified":"2026-01-09T14:18:39","modified_gmt":"2026-01-09T06:18:39","slug":"high-precision-current-output-type-single-axis-tilt-sensor-3168cu","status":"publish","type":"product","link":"https:\/\/www.andelutech.com\/tr\/product\/high-precision-current-output-type-single-axis-tilt-sensor-3168cu\/","title":{"rendered":"AND-TS-3168CU High Precision Current Output Type Single Axis Tilt Sensor"},"content":{"rendered":"<h3><span style=\"color: #000000;\">\u00d6zellikler<\/span><\/h3>\n<p>Tek eksenli e\u011fim izleme<\/p>\n<p>Tam aral\u0131k do\u011frulu\u011fu 0.01 \u00b0, \u00e7\u00f6z\u00fcn\u00fcrl\u00fck 0.001 \u00b0<\/p>\n<p>\u00c7\u0131k\u0131\u015f 4 ~ 20mA, 0 ~ 20mA, 0 ~ 24mma (iste\u011fe ba\u011fl\u0131)<\/p>\n<p>Geni\u015f Gerilim Giri\u015fi DC 9 ~ 36V<\/p>\n<p>Geni\u015f S\u0131cakl\u0131k \u00c7al\u0131\u015f\u0131yor -40 ~+85 \u2103<\/p>\n<p>\u00d6l\u00e7\u00fcm aral\u0131\u011f\u0131: 0 ~ \u00b1 90 \u00b0 (iste\u011fe ba\u011fl\u0131)<\/p>\n<p>Y\u00fcksek Titre\u015fim Direnci&gt; 20000g<\/p>\n<p>IP67 korumas\u0131<\/p>\n<p>Ayn\u0131 anda Rs232 \u00e7\u0131kt\u0131 yapabilir<\/p>\n<p>K\u00fc\u00e7\u00fck hacim (90*40*27mm) (\u00f6zelle\u015ftirilebilir)<\/p>\n<p>&nbsp;<\/p>\n<h3><span style=\"color: #000000;\">Ba\u015fvuru<\/span><\/h3>\n<p>Demiryolu Gauge Cetvel, Gauge Enstr\u00fcman<\/p>\n<p>Uydu g\u00fcne\u015f anten konumland\u0131rma<\/p>\n<p>Y\u00fcksek irtifa \u00e7al\u0131\u015fan arac\u0131<\/p>\n<p>E\u011fim seviyesi<\/p>\n<p>Hidrolik kald\u0131rma platformu<\/p>\n<p>E\u011fim izleme<\/p>\n<p>\u00c7e\u015fitli in\u015faat makinelerinin a\u00e7\u0131 kontrol\u00fc<\/p>\n<p>K\u00f6pr\u00fc ve barajlar\u0131n denetimi<\/p>\n<p>E\u011fim \u00f6l\u00e7\u00fcm\u00fc<\/p>","protected":false},"excerpt":{"rendered":"<p>Ve TS-3168CU Ak\u0131m tek eksenli e\u011fimometre, standart bir end\u00fcstriyel \u00e7ift eksenli ak\u0131m \u00e7\u0131k\u0131\u015f tek eksenli e\u011fim sens\u00f6r\u00fcd\u00fcr. Standart ak\u0131m 4-20mA, 0-20mA, 0-24mA'd\u0131r (iste\u011fe ba\u011fl\u0131) ve 2000 metre uzakl\u0131ktaki iletilebilir.<\/p>\n<p>E\u011fim sens\u00f6r\u00fc, s\u0131cakl\u0131k hatas\u0131n\u0131 ve do\u011frusal hatay\u0131 do\u011fru bir \u015fekilde telafi edebilen ve d\u00fczeltebilen MEMS alg\u0131lama i\u015flemini benimser. Y\u00fcksek hassasiyet, k\u00fc\u00e7\u00fck boyut, y\u00fcksek ambalaj i\u015flemi, g\u00fc\u00e7l\u00fc \u015fok ve titre\u015fim direnci, yerle\u015fik radyo frekans\u0131, anti-elektromanyetik giri\u015fim devresi \u00f6zelliklerine sahiptir ve \u00f6zellikle yeralt\u0131 \u00e7ukursuz makineler gibi sert end\u00fcstriyel ortamlardaki uygulamalar i\u00e7in uygundur.<\/p>","protected":false},"featured_media":3350,"comment_status":"open","ping_status":"closed","template":"","meta":[],"product_brand":[],"product_cat":[24],"product_tag":[],"class_list":{"0":"post-2405","1":"product","2":"type-product","3":"status-publish","4":"has-post-thumbnail","6":"product_cat-tilt-sensor","8":"first","9":"instock","10":"shipping-taxable","11":"product-type-simple"},"_links":{"self":[{"href":"https:\/\/www.andelutech.com\/tr\/wp-json\/wp\/v2\/product\/2405","targetHints":{"allow":["GET"]}}],"collection":[{"href":"https:\/\/www.andelutech.com\/tr\/wp-json\/wp\/v2\/product"}],"about":[{"href":"https:\/\/www.andelutech.com\/tr\/wp-json\/wp\/v2\/types\/product"}],"replies":[{"embeddable":true,"href":"https:\/\/www.andelutech.com\/tr\/wp-json\/wp\/v2\/comments?post=2405"}],"wp:featuredmedia":[{"embeddable":true,"href":"https:\/\/www.andelutech.com\/tr\/wp-json\/wp\/v2\/media\/3350"}],"wp:attachment":[{"href":"https:\/\/www.andelutech.com\/tr\/wp-json\/wp\/v2\/media?parent=2405"}],"wp:term":[{"taxonomy":"product_brand","embeddable":true,"href":"https:\/\/www.andelutech.com\/tr\/wp-json\/wp\/v2\/product_brand?post=2405"},{"taxonomy":"product_cat","embeddable":true,"href":"https:\/\/www.andelutech.com\/tr\/wp-json\/wp\/v2\/product_cat?post=2405"},{"taxonomy":"product_tag","embeddable":true,"href":"https:\/\/www.andelutech.com\/tr\/wp-json\/wp\/v2\/product_tag?post=2405"}],"curies":[{"name":"wp","href":"https:\/\/api.w.org\/{rel}","templated":true}]}}