{"id":2395,"date":"2025-05-23T15:00:00","date_gmt":"2025-05-23T07:00:00","guid":{"rendered":"https:\/\/www.andelutech.com\/?post_type=product&#038;p=2395"},"modified":"2026-01-09T14:26:10","modified_gmt":"2026-01-09T06:26:10","slug":"high-precision-two-axis-tilt-sensor-current-output-2288cu","status":"publish","type":"product","link":"https:\/\/www.andelutech.com\/tr\/product\/high-precision-two-axis-tilt-sensor-current-output-2288cu\/","title":{"rendered":"AND-TM-2288CU High Precision Two Axis Tilt Sensor Current Output"},"content":{"rendered":"","protected":false},"excerpt":{"rendered":"<p><strong><b>Girii\u015f<\/b><\/strong><\/p>\n<p>Standart bir end\u00fcstriyel y\u00fcksek hassasiyetli ak\u0131m \u00e7\u0131k\u0131\u015f \u00e7ift eksenli e\u011fim sens\u00f6r\u00fcd\u00fcr. Standart ak\u0131m 4-20mA, 0-20mA ve 0-24mA'dan se\u00e7ilebilir. Rs232 \u00fczerinden \u00e7\u0131kabilir ve 2000 metre mesafeden iletilebilir. Operat\u00f6r\u00fcn, nesnenin ge\u00e7erli e\u011fim a\u00e7\u0131s\u0131n\u0131 hesaplamak i\u00e7in sadece sens\u00f6r\u00fcn voltaj de\u011ferini toplamas\u0131 gerekir. Yerle\u015fik (MEM'ler) kat\u0131 sarka\u00e7, statik yer\u00e7ekimi alan\u0131n\u0131n de\u011fi\u015fimini \u00f6l\u00e7erek e\u011fim a\u00e7\u0131s\u0131n\u0131n de\u011fi\u015fmesine d\u00f6n\u00fc\u015ft\u00fcr\u00fclebilir.<\/p>\n<p>\u00dcr\u00fcn, s\u0131cakl\u0131k hatalar\u0131n\u0131 ve do\u011frusal hatalar\u0131 do\u011fru bir \u015fekilde telafi edebilen ve d\u00fczeltebilen MEMS sens\u00f6r \u00fcretim teknolojisini benimser. Y\u00fcksek do\u011fruluk, k\u00fc\u00e7\u00fck boyut, y\u00fcksek ambalaj teknolojisi, g\u00fc\u00e7l\u00fc titre\u015fim direnci, yerle\u015fik radyo kar\u015f\u0131t\u0131 frekans ve anti-elektromanyetik giri\u015fim devre \u00f6zelliklerine sahiptir, \u00f6zellikle de tutu\u015fsuz makineler gibi sert end\u00fcstriyel ortamlarda yeralt\u0131 uygulamalar\u0131 i\u00e7in uygundur.<\/p>\n<p><strong><b>\u00d6zellikler<\/b><\/strong><\/p>\n<p>\u0130ki eksenli e\u011fim izleme<\/p>\n<p>Tam aral\u0131k do\u011frulu\u011fu 0.005 \u00b0, \u00e7\u00f6z\u00fcn\u00fcrl\u00fck 0.0007 \u00b0<\/p>\n<p>\u00c7\u0131k\u0131\u015f 4 ~ 20mA, 0 ~ 20mA, 0 ~ 24mma (iste\u011fe ba\u011fl\u0131)<\/p>\n<p>Geni\u015f voltaj giri\u015fi DC 11 ~ 36V<\/p>\n<p>Geni\u015f S\u0131cakl\u0131k \u00c7al\u0131\u015f\u0131yor -40 ~+85 \u2103<\/p>\n<p>Aral\u0131k 0 ~ \u00b1 5 \/\u00b110\/\u00b115\/\u00b130\u00b0 (iste\u011fe ba\u011fl\u0131)<\/p>\n<p>Y\u00fcksek Titre\u015fim Direnci&gt; 20000g<\/p>\n<p>IP67 korumas\u0131<\/p>\n<p>Ayn\u0131 anda Rs232 \u00e7\u0131kt\u0131 yapabilir<\/p>\n<p>Cilt (107*55*27mm) (\u00f6zelle\u015ftirilebilir)<\/p>\n<p><strong><b>Ba\u015fvuru<\/b><\/strong><\/p>\n<p>Demiryolu Gauge Cetvel, Gauge Enstr\u00fcman<\/p>\n<p>Uydu g\u00fcne\u015f anten konumland\u0131rma<\/p>\n<p>Y\u00fcksek irtifa i\u015f arac\u0131<\/p>\n<p>Madencilik Makineleri, Petrol G\u00fcnl\u00fc\u011f\u00fc Ekipmanlar\u0131<\/p>\n<p>T\u0131bbi ekipman<\/p>\n<p>Hidrolik kald\u0131rma platformu<\/p>\n<p>E\u011fim izleme<\/p>\n<p>\u00c7e\u015fitli in\u015faat makinelerinin a\u00e7\u0131 kontrol\u00fc<\/p>\n<p>K\u00f6pr\u00fc ve barajlar\u0131n denetimi<\/p>","protected":false},"featured_media":3354,"comment_status":"open","ping_status":"closed","template":"","meta":[],"product_brand":[],"product_cat":[24],"product_tag":[],"class_list":{"0":"post-2395","1":"product","2":"type-product","3":"status-publish","4":"has-post-thumbnail","6":"product_cat-tilt-sensor","8":"first","9":"instock","10":"shipping-taxable","11":"product-type-simple"},"_links":{"self":[{"href":"https:\/\/www.andelutech.com\/tr\/wp-json\/wp\/v2\/product\/2395","targetHints":{"allow":["GET"]}}],"collection":[{"href":"https:\/\/www.andelutech.com\/tr\/wp-json\/wp\/v2\/product"}],"about":[{"href":"https:\/\/www.andelutech.com\/tr\/wp-json\/wp\/v2\/types\/product"}],"replies":[{"embeddable":true,"href":"https:\/\/www.andelutech.com\/tr\/wp-json\/wp\/v2\/comments?post=2395"}],"wp:featuredmedia":[{"embeddable":true,"href":"https:\/\/www.andelutech.com\/tr\/wp-json\/wp\/v2\/media\/3354"}],"wp:attachment":[{"href":"https:\/\/www.andelutech.com\/tr\/wp-json\/wp\/v2\/media?parent=2395"}],"wp:term":[{"taxonomy":"product_brand","embeddable":true,"href":"https:\/\/www.andelutech.com\/tr\/wp-json\/wp\/v2\/product_brand?post=2395"},{"taxonomy":"product_cat","embeddable":true,"href":"https:\/\/www.andelutech.com\/tr\/wp-json\/wp\/v2\/product_cat?post=2395"},{"taxonomy":"product_tag","embeddable":true,"href":"https:\/\/www.andelutech.com\/tr\/wp-json\/wp\/v2\/product_tag?post=2395"}],"curies":[{"name":"wp","href":"https:\/\/api.w.org\/{rel}","templated":true}]}}